{"id":642,"date":"2017-04-20T11:01:26","date_gmt":"2017-04-20T09:01:26","guid":{"rendered":"https:\/\/www.andbank.com\/andorra\/?page_id=642\/"},"modified":"2023-06-21T20:15:18","modified_gmt":"2023-06-21T18:15:18","slug":"dial-andbank","status":"publish","type":"page","link":"https:\/\/pre.andbank.com\/andorra\/sobre-nosotros\/banca-a-distancia\/dial-andbank\/","title":{"rendered":"Dial Andbank"},"content":{"rendered":"<p><strong>Con la respuesta m\u00e1s directa, todas las operaciones financieras con el trato m\u00e1s personal.<\/strong><\/p>\n<ol>\n<li>De lunes a viernes, de 8:45 a 18:00.<\/li>\n<li>Gesti\u00f3n de cuentas: transferencias, traspasos, consultas, etc.<\/li>\n<li>Consulta de pr\u00e9stamos y cr\u00e9ditos.<\/li>\n<li>Inversiones: informaci\u00f3n de los mercados. (\u00edndices, divisas, valores&#8230;)<\/li>\n<li>Tarjetas: consulta de movimientos y solicitudes de extractos.<\/li>\n<li>Operaciones de compra y venta de valores y productos de inversi\u00f3n.<\/li>\n<li>Domiciliaci\u00f3n de recibos.<\/li>\n<\/ol>\n<h1>Dial andbank: +376 873 300<\/h1>\n","protected":false},"excerpt":{"rendered":"<p>S\u00f3lo con una llamada, disponga de todo un equipo de expertos gestores que est\u00e1n a su disposici\u00f3n por v\u00eda telef\u00f3nica<\/p>\n","protected":false},"author":18,"featured_media":780,"parent":638,"menu_order":49,"comment_status":"closed","ping_status":"closed","template":"template-detail.php","meta":{"footnotes":""},"yst_prominent_words":[5527,2913,1848],"class_list":["post-642","page","type-page","status-publish","has-post-thumbnail","hentry"],"acf":[],"_links":{"self":[{"href":"https:\/\/pre.andbank.com\/andorra\/wp-json\/wp\/v2\/pages\/642"}],"collection":[{"href":"https:\/\/pre.andbank.com\/andorra\/wp-json\/wp\/v2\/pages"}],"about":[{"href":"https:\/\/pre.andbank.com\/andorra\/wp-json\/wp\/v2\/types\/page"}],"author":[{"embeddable":true,"href":"https:\/\/pre.andbank.com\/andorra\/wp-json\/wp\/v2\/users\/18"}],"replies":[{"embeddable":true,"href":"https:\/\/pre.andbank.com\/andorra\/wp-json\/wp\/v2\/comments?post=642"}],"version-history":[{"count":1,"href":"https:\/\/pre.andbank.com\/andorra\/wp-json\/wp\/v2\/pages\/642\/revisions"}],"predecessor-version":[{"id":25134,"href":"https:\/\/pre.andbank.com\/andorra\/wp-json\/wp\/v2\/pages\/642\/revisions\/25134"}],"up":[{"embeddable":true,"href":"https:\/\/pre.andbank.com\/andorra\/wp-json\/wp\/v2\/pages\/638"}],"wp:featuredmedia":[{"embeddable":true,"href":"https:\/\/pre.andbank.com\/andorra\/wp-json\/wp\/v2\/media\/780"}],"wp:attachment":[{"href":"https:\/\/pre.andbank.com\/andorra\/wp-json\/wp\/v2\/media?parent=642"}],"wp:term":[{"taxonomy":"yst_prominent_words","embeddable":true,"href":"https:\/\/pre.andbank.com\/andorra\/wp-json\/wp\/v2\/yst_prominent_words?post=642"}],"curies":[{"name":"wp","href":"https:\/\/api.w.org\/{rel}","templated":true}]}}