{"id":641,"date":"2017-04-20T10:58:19","date_gmt":"2017-04-20T08:58:19","guid":{"rendered":"https:\/\/www.andbank.com\/andorra\/?page_id=641\/"},"modified":"2023-06-21T20:12:38","modified_gmt":"2023-06-21T18:12:38","slug":"e-andbank-empresas","status":"publish","type":"page","link":"https:\/\/pre.andbank.com\/andorra\/sobre-nosotros\/banca-a-distancia\/e-andbank-empresas\/","title":{"rendered":"e-andbank empresas"},"content":{"rendered":"<h2>La gesti\u00f3n de su empresa a domicilio<\/h2>\n<ol>\n<li>Realizar de forma inmediata transferencias nacionales e internacionales, as\u00ed como el pago de sus n\u00f3minas, generaci\u00f3n de remesas de cartera electr\u00f3nica y recibos.<\/li>\n<li>Descargar diariamente en los comercios las operaciones de tarjetas realizadas a trav\u00e9s de sus TPV f\u00edsicos o virtuales.<\/li>\n<li>Descargar diariamente ficheros de extracto de cuentas para integrarlos en los procesos de conciliaci\u00f3n contable.<\/li>\n<li>Determinar qu\u00e9 apoderado de la empresa firma electr\u00f3nicamente, con la funcionalidad de la firma electr\u00f3nica para que los ficheros lleguen al banco.<\/li>\n<li>Podr\u00e1 realizar pagos de cotizaciones a la CASS.<\/li>\n<li>Integrar Andbank empresas en su compa\u00f1\u00eda es muy sencillo y no tiene ning\u00fan coste.<\/li>\n<\/ol>\n<p>Para m\u00e1s informaci\u00f3n puede consultarnos en cualquiera de las oficinas Andbank, en Dial-andbank, +376 873 300 o bien a trav\u00e9s del mail comunicacio@andbank.com.<\/p>\n","protected":false},"excerpt":{"rendered":"<p>Andbank empresas le permite el tratamiento masivo de las operaciones bancarias m\u00e1s habituales, de manera r\u00e1pida y segura<\/p>\n","protected":false},"author":18,"featured_media":777,"parent":638,"menu_order":41,"comment_status":"closed","ping_status":"closed","template":"template-detail.php","meta":{"footnotes":""},"yst_prominent_words":[107,5538,5536,5539,5537,110,5540,792,1156,2905],"class_list":["post-641","page","type-page","status-publish","has-post-thumbnail","hentry"],"acf":[],"_links":{"self":[{"href":"https:\/\/pre.andbank.com\/andorra\/wp-json\/wp\/v2\/pages\/641"}],"collection":[{"href":"https:\/\/pre.andbank.com\/andorra\/wp-json\/wp\/v2\/pages"}],"about":[{"href":"https:\/\/pre.andbank.com\/andorra\/wp-json\/wp\/v2\/types\/page"}],"author":[{"embeddable":true,"href":"https:\/\/pre.andbank.com\/andorra\/wp-json\/wp\/v2\/users\/18"}],"replies":[{"embeddable":true,"href":"https:\/\/pre.andbank.com\/andorra\/wp-json\/wp\/v2\/comments?post=641"}],"version-history":[{"count":1,"href":"https:\/\/pre.andbank.com\/andorra\/wp-json\/wp\/v2\/pages\/641\/revisions"}],"predecessor-version":[{"id":25130,"href":"https:\/\/pre.andbank.com\/andorra\/wp-json\/wp\/v2\/pages\/641\/revisions\/25130"}],"up":[{"embeddable":true,"href":"https:\/\/pre.andbank.com\/andorra\/wp-json\/wp\/v2\/pages\/638"}],"wp:featuredmedia":[{"embeddable":true,"href":"https:\/\/pre.andbank.com\/andorra\/wp-json\/wp\/v2\/media\/777"}],"wp:attachment":[{"href":"https:\/\/pre.andbank.com\/andorra\/wp-json\/wp\/v2\/media?parent=641"}],"wp:term":[{"taxonomy":"yst_prominent_words","embeddable":true,"href":"https:\/\/pre.andbank.com\/andorra\/wp-json\/wp\/v2\/yst_prominent_words?post=641"}],"curies":[{"name":"wp","href":"https:\/\/api.w.org\/{rel}","templated":true}]}}