{"id":640,"date":"2017-04-20T10:56:16","date_gmt":"2017-04-20T08:56:16","guid":{"rendered":"https:\/\/www.andbank.com\/andorra\/?page_id=640\/"},"modified":"2023-03-22T23:39:37","modified_gmt":"2023-03-22T21:39:37","slug":"nuevo-home-banking","status":"publish","type":"page","link":"https:\/\/pre.andbank.com\/andorra\/sobre-nosotros\/banca-a-distancia\/nuevo-home-banking\/","title":{"rendered":"Home Banking"},"content":{"rendered":"<h3>Tenemos la banca online m\u00e1s intuitiva, \u00e1gil y segura. Disfrutar\u00e1 de las mejores funcionalidades, para que pueda trabajar c\u00f3modamente y disponer de toda la informaci\u00f3n que necesite para operar con total libertad y comilidad. La plataforma est\u00e1 disponible en cuatro idiomas para facilitarle las gestiones.<\/h3>\n<p>&nbsp;<\/p>\n<div class=\"row\" align=\"center\"><\/div>\n<div class=\"row\">\n<div class=\"col-xs-12 col-ms-8\">\n<h2>Gesti\u00f3n de su cuenta personal<\/h2>\n<h3 style=\"text-align: left\">Con el <strong>Home Banking de Andbank<\/strong> puede gestionar sus datos personales, acceder a sus documentos y consultar la correspondencia.<\/h3>\n<\/div>\n<div class=\"col-xs-12 col-ms-4\"><img loading=\"lazy\" decoding=\"async\" class=\"wp-image-21777 aligncenter\" src=\"https:\/\/www.andbank.com\/andorra\/wp-content\/uploads\/sites\/10\/2017\/04\/p3-2.jpg\" alt=\"\" width=\"328\" height=\"328\"><\/div>\n<\/div>\n<div class=\"row\" align=\"center\"><\/div>\n<div class=\"row\">\n<div class=\"col-xs-12 col-ms-4\"><img loading=\"lazy\" decoding=\"async\" class=\"aligncenter size-full wp-image-8445\" src=\"https:\/\/www.andbank.com\/andorra\/wp-content\/uploads\/sites\/10\/2017\/04\/p5_cast.jpg\" alt=\"\" width=\"275\" height=\"275\"><\/div>\n<div class=\"col-xs-12 col-ms-8\">\n<p>&nbsp;<\/p>\n<h2>Posici\u00f3n global<\/h2>\n<h3>Visualice r\u00e1pidamente su posici\u00f3n global, en la que se muestran todos los productos disponibles. Podr\u00e1 consultar informaci\u00f3n espec\u00edfica de su cuenta, dispondr\u00e1 de informaci\u00f3n econ\u00f3mica y las principales campa\u00f1as activas.<\/h3>\n<\/div>\n<\/div>\n<div class=\"row\" align=\"center\"><\/div>\n<div class=\"row\">\n<div class=\"col-xs-12 col-ms-8\">\n<p>&nbsp;<\/p>\n<h2>Transferencias<\/h2>\n<h3>Podr\u00e1 realizar y gestionar transferencias, tanto entre cuentas propias como nacionales e internacionales.<\/h3>\n<\/div>\n<div class=\"col-xs-12 col-ms-4\"><img loading=\"lazy\" decoding=\"async\" class=\"aligncenter size-full wp-image-8433\" src=\"https:\/\/www.andbank.com\/andorra\/wp-content\/uploads\/sites\/10\/2017\/04\/p11_cast.jpg\" alt=\"\" width=\"275\" height=\"275\"><\/div>\n<\/div>\n<div class=\"row\" align=\"center\"><\/div>\n<div class=\"row\">\n<div class=\"col-xs-12 col-ms-4\"><img loading=\"lazy\" decoding=\"async\" class=\"aligncenter size-full wp-image-8445\" src=\"https:\/\/www.andbank.com\/andorra\/wp-content\/uploads\/sites\/10\/2017\/04\/p7_cast.jpg\" alt=\"\" width=\"275\" height=\"275\"><\/div>\n<div class=\"col-xs-12 col-ms-8\">\n<p>&nbsp;<\/p>\n<h2>Tarjetas<\/h2>\n<h3>En cada momento podr\u00e1 hacer un seguimiento de todas las operaciones que haga con cualquiera de sus tarjetas, podr\u00e1 activarlas o bloquearlas en caso de que sea conveniente.<\/h3>\n<\/div>\n<\/div>\n<div class=\"row\" align=\"center\"><\/div>\n<div class=\"row\">\n<div class=\"col-xs-12 col-ms-8\">\n<p>&nbsp;<\/p>\n<h2>Ahorro<\/h2>\n<h3>Podr\u00e1 consultar el desglose de los productos ligados al ahorro con informaci\u00f3n sobre la tipolog\u00eda, la divisa de referencia, el tipo de inter\u00e9s, el vencimiento, el volumen y la totalidad del importe.<\/h3>\n<\/div>\n<div class=\"col-xs-12 col-ms-4\"><img loading=\"lazy\" decoding=\"async\" class=\"aligncenter size-full wp-image-8441\" src=\"https:\/\/www.andbank.com\/andorra\/wp-content\/uploads\/sites\/10\/2017\/04\/p7_cast.jpg\" alt=\"\" width=\"275\" height=\"275\"><\/div>\n<\/div>\n<div class=\"row\" align=\"center\"><\/div>\n<div class=\"row\">\n<div class=\"col-xs-12 col-ms-4\"><img loading=\"lazy\" decoding=\"async\" class=\"aligncenter size-full wp-image-8445\" src=\"https:\/\/www.andbank.com\/andorra\/wp-content\/uploads\/sites\/10\/2017\/04\/p21_cast.jpg\" alt=\"\" width=\"275\" height=\"275\"><\/div>\n<div class=\"col-xs-12 col-ms-8\">\n<p>&nbsp;<\/p>\n<h2>Compraventa de valores y fondos<\/h2>\n<h3>Esta herramienta le har\u00e1 m\u00e1s sencilla la manera de invertir en l\u00ednea. Dispondr\u00e1 de una visi\u00f3n global de la cotizaci\u00f3n de los mercados. Tambi\u00e9n podr\u00e1 acceder a las operaciones de compraventa de valores en su cartera con s\u00f3lo un clic.<\/h3>\n<h3>Para acceder s\u00f3lo necesita el mismo usuario que ten\u00eda la versi\u00f3n anterior de la plataforma. Si no tiene usuario, deber\u00e1 contactar con su gestor para darse de alta.<\/h3>\n<\/div>\n<\/div>\n<p>&nbsp;<\/p>\n<div style=\"text-align: center\"><a class=\"main-button\" href=\"https:\/\/www.andbank.com\/andorra\/wp-content\/uploads\/sites\/10\/2018\/10\/Andbank-Llibret-Home-banking_A5_cast.pdf\" target=\"_blank\" rel=\"noopener\">M\u00c1S INFORMACI\u00d3N<\/a><\/div>\n<p>&nbsp;<\/p>\n<hr>\n","protected":false},"excerpt":{"rendered":"<p>El futuro es ahora. Ponemos la mejor tecnolog\u00eda a su servicio.<\/p>\n","protected":false},"author":28,"featured_media":21545,"parent":638,"menu_order":33,"comment_status":"closed","ping_status":"closed","template":"template-detail.php","meta":{"footnotes":""},"yst_prominent_words":[1328,7130,7672,7662,6742,748,7659,7660,2910,699,2913,4489,3150,3147,4487,7673,6745,6743,7586,1848],"class_list":["post-640","page","type-page","status-publish","has-post-thumbnail","hentry"],"acf":[],"_links":{"self":[{"href":"https:\/\/pre.andbank.com\/andorra\/wp-json\/wp\/v2\/pages\/640"}],"collection":[{"href":"https:\/\/pre.andbank.com\/andorra\/wp-json\/wp\/v2\/pages"}],"about":[{"href":"https:\/\/pre.andbank.com\/andorra\/wp-json\/wp\/v2\/types\/page"}],"author":[{"embeddable":true,"href":"https:\/\/pre.andbank.com\/andorra\/wp-json\/wp\/v2\/users\/28"}],"replies":[{"embeddable":true,"href":"https:\/\/pre.andbank.com\/andorra\/wp-json\/wp\/v2\/comments?post=640"}],"version-history":[{"count":4,"href":"https:\/\/pre.andbank.com\/andorra\/wp-json\/wp\/v2\/pages\/640\/revisions"}],"predecessor-version":[{"id":24958,"href":"https:\/\/pre.andbank.com\/andorra\/wp-json\/wp\/v2\/pages\/640\/revisions\/24958"}],"up":[{"embeddable":true,"href":"https:\/\/pre.andbank.com\/andorra\/wp-json\/wp\/v2\/pages\/638"}],"wp:featuredmedia":[{"embeddable":true,"href":"https:\/\/pre.andbank.com\/andorra\/wp-json\/wp\/v2\/media\/21545"}],"wp:attachment":[{"href":"https:\/\/pre.andbank.com\/andorra\/wp-json\/wp\/v2\/media?parent=640"}],"wp:term":[{"taxonomy":"yst_prominent_words","embeddable":true,"href":"https:\/\/pre.andbank.com\/andorra\/wp-json\/wp\/v2\/yst_prominent_words?post=640"}],"curies":[{"name":"wp","href":"https:\/\/api.w.org\/{rel}","templated":true}]}}