{"id":545,"date":"2017-04-19T18:00:38","date_gmt":"2017-04-19T16:00:38","guid":{"rendered":"https:\/\/www.andbank.com\/andorra\/?page_id=545\/"},"modified":"2019-11-06T18:07:51","modified_gmt":"2019-11-06T16:07:51","slug":"corporateandbank","status":"publish","type":"page","link":"https:\/\/pre.andbank.com\/andorra\/empresas\/corporateandbank\/","title":{"rendered":"Corporate Andbank"},"content":{"rendered":"<h2>Nuestro servicio m\u00e1s personal<\/h2>\n<p>Nuestro objetivo es ofrecer asesoramiento, servicios y apoyo financiero a las grandes empresas e instituciones andorranas, as\u00ed como a sus altos directivos en el desarrollo de su actividad.<\/p>\n<p>Por este motivo, en Corporate\/Fiter no tenemos productos estandarizados, sino soluciones personalizadas y las tecnolog\u00edas m\u00e1s avanzadas que su gestor personal se encargar\u00e1 de confeccionar para usted, siguiendo de forma fiel sus deseos y sus necesidades.<\/p>\n<ol>\n<li>Gesti\u00f3n Integral de pagos.<\/li>\n<li>Medios de pagos.<\/li>\n<li>Financiaci\u00f3n Promotor y finanzas.<\/li>\n<li>Soluciones personalizadas de inversi\u00f3n.<\/li>\n<li>Negocio internacional.<\/li>\n<li>Comercio electr\u00f3nico seguro.<\/li>\n<\/ol>\n","protected":false},"excerpt":{"rendered":"<p>Nuestro servicio m\u00e1s personal Nuestro objetivo es ofrecer asesoramiento, servicios y apoyo financiero a las grandes empresas e instituciones andorranas, as\u00ed como a sus altos directivos en el desarrollo de su actividad. Por este motivo, en Corporate\/Fiter no tenemos productos estandarizados, sino soluciones personalizadas y las tecnolog\u00edas m\u00e1s avanzadas que su gestor personal se encargar\u00e1 [&hellip;]<\/p>\n","protected":false},"author":1,"featured_media":5685,"parent":521,"menu_order":37,"comment_status":"closed","ping_status":"closed","template":"template-distributor.php","meta":{"footnotes":""},"yst_prominent_words":[3016,2453,5368,5367,5366],"class_list":["post-545","page","type-page","status-publish","has-post-thumbnail","hentry"],"acf":[],"_links":{"self":[{"href":"https:\/\/pre.andbank.com\/andorra\/wp-json\/wp\/v2\/pages\/545"}],"collection":[{"href":"https:\/\/pre.andbank.com\/andorra\/wp-json\/wp\/v2\/pages"}],"about":[{"href":"https:\/\/pre.andbank.com\/andorra\/wp-json\/wp\/v2\/types\/page"}],"author":[{"embeddable":true,"href":"https:\/\/pre.andbank.com\/andorra\/wp-json\/wp\/v2\/users\/1"}],"replies":[{"embeddable":true,"href":"https:\/\/pre.andbank.com\/andorra\/wp-json\/wp\/v2\/comments?post=545"}],"version-history":[{"count":0,"href":"https:\/\/pre.andbank.com\/andorra\/wp-json\/wp\/v2\/pages\/545\/revisions"}],"up":[{"embeddable":true,"href":"https:\/\/pre.andbank.com\/andorra\/wp-json\/wp\/v2\/pages\/521"}],"wp:featuredmedia":[{"embeddable":true,"href":"https:\/\/pre.andbank.com\/andorra\/wp-json\/wp\/v2\/media\/5685"}],"wp:attachment":[{"href":"https:\/\/pre.andbank.com\/andorra\/wp-json\/wp\/v2\/media?parent=545"}],"wp:term":[{"taxonomy":"yst_prominent_words","embeddable":true,"href":"https:\/\/pre.andbank.com\/andorra\/wp-json\/wp\/v2\/yst_prominent_words?post=545"}],"curies":[{"name":"wp","href":"https:\/\/api.w.org\/{rel}","templated":true}]}}