{"id":542,"date":"2017-04-19T17:59:48","date_gmt":"2017-04-19T15:59:48","guid":{"rendered":"https:\/\/www.andbank.com\/andorra\/?page_id=542\/"},"modified":"2019-11-06T17:30:44","modified_gmt":"2019-11-06T15:30:44","slug":"gestion-la-empresa","status":"publish","type":"page","link":"https:\/\/pre.andbank.com\/andorra\/empresas\/inversion\/gestion-la-empresa\/","title":{"rendered":"Gesti\u00f3n de la empresa"},"content":{"rendered":"<p>Para el desarrollo y crecimiento de la empresa, es importante hacer una \u00f3ptima gesti\u00f3n de dicha empresa y sus beneficios.<\/p>\n<p>Por eso, estamos con usted para aconsejarle y ofrecerle nuestro servicio a medida y personalizado, para cada empresa, para cada ocasi\u00f3n.<\/p>\n<ol>\n<li><strong>Fondos de inversi\u00f3n \u2013<\/strong> le ofrecemos una amplia gama de <a href=\"https:\/\/www.andbank.com\/andorra\/banca-privada\/nuestros-servicios\/instrumentos-de-inversion\/nuestros-fondos\/\">fondos de inversi\u00f3n<\/a> para escoger el que mejor se adapte a su empresa.<\/li>\n<li><strong>Planes de ahorro \u2013<\/strong> le ofrecemos un servicio de previsi\u00f3n para que pueda dise\u00f1ar un plan de beneficios sociales y cobertura econ\u00f3mica para los empleados de su empresa.<\/li>\n<li><strong>Asesoramiento global<\/strong> &#8211; nuestro equipo de asesores financieros le asesorar\u00e1 para que pueda optar por el proyecto que m\u00e1s se identifique con su empresa<\/li>\n<\/ol>\n","protected":false},"excerpt":{"rendered":"<p>Los mejores productos hechos a medida y pensados para optimizar los beneficios empresariales<\/p>\n","protected":false},"author":1,"featured_media":759,"parent":539,"menu_order":61,"comment_status":"closed","ping_status":"closed","template":"template-detail.php","meta":{"footnotes":""},"yst_prominent_words":[5340,2932,110,2903,2900,2902,361,5339,2906,1948],"class_list":["post-542","page","type-page","status-publish","has-post-thumbnail","hentry"],"acf":[],"_links":{"self":[{"href":"https:\/\/pre.andbank.com\/andorra\/wp-json\/wp\/v2\/pages\/542"}],"collection":[{"href":"https:\/\/pre.andbank.com\/andorra\/wp-json\/wp\/v2\/pages"}],"about":[{"href":"https:\/\/pre.andbank.com\/andorra\/wp-json\/wp\/v2\/types\/page"}],"author":[{"embeddable":true,"href":"https:\/\/pre.andbank.com\/andorra\/wp-json\/wp\/v2\/users\/1"}],"replies":[{"embeddable":true,"href":"https:\/\/pre.andbank.com\/andorra\/wp-json\/wp\/v2\/comments?post=542"}],"version-history":[{"count":0,"href":"https:\/\/pre.andbank.com\/andorra\/wp-json\/wp\/v2\/pages\/542\/revisions"}],"up":[{"embeddable":true,"href":"https:\/\/pre.andbank.com\/andorra\/wp-json\/wp\/v2\/pages\/539"}],"wp:featuredmedia":[{"embeddable":true,"href":"https:\/\/pre.andbank.com\/andorra\/wp-json\/wp\/v2\/media\/759"}],"wp:attachment":[{"href":"https:\/\/pre.andbank.com\/andorra\/wp-json\/wp\/v2\/media?parent=542"}],"wp:term":[{"taxonomy":"yst_prominent_words","embeddable":true,"href":"https:\/\/pre.andbank.com\/andorra\/wp-json\/wp\/v2\/yst_prominent_words?post=542"}],"curies":[{"name":"wp","href":"https:\/\/api.w.org\/{rel}","templated":true}]}}