{"id":526,"date":"2017-04-19T17:54:38","date_gmt":"2017-04-19T15:54:38","guid":{"rendered":"https:\/\/www.andbank.com\/andorra\/?page_id=526\/"},"modified":"2019-10-23T15:16:49","modified_gmt":"2019-10-23T13:16:49","slug":"recibos-domiciliados","status":"publish","type":"page","link":"https:\/\/pre.andbank.com\/andorra\/empresas\/cobros-y-pagos\/recibos-domiciliados\/","title":{"rendered":"Recibos domiciliados"},"content":{"rendered":"<h2>\u00bfCuales son sus ventajas?<\/h2>\n<ul>\n<li>Al traspasar toda la gesti\u00f3n de los pagos al banco reduce los costes y gastos administrativos, simplifica su operativa y elimina burocracia.<\/li>\n<li>Al permitir la gesti\u00f3n integral de los pagos, evita errores.<\/li>\n<li>Puede revocar las \u00f3rdenes de pago antes de su vencimiento.<\/li>\n<\/ul>\n<p><strong>Aproveche tambi\u00e9n las ventajas que le ofrece nuestro servicio de domiciliaci\u00f3n de n\u00f3minas a trav\u00e9s de e-andbank empresas.<\/strong><\/p>\n<ol>\n<li>Sencillez de uso de la aplicaci\u00f3n.<\/li>\n<li>La Seguridad de utilizar nuestros sistemas inform\u00e1ticos.<\/li>\n<li>Agilidad y rapidez en el cobro de las n\u00f3minas.<\/li>\n<li>Ahorro de costes de desplazamiento al poder utilizar nuestro servicio desde cualquier sitio en el que se encuentre.<\/li>\n<\/ol>\n","protected":false},"excerpt":{"rendered":"<p>En Andbank le facilitamos la gesti\u00f3n peri\u00f3dica con nuestro servicio de domiciliaciones. Le ofrecemos un servicio c\u00f3modo y r\u00e1pido para tramitar todos los pagos de su empresa.<\/p>\n","protected":false},"author":1,"featured_media":750,"parent":523,"menu_order":81,"comment_status":"closed","ping_status":"closed","template":"template-detail.php","meta":{"footnotes":""},"yst_prominent_words":[5200,378,5202,3016,1948,5204,365],"class_list":["post-526","page","type-page","status-publish","has-post-thumbnail","hentry"],"acf":[],"_links":{"self":[{"href":"https:\/\/pre.andbank.com\/andorra\/wp-json\/wp\/v2\/pages\/526"}],"collection":[{"href":"https:\/\/pre.andbank.com\/andorra\/wp-json\/wp\/v2\/pages"}],"about":[{"href":"https:\/\/pre.andbank.com\/andorra\/wp-json\/wp\/v2\/types\/page"}],"author":[{"embeddable":true,"href":"https:\/\/pre.andbank.com\/andorra\/wp-json\/wp\/v2\/users\/1"}],"replies":[{"embeddable":true,"href":"https:\/\/pre.andbank.com\/andorra\/wp-json\/wp\/v2\/comments?post=526"}],"version-history":[{"count":0,"href":"https:\/\/pre.andbank.com\/andorra\/wp-json\/wp\/v2\/pages\/526\/revisions"}],"up":[{"embeddable":true,"href":"https:\/\/pre.andbank.com\/andorra\/wp-json\/wp\/v2\/pages\/523"}],"wp:featuredmedia":[{"embeddable":true,"href":"https:\/\/pre.andbank.com\/andorra\/wp-json\/wp\/v2\/media\/750"}],"wp:attachment":[{"href":"https:\/\/pre.andbank.com\/andorra\/wp-json\/wp\/v2\/media?parent=526"}],"wp:term":[{"taxonomy":"yst_prominent_words","embeddable":true,"href":"https:\/\/pre.andbank.com\/andorra\/wp-json\/wp\/v2\/yst_prominent_words?post=526"}],"curies":[{"name":"wp","href":"https:\/\/api.w.org\/{rel}","templated":true}]}}