{"id":517,"date":"2017-04-19T17:48:17","date_gmt":"2017-04-19T15:48:17","guid":{"rendered":"https:\/\/www.andbank.com\/andorra\/?page_id=517\/"},"modified":"2019-10-23T09:23:00","modified_gmt":"2019-10-23T07:23:00","slug":"andvida","status":"publish","type":"page","link":"https:\/\/pre.andbank.com\/andorra\/particulares\/seguros\/andvida\/","title":{"rendered":"AndVida"},"content":{"rendered":"<h2>AndVida le propone una amplia cobertura:<\/h2>\n<ul>\n<li>Cobertura por defunci\u00f3n.<\/li>\n<li>Cobertura por invalidez absoluta y permanente.<\/li>\n<li>Muerte por accidente.<\/li>\n<li>Invalidez absoluta y permanente por accidente.<\/li>\n<li>Muerte por accidente de circulaci\u00f3n.<\/li>\n<li>Invalidez absoluta y permanente por accidente\u00a0de circulaci\u00f3n.<\/li>\n<li>Enfermedades graves.<\/li>\n<\/ul>\n<h2>AndVida propone flexibilidad en el formato de la p\u00f3liza.<\/h2>\n<ul>\n<li>Con una \u00fanica p\u00f3liza tiene la posibilidad de asignar diferentes beneficiarios que recibir\u00edan un capital complementario a las prestaciones sociales.<\/li>\n<li>Libre elecci\u00f3n de los beneficiarios, que permite repartir el capital de manera diferente a lo establecido por la ley.<\/li>\n<li>En los casos de p\u00f3lizas vinculadas con pr\u00e9stamos al consumo o hipotecarios, existe la posibilidad de ampliar el capital asegurado respecto al importe pendiente de amortizar. De esta manera, una vez el banco liquide la deuda pendiente, su entorno m\u00e1s cercano se beneficiar\u00e1 del capital restante.<\/li>\n<\/ul>\n<h4>Coberturas que se adaptan a distintas situaciones.<\/h4>\n<ul>\n<li>Joven sin hijos.<\/li>\n<li>Con hijos menores.<\/li>\n<li>Sin hijos.<\/li>\n<\/ul>\n<p><strong>AndVida propone flexibilidad en su formato de pago. El asegurado puede elegir el fraccionamiento del pago de la p\u00f3liza: anual, semestral, trimestral o mensual.<\/strong><\/p>\n<p>Si quiere conocer m\u00e1s sobre AndVida, haga clic <b><a href=\"https:\/\/www.andbank.com\/andorra\/wp-content\/uploads\/sites\/10\/2017\/09\/Andbank_Diptic_Andvida.pdf\" target=\"_blank\" rel=\"noopener noreferrer\">aqu\u00ed<\/a>\u00a0<\/b><\/p>\n<p>Consulte con su gestor o con Andbank Assegurances, tel. +376 881 965, cualquier duda o informaci\u00f3n que necesite.<\/p>\n","protected":false},"excerpt":{"rendered":"<p>Asegure su tranquilidad con AndVida, para que pase lo que pase los suyos vivan sin preocupaciones.<\/p>\n","protected":false},"author":1,"featured_media":4484,"parent":512,"menu_order":89,"comment_status":"closed","ping_status":"closed","template":"template-detail.php","meta":{"footnotes":""},"yst_prominent_words":[5110,5105,5109,5106,5104,2912,5149,4164,1951,5151,5145,5139,5108,5103,5147,5141,5143,1964,5111,5107],"class_list":["post-517","page","type-page","status-publish","has-post-thumbnail","hentry"],"acf":[],"_links":{"self":[{"href":"https:\/\/pre.andbank.com\/andorra\/wp-json\/wp\/v2\/pages\/517"}],"collection":[{"href":"https:\/\/pre.andbank.com\/andorra\/wp-json\/wp\/v2\/pages"}],"about":[{"href":"https:\/\/pre.andbank.com\/andorra\/wp-json\/wp\/v2\/types\/page"}],"author":[{"embeddable":true,"href":"https:\/\/pre.andbank.com\/andorra\/wp-json\/wp\/v2\/users\/1"}],"replies":[{"embeddable":true,"href":"https:\/\/pre.andbank.com\/andorra\/wp-json\/wp\/v2\/comments?post=517"}],"version-history":[{"count":0,"href":"https:\/\/pre.andbank.com\/andorra\/wp-json\/wp\/v2\/pages\/517\/revisions"}],"up":[{"embeddable":true,"href":"https:\/\/pre.andbank.com\/andorra\/wp-json\/wp\/v2\/pages\/512"}],"wp:featuredmedia":[{"embeddable":true,"href":"https:\/\/pre.andbank.com\/andorra\/wp-json\/wp\/v2\/media\/4484"}],"wp:attachment":[{"href":"https:\/\/pre.andbank.com\/andorra\/wp-json\/wp\/v2\/media?parent=517"}],"wp:term":[{"taxonomy":"yst_prominent_words","embeddable":true,"href":"https:\/\/pre.andbank.com\/andorra\/wp-json\/wp\/v2\/yst_prominent_words?post=517"}],"curies":[{"name":"wp","href":"https:\/\/api.w.org\/{rel}","templated":true}]}}