{"id":509,"date":"2017-04-19T17:46:42","date_gmt":"2017-04-19T15:46:42","guid":{"rendered":"https:\/\/www.andbank.com\/andorra\/?page_id=509\/"},"modified":"2019-10-23T10:36:45","modified_gmt":"2019-10-23T08:36:45","slug":"prestamos","status":"publish","type":"page","link":"https:\/\/pre.andbank.com\/andorra\/particulares\/financiacion\/prestamos\/","title":{"rendered":"Pr\u00e9stamos"},"content":{"rendered":"<p>En Andbank queremos ayudarle a realizar los proyectos que har\u00e1n realidad sus sue\u00f1os. Por este motivo, le ofrecemos los pr\u00e9stamos m\u00e1s personalizados y flexibles.<\/p>\n<p><strong>D\u00edganos cu\u00e1nto quiere pagar cada mes y nosotros encontraremos la f\u00f3rmula que mejor se adapte a sus necesidades.<\/strong><\/p>\n","protected":false},"excerpt":{"rendered":"<p>\u00bfUn sue\u00f1o, un proyecto, un coche? En Andbank encontrar\u00e1 el pr\u00e9stamo que m\u00e1s se adapte a su situaci\u00f3n.<\/p>\n","protected":false},"author":1,"featured_media":728,"parent":506,"menu_order":93,"comment_status":"closed","ping_status":"closed","template":"template-detail.php","meta":{"footnotes":""},"yst_prominent_words":[],"class_list":["post-509","page","type-page","status-publish","has-post-thumbnail","hentry"],"acf":[],"_links":{"self":[{"href":"https:\/\/pre.andbank.com\/andorra\/wp-json\/wp\/v2\/pages\/509"}],"collection":[{"href":"https:\/\/pre.andbank.com\/andorra\/wp-json\/wp\/v2\/pages"}],"about":[{"href":"https:\/\/pre.andbank.com\/andorra\/wp-json\/wp\/v2\/types\/page"}],"author":[{"embeddable":true,"href":"https:\/\/pre.andbank.com\/andorra\/wp-json\/wp\/v2\/users\/1"}],"replies":[{"embeddable":true,"href":"https:\/\/pre.andbank.com\/andorra\/wp-json\/wp\/v2\/comments?post=509"}],"version-history":[{"count":0,"href":"https:\/\/pre.andbank.com\/andorra\/wp-json\/wp\/v2\/pages\/509\/revisions"}],"up":[{"embeddable":true,"href":"https:\/\/pre.andbank.com\/andorra\/wp-json\/wp\/v2\/pages\/506"}],"wp:featuredmedia":[{"embeddable":true,"href":"https:\/\/pre.andbank.com\/andorra\/wp-json\/wp\/v2\/media\/728"}],"wp:attachment":[{"href":"https:\/\/pre.andbank.com\/andorra\/wp-json\/wp\/v2\/media?parent=509"}],"wp:term":[{"taxonomy":"yst_prominent_words","embeddable":true,"href":"https:\/\/pre.andbank.com\/andorra\/wp-json\/wp\/v2\/yst_prominent_words?post=509"}],"curies":[{"name":"wp","href":"https:\/\/api.w.org\/{rel}","templated":true}]}}