{"id":500,"date":"2017-04-19T17:13:13","date_gmt":"2017-04-19T15:13:13","guid":{"rendered":"https:\/\/www.andbank.com\/andorra\/?page_id=500\/"},"modified":"2022-09-26T18:22:02","modified_gmt":"2022-09-26T16:22:02","slug":"planes-de-pensiones","status":"publish","type":"page","link":"https:\/\/pre.andbank.com\/andorra\/particulares\/ahorro-e-inversion\/planes-de-pensiones\/","title":{"rendered":"Planes de Pensiones"},"content":{"rendered":"<h2>Con nuestro Plan de Pensiones, el paso del tiempo nunca ser\u00e1 tan rentable<\/h2>\n<p>Andbank presenta el Plan de Pensiones como la mejor alternativa de ahorro a largo plazo, al servicio del peque\u00f1o ahorrador.<\/p>\n<p>Ponemos a vuestra disposici\u00f3n la m\u00e1xima calidad de gesti\u00f3n con una excelente rentabilidad.<\/p>\n<p>ANDBANK Moderate Allocation, con un 0,36 % de rentabilidad anualizada a 3 a\u00f1os.<\/p>\n<p>ANDBANK Balanced, con un 4,80 % de rentabilidad anualizada a 3 a\u00f1os.<\/p>\n<p>Rentabilidades netas anualizadas (per\u00edodo 29\/03\/2016 a 29\/03\/2019). Fuente: Andbank Asset Management Luxembourg.<\/p>\n<p>Si quiere consultar m\u00e1s informaci\u00f3n,<a href=\"https:\/\/www.andbank.com\/andorra\/wp-content\/uploads\/sites\/10\/2022\/09\/DIPTIC-PLA-PENSIONS-2022-ES.pdf\" target=\"_blank\" rel=\"noopener\">clique aqu\u00ed<\/a><\/p>\n<h6>La entidad bancaria encargada de la gesti\u00f3n no garantiza de ninguna forma que se produzcan las predicciones ni los hechos que contiene este documento, y advierte que los rendimientos obtenidos en el pasado no implican rendimientos futuros. Este documento no se puede considerar, de ninguna forma, una oferta o propuesta de compraventa de los productos que se\u00a0 puedan mencionar. Toda la informaci\u00f3n que figura es indicativa y no se puede considerar el \u00fanico factor relevante de decisi\u00f3n para hacer una inversi\u00f3n determinada.\u00a0En consecuencia, el inversor es responsable de buscar y obtener el asesoramiento financiero oportuno con el objeto de valorar los riesgos, los costes y otras caracter\u00edsticas de las inversiones que desee hacer. La entidad bancaria declina expresamente cualquier responsabilidad sobre la exactitud o la conveniencia de las evaluaciones o estimaciones de los modelos usados en las valoraciones que contiene este documento, as\u00ed como sobre los posibles errores o las omisiones en que se pueda incurrir en la elaboraci\u00f3n del mismo. La entidad bancaria se reserva el derecho de modificar, en cualquier momento, totalmente o parcialmente el contenido de este documento.<\/h6>\n<h6>Andbank es una marca registrada por Andorra Banc Agr\u00edcol Reig, SA.<\/h6>\n","protected":false},"excerpt":{"rendered":"<p>Nuestros buenos resultados de hoy, su tranquilidad de ma\u00f1ana.<\/p>\n","protected":false},"author":18,"featured_media":11262,"parent":496,"menu_order":126,"comment_status":"closed","ping_status":"closed","template":"template-detail.php","meta":{"footnotes":""},"yst_prominent_words":[107,4570,4572,376,383,382,372,373,375,369,381,378,699,358,377,370,374,4568,4569,4571],"class_list":["post-500","page","type-page","status-publish","has-post-thumbnail","hentry"],"acf":[],"_links":{"self":[{"href":"https:\/\/pre.andbank.com\/andorra\/wp-json\/wp\/v2\/pages\/500"}],"collection":[{"href":"https:\/\/pre.andbank.com\/andorra\/wp-json\/wp\/v2\/pages"}],"about":[{"href":"https:\/\/pre.andbank.com\/andorra\/wp-json\/wp\/v2\/types\/page"}],"author":[{"embeddable":true,"href":"https:\/\/pre.andbank.com\/andorra\/wp-json\/wp\/v2\/users\/18"}],"replies":[{"embeddable":true,"href":"https:\/\/pre.andbank.com\/andorra\/wp-json\/wp\/v2\/comments?post=500"}],"version-history":[{"count":2,"href":"https:\/\/pre.andbank.com\/andorra\/wp-json\/wp\/v2\/pages\/500\/revisions"}],"predecessor-version":[{"id":24562,"href":"https:\/\/pre.andbank.com\/andorra\/wp-json\/wp\/v2\/pages\/500\/revisions\/24562"}],"up":[{"embeddable":true,"href":"https:\/\/pre.andbank.com\/andorra\/wp-json\/wp\/v2\/pages\/496"}],"wp:featuredmedia":[{"embeddable":true,"href":"https:\/\/pre.andbank.com\/andorra\/wp-json\/wp\/v2\/media\/11262"}],"wp:attachment":[{"href":"https:\/\/pre.andbank.com\/andorra\/wp-json\/wp\/v2\/media?parent=500"}],"wp:term":[{"taxonomy":"yst_prominent_words","embeddable":true,"href":"https:\/\/pre.andbank.com\/andorra\/wp-json\/wp\/v2\/yst_prominent_words?post=500"}],"curies":[{"name":"wp","href":"https:\/\/api.w.org\/{rel}","templated":true}]}}