{"id":498,"date":"2017-04-19T17:13:01","date_gmt":"2017-04-19T15:13:01","guid":{"rendered":"https:\/\/www.andbank.com\/andorra\/?page_id=498\/"},"modified":"2023-06-21T19:53:52","modified_gmt":"2023-06-21T17:53:52","slug":"plan-de-ahorro","status":"publish","type":"page","link":"https:\/\/pre.andbank.com\/andorra\/particulares\/ahorro-e-inversion\/plan-de-ahorro\/","title":{"rendered":"Plan de Ahorro"},"content":{"rendered":"<ul>\n<li>El plan de ahorro est\u00e1 pensado especialmente con el objetivo de crear un complemento a la pensi\u00f3n de jubilaci\u00f3n y\/o de respaldar cualquier otro proyecto de previsi\u00f3n particular.<\/li>\n<li>El PlanEstalvi Garantit de Andbank ha sido concebido como una de las f\u00f3rmulas para complementar la pensi\u00f3n p\u00fablica por jubilaci\u00f3n, o bien como el medio para apoyar un proyecto personal de su futuro o el de sus hijos.<\/li>\n<\/ul>\n<p><strong>Usted puede decidir el importe de sus aportaciones y la periodicidad.<\/strong><\/p>\n<p>&nbsp;<\/p>\n<p>Si desea m\u00e1s informaci\u00f3n puede consultar con su gestor o llamar al Telf. <strong>+376 873 300<\/strong>, y responderemos a todas sus dudas.<\/p>\n","protected":false},"excerpt":{"rendered":"<p>Plan Futuro, un plan de ahorro flexible al alcance de todos los bolsillos.<\/p>\n","protected":false},"author":18,"featured_media":709,"parent":496,"menu_order":101,"comment_status":"closed","ping_status":"closed","template":"template-detail.php","meta":{"footnotes":""},"yst_prominent_words":[362,3031,3243],"class_list":["post-498","page","type-page","status-publish","has-post-thumbnail","hentry"],"acf":[],"_links":{"self":[{"href":"https:\/\/pre.andbank.com\/andorra\/wp-json\/wp\/v2\/pages\/498"}],"collection":[{"href":"https:\/\/pre.andbank.com\/andorra\/wp-json\/wp\/v2\/pages"}],"about":[{"href":"https:\/\/pre.andbank.com\/andorra\/wp-json\/wp\/v2\/types\/page"}],"author":[{"embeddable":true,"href":"https:\/\/pre.andbank.com\/andorra\/wp-json\/wp\/v2\/users\/18"}],"replies":[{"embeddable":true,"href":"https:\/\/pre.andbank.com\/andorra\/wp-json\/wp\/v2\/comments?post=498"}],"version-history":[{"count":1,"href":"https:\/\/pre.andbank.com\/andorra\/wp-json\/wp\/v2\/pages\/498\/revisions"}],"predecessor-version":[{"id":25121,"href":"https:\/\/pre.andbank.com\/andorra\/wp-json\/wp\/v2\/pages\/498\/revisions\/25121"}],"up":[{"embeddable":true,"href":"https:\/\/pre.andbank.com\/andorra\/wp-json\/wp\/v2\/pages\/496"}],"wp:featuredmedia":[{"embeddable":true,"href":"https:\/\/pre.andbank.com\/andorra\/wp-json\/wp\/v2\/media\/709"}],"wp:attachment":[{"href":"https:\/\/pre.andbank.com\/andorra\/wp-json\/wp\/v2\/media?parent=498"}],"wp:term":[{"taxonomy":"yst_prominent_words","embeddable":true,"href":"https:\/\/pre.andbank.com\/andorra\/wp-json\/wp\/v2\/yst_prominent_words?post=498"}],"curies":[{"name":"wp","href":"https:\/\/api.w.org\/{rel}","templated":true}]}}