{"id":490,"date":"2017-04-19T17:03:22","date_gmt":"2017-04-19T15:03:22","guid":{"rendered":"https:\/\/www.andbank.com\/andorra\/?page_id=490\/"},"modified":"2023-11-10T13:41:26","modified_gmt":"2023-11-10T11:41:26","slug":"tarjeta-de-debito","status":"publish","type":"page","link":"https:\/\/pre.andbank.com\/andorra\/particulares\/cuentas-y-tarjetas\/tarjetas\/tarjeta-de-debito\/","title":{"rendered":"Tarjeta de d\u00e9bito"},"content":{"rendered":"<p>La mejor soluci\u00f3n para controlar su cuenta, a cualquier hora y en cualquier lugar<\/p>\n<h2>Ventajas de la Visa D\u00e9bito<\/h2>\n<ul>\n<li><b>Total tranquilidad<\/b>. Puede controlar el cargo de su compra en todo momento ya que es instant\u00e1neo, la compra que haga se cargar\u00e1 en su cuenta al momento.<\/li>\n<li><strong>Seguridad<\/strong>.<b> <\/b>La m\u00e1xima seguridad contra el uso fraudulento gracias a su tecnolog\u00eda EMV (chip) adem\u00e1s de un control met\u00f3dico para detectar operaciones fraudulentas.<\/li>\n<li><strong>Seguro antifraude opcional.* <\/strong>Puede disponer de un seguro antifraude de 9,75 \u20ac anuales que le cubrir\u00e1 ante la p\u00e9rdida o robo de su tarjeta.<\/li>\n<li><b>Descuentos<\/b> en gasolineras en Andorra del Grupo Artal, Cepsa y Elf y en comercios afiliados.<\/li>\n<\/ul>\n<h2>Caracter\u00edsticas<\/h2>\n<ul>\n<li>Sistema de pago <b><i>Contactless<\/i><\/b> que le permite un pago r\u00e1pido, c\u00f3modo y seguro solo con acercar su tarjeta al terminal de venta TPV.<\/li>\n<li><b>Compras seguras <\/b>por internet <i>Visa Secure<\/i>. Proteja con un c\u00f3digo personal su tarjeta Visa para sus compras por Internet. El \u00fanico servicio que garantiza la autenticaci\u00f3n e identificaci\u00f3n de los usuarios de las tarjetas y de los comercios electr\u00f3nicos adheridos.<\/li>\n<li><b>Servicio de aviso por SMS<\/b>. Le avisamos por SMS de las compras que efect\u00fae con su tarjeta cada vez que realice una operaci\u00f3n superior a 50 \u20ac. Recibir\u00e1 un SMS en su m\u00f3vil que le avisar\u00e1 del importe de su compra y de la empresa o comercio donde la ha efectuado.<\/li>\n<\/ul>\n<h6>Coste del servicio: 1,00 \u20ac mensual<\/h6>\n<h4>Tel. de urgencia en caso de p\u00e9rdida o robo:<\/h4>\n<p><a href=\"tel:+376739039\">+376 739 039<\/a><br \/>\n<a href=\"tel:+34913626200\">+34 913 62 62 00<\/a><br \/>\n<a href=\"tel:+18008472911\">+1 800 847 29 11 (EEUU)<\/a><\/p>\n<h6><strong>*Coberturas del seguro antifraude.<\/strong><\/p>\n<p>&#8211; El seguro antifraude cubre la p\u00e9rdida, hurto o robo de la tarjeta. Est\u00e1n incluidas las compras realizadas con la tarjeta, las disposiciones de efectivo por cajero, as\u00ed como las operaciones por internet y por tel\u00e9fono.<\/h6>\n<p>&#8211; La cobertura de siniestros ocasionados por estos casos asegura hasta las siguientes indemnizaciones:<\/p>\n<ul>\n<li>Tarjeta Electron: 1.500 euros por siniestro<\/li>\n<li>Tarjeta Classic: 3.000 euros por siniestro<\/li>\n<li>Tarjeta Oro: 6.000 euros por siniestro<\/li>\n<li>Tarjeta Platinum: 12.000 euros por siniestro<\/li>\n<\/ul>\n<p>&#8211; El seguro tiene un l\u00edmite de hasta 35 operaciones.<br \/>\n&#8211; Hasta 72 horas anteriores al momento en que se ha tramitado la den\u00fanica, la cual debe haberse presentado en los \u00faltimos 45 d\u00edas.<\/p>\n","protected":false},"excerpt":{"rendered":"<p>Disponga de su cuenta en cualquier momento. <\/p>\n","protected":false},"author":28,"featured_media":25359,"parent":485,"menu_order":109,"comment_status":"closed","ping_status":"closed","template":"template-detail.php","meta":{"footnotes":""},"yst_prominent_words":[8534,3427,4732,1919,4733,748,4737,361,366,2913,4734,1914,4735,1947,1917,1948,5700,1949,1918,1602],"class_list":["post-490","page","type-page","status-publish","has-post-thumbnail","hentry"],"acf":[],"_links":{"self":[{"href":"https:\/\/pre.andbank.com\/andorra\/wp-json\/wp\/v2\/pages\/490"}],"collection":[{"href":"https:\/\/pre.andbank.com\/andorra\/wp-json\/wp\/v2\/pages"}],"about":[{"href":"https:\/\/pre.andbank.com\/andorra\/wp-json\/wp\/v2\/types\/page"}],"author":[{"embeddable":true,"href":"https:\/\/pre.andbank.com\/andorra\/wp-json\/wp\/v2\/users\/28"}],"replies":[{"embeddable":true,"href":"https:\/\/pre.andbank.com\/andorra\/wp-json\/wp\/v2\/comments?post=490"}],"version-history":[{"count":2,"href":"https:\/\/pre.andbank.com\/andorra\/wp-json\/wp\/v2\/pages\/490\/revisions"}],"predecessor-version":[{"id":25419,"href":"https:\/\/pre.andbank.com\/andorra\/wp-json\/wp\/v2\/pages\/490\/revisions\/25419"}],"up":[{"embeddable":true,"href":"https:\/\/pre.andbank.com\/andorra\/wp-json\/wp\/v2\/pages\/485"}],"wp:featuredmedia":[{"embeddable":true,"href":"https:\/\/pre.andbank.com\/andorra\/wp-json\/wp\/v2\/media\/25359"}],"wp:attachment":[{"href":"https:\/\/pre.andbank.com\/andorra\/wp-json\/wp\/v2\/media?parent=490"}],"wp:term":[{"taxonomy":"yst_prominent_words","embeddable":true,"href":"https:\/\/pre.andbank.com\/andorra\/wp-json\/wp\/v2\/yst_prominent_words?post=490"}],"curies":[{"name":"wp","href":"https:\/\/api.w.org\/{rel}","templated":true}]}}