{"id":482,"date":"2017-04-19T16:57:27","date_gmt":"2017-04-19T14:57:27","guid":{"rendered":"https:\/\/www.andbank.com\/andorra\/?page_id=482\/"},"modified":"2023-06-21T19:49:48","modified_gmt":"2023-06-21T17:49:48","slug":"cuenta-corriente","status":"publish","type":"page","link":"https:\/\/pre.andbank.com\/andorra\/particulares\/cuentas-y-tarjetas\/cuenta-corriente\/","title":{"rendered":"Cuenta corriente"},"content":{"rendered":"<h2>Su cuenta bancaria del d\u00eda a d\u00eda<\/h2>\n<ul>\n<li>Le facilitamos las gestiones diarias.<\/li>\n<li>Gestione su cuenta con toda la comodidad y seguridad a la hora de realizar y controlar sus transacciones.<\/li>\n<\/ul>\n<p><strong>Le ofrecemos todos los servicios asociados a su cuenta corriente:<\/strong><\/p>\n<ol>\n<li>Acceso gratuito al servicio e-Andbank (Accesible 24h al d\u00eda, con la m\u00e1xima seguridad desde cualquier ordenador o cualquier dispositivo m\u00f3vil).<\/li>\n<li>Con nuestro servicio exclusivo BancMail recibir\u00e1 los extractos y movimientos digitalizados en su correo electr\u00f3nico.<\/li>\n<li>Una amplia gama de tarjetas para efectuar sus compras en todo el mundo y con disponibilidad del dinero en cualquier momento y en cualquier lugar.<\/li>\n<\/ol>\n<p>&nbsp;<\/p>\n<h5>Si desea m\u00e1s informaci\u00f3n puede consultarnos en\u00a0cualquiera de las oficinas de Andbank o llamar al tel. +376 873 300 y responderemos a todas sus preguntas.<\/h5>\n","protected":false},"excerpt":{"rendered":"<p>Todos los servicios en su cuenta corriente.<\/p>\n","protected":false},"author":18,"featured_media":668,"parent":480,"menu_order":122,"comment_status":"closed","ping_status":"closed","template":"template-detail.php","meta":{"footnotes":""},"yst_prominent_words":[748,361,1953,1948],"class_list":["post-482","page","type-page","status-publish","has-post-thumbnail","hentry"],"acf":[],"_links":{"self":[{"href":"https:\/\/pre.andbank.com\/andorra\/wp-json\/wp\/v2\/pages\/482"}],"collection":[{"href":"https:\/\/pre.andbank.com\/andorra\/wp-json\/wp\/v2\/pages"}],"about":[{"href":"https:\/\/pre.andbank.com\/andorra\/wp-json\/wp\/v2\/types\/page"}],"author":[{"embeddable":true,"href":"https:\/\/pre.andbank.com\/andorra\/wp-json\/wp\/v2\/users\/18"}],"replies":[{"embeddable":true,"href":"https:\/\/pre.andbank.com\/andorra\/wp-json\/wp\/v2\/comments?post=482"}],"version-history":[{"count":1,"href":"https:\/\/pre.andbank.com\/andorra\/wp-json\/wp\/v2\/pages\/482\/revisions"}],"predecessor-version":[{"id":25112,"href":"https:\/\/pre.andbank.com\/andorra\/wp-json\/wp\/v2\/pages\/482\/revisions\/25112"}],"up":[{"embeddable":true,"href":"https:\/\/pre.andbank.com\/andorra\/wp-json\/wp\/v2\/pages\/480"}],"wp:featuredmedia":[{"embeddable":true,"href":"https:\/\/pre.andbank.com\/andorra\/wp-json\/wp\/v2\/media\/668"}],"wp:attachment":[{"href":"https:\/\/pre.andbank.com\/andorra\/wp-json\/wp\/v2\/media?parent=482"}],"wp:term":[{"taxonomy":"yst_prominent_words","embeddable":true,"href":"https:\/\/pre.andbank.com\/andorra\/wp-json\/wp\/v2\/yst_prominent_words?post=482"}],"curies":[{"name":"wp","href":"https:\/\/api.w.org\/{rel}","templated":true}]}}