{"id":3300,"date":"2017-08-31T10:37:46","date_gmt":"2017-08-31T08:37:46","guid":{"rendered":"https:\/\/www.andbank.com\/andorra\/?page_id=3300\/"},"modified":"2019-10-22T12:39:39","modified_gmt":"2019-10-22T10:39:39","slug":"codigo-puk","status":"publish","type":"page","link":"https:\/\/pre.andbank.com\/andorra\/particulares\/cuentas-y-tarjetas\/tarjetas\/servicios-y-ventajas\/codigo-puk\/","title":{"rendered":"C\u00f3digo PUK"},"content":{"rendered":"<h2>Compras seguras por internet<\/h2>\n<p>Como titular de las tarjetas de Andbank puede disfrutar de nuestro sistema de compras seguras por Internet:<\/p>\n<p>&nbsp;<\/p>\n<p><strong>Verified By Visa<\/strong><\/p>\n<p>Proteja con un c\u00f3digo personal su tarjeta Visa para sus compras por Internet. El \u00fanico servicio que garantiza la autenticaci\u00f3n e identificaci\u00f3n de los usuarios de las tarjetas y de los comercios electr\u00f3nicos adheridos.<\/p>\n<p><strong>\u00bfC\u00f3mo darse de alta? A trav\u00e9s de los comercios electr\u00f3nicos adheridos:<\/strong><\/p>\n<ul>\n<li>Usted podr\u00e1 realizar hasta 3 compras en comercios electr\u00f3nicos adheridos sin haberse dado de alta.<\/li>\n<li>Si usted realiza una compra en un comercio electr\u00f3nico adherido, despu\u00e9s de introducir la numeraci\u00f3n de la tarjeta (16 d\u00edgitos) el sistema le pedir\u00e1 si quiere darse de alta en el servicio y, a continuaci\u00f3n, le solicitar\u00e1 el PIN de la tarjeta (4 d\u00edgitos). Una vez verificado, se habr\u00e1 dado de alta en el sistema de compras seguras por Internet.<\/li>\n<\/ul>\n<p><strong>A trav\u00e9s de cualquier cajero autom\u00e1tico de Andbank:<\/strong><\/p>\n<ul>\n<li>Mediante la opci\u00f3n \u201ccompras seguras por internet\u201d obtendr\u00e1 el c\u00f3digo PUK. Con este c\u00f3digo ya puede efectuar el alta como cliente seguro en la web de Andbank.<\/li>\n<\/ul>\n<p><a href=\"https:\/\/sas.sermepa.es\/adminSas\/andBanc\/castellano.html\" target=\"_blank\" rel=\"noopener\">Darse de alta con el c\u00f3digo PUK<\/a>.<\/p>\n","protected":false},"excerpt":{"rendered":"<p>Proteja con un c\u00f3digo personal su tarjeta Visa para sus compras por Internet. El \u00fanico servicio que garantiza la autenticaci\u00f3n e identificaci\u00f3n de los usuarios de las tarjetas y de los comercios electr\u00f3nicos adheridos.<\/p>\n","protected":false},"author":1,"featured_media":3363,"parent":492,"menu_order":0,"comment_status":"closed","ping_status":"closed","template":"template-detail.php","meta":{"footnotes":""},"yst_prominent_words":[4804,107,4798,4793,4736,4789,4786,1919,4788,4794,4806,4792,4801,4790,4737,4796,113,4791,4787,1918],"class_list":["post-3300","page","type-page","status-publish","has-post-thumbnail","hentry"],"acf":[],"_links":{"self":[{"href":"https:\/\/pre.andbank.com\/andorra\/wp-json\/wp\/v2\/pages\/3300"}],"collection":[{"href":"https:\/\/pre.andbank.com\/andorra\/wp-json\/wp\/v2\/pages"}],"about":[{"href":"https:\/\/pre.andbank.com\/andorra\/wp-json\/wp\/v2\/types\/page"}],"author":[{"embeddable":true,"href":"https:\/\/pre.andbank.com\/andorra\/wp-json\/wp\/v2\/users\/1"}],"replies":[{"embeddable":true,"href":"https:\/\/pre.andbank.com\/andorra\/wp-json\/wp\/v2\/comments?post=3300"}],"version-history":[{"count":0,"href":"https:\/\/pre.andbank.com\/andorra\/wp-json\/wp\/v2\/pages\/3300\/revisions"}],"up":[{"embeddable":true,"href":"https:\/\/pre.andbank.com\/andorra\/wp-json\/wp\/v2\/pages\/492"}],"wp:featuredmedia":[{"embeddable":true,"href":"https:\/\/pre.andbank.com\/andorra\/wp-json\/wp\/v2\/media\/3363"}],"wp:attachment":[{"href":"https:\/\/pre.andbank.com\/andorra\/wp-json\/wp\/v2\/media?parent=3300"}],"wp:term":[{"taxonomy":"yst_prominent_words","embeddable":true,"href":"https:\/\/pre.andbank.com\/andorra\/wp-json\/wp\/v2\/yst_prominent_words?post=3300"}],"curies":[{"name":"wp","href":"https:\/\/api.w.org\/{rel}","templated":true}]}}