{"id":3280,"date":"2017-08-30T14:49:08","date_gmt":"2017-08-30T12:49:08","guid":{"rendered":"https:\/\/www.andbank.com\/andorra\/?page_id=3280\/"},"modified":"2021-06-01T09:24:37","modified_gmt":"2021-06-01T07:24:37","slug":"via-t-plus","status":"publish","type":"page","link":"https:\/\/pre.andbank.com\/andorra\/particulares\/cuentas-y-tarjetas\/tarjetas\/servicios-y-ventajas\/via-t-plus\/","title":{"rendered":"VIA-T PLUS"},"content":{"rendered":"<p class=\"p2\">Nuevo dispositivo VIA-T con m\u00e1s ventajas: Ahora podr\u00e1 ir por la v\u00eda r\u00e1pida a los peajes de Francia, Espa\u00f1a y Portugal, sin colas ni tickets, y acceder a m\u00e1s aparcamientos, t\u00faneles de lavado y gasolineras, adem\u00e1s de los descuentos disponibles en cada concesionario.<\/p>\n<p>&nbsp;<\/p>\n<h2><strong>\u00a0Ventajas Via-T PLUS<\/strong><\/h2>\n<ul class=\"ul1\">\n<li class=\"li1\">La forma de pago m\u00e1s r\u00e1pida y c\u00f3moda, ya que no es necesario detenerse para pagar en todos los peajes de Espa\u00f1a, Francia y Portugal.<\/li>\n<li class=\"li1\">Podr\u00e1 utilizar este servicio en m\u00e1s de 180 aparcamientos espa\u00f1oles.<\/li>\n<li class=\"li1\">Disfrute del servicio tambi\u00e9n en t\u00faneles de lavado y en m\u00e1s de 3.600 gasolineras adheridas a toda Espa\u00f1a.<\/li>\n<li class=\"li1\">No se deber\u00e1 detener para recoger ning\u00fan tique.<\/li>\n<li class=\"li1\">Dispondr\u00e1 de v\u00edas r\u00e1pidas exclusivas.<\/li>\n<li class=\"li1\">La instalaci\u00f3n del transmisor es f\u00e1cil y c\u00f3moda.<\/li>\n<li class=\"li1\">Descuentos disponibles en cada concesionario.<\/li>\n<li class=\"li1\">Pago y extracto desglosado a fin de mes.<\/li>\n<\/ul>\n<p>Puede consultar los aparcamientos disponibles <a href=\"https:\/\/www.andbank.com\/andorra\/wp-content\/uploads\/sites\/10\/2017\/08\/Concession\u00e0ries_Via_T_PLUS-ESP.pdf\" rel=\"noopener\" target=\"_blank\">aqu\u00ed<\/a><br \/>\n&nbsp;<\/p>\n<h5 class=\"p1\">*Los clientes que disponen del VIA-T actual, podr\u00e1n hacer el cambio al nuevo VIA-T PLUS en cualquier momento o bien, esperar al vencimiento del aparato. El cambio al nuevo servicio puede concurrir en gastos adicionales. El precio del VIA-T Plus es de 50 euros por el aparato y 30 euros de mantenimiento anual (IGI no incluido). Si necesita m\u00e1s informaci\u00f3n, consulte a su gestor o bien, al 873 030<\/h5>\n","protected":false},"excerpt":{"rendered":"<p>Con el V\u00eda T no tendr\u00e1 que parar en ning\u00fan peaje y no tendr\u00e1 que hacer ninguna acci\u00f3n manual para el pago, solo tendr\u00e1 que instalar un transmisor que ser\u00e1 detectado cuando pase por la v\u00eda exclusiva de telepeaje.<\/p>\n","protected":false},"author":1,"featured_media":22517,"parent":492,"menu_order":0,"comment_status":"closed","ping_status":"closed","template":"template-detail.php","meta":{"footnotes":""},"yst_prominent_words":[],"class_list":["post-3280","page","type-page","status-publish","has-post-thumbnail","hentry"],"acf":[],"_links":{"self":[{"href":"https:\/\/pre.andbank.com\/andorra\/wp-json\/wp\/v2\/pages\/3280"}],"collection":[{"href":"https:\/\/pre.andbank.com\/andorra\/wp-json\/wp\/v2\/pages"}],"about":[{"href":"https:\/\/pre.andbank.com\/andorra\/wp-json\/wp\/v2\/types\/page"}],"author":[{"embeddable":true,"href":"https:\/\/pre.andbank.com\/andorra\/wp-json\/wp\/v2\/users\/1"}],"replies":[{"embeddable":true,"href":"https:\/\/pre.andbank.com\/andorra\/wp-json\/wp\/v2\/comments?post=3280"}],"version-history":[{"count":0,"href":"https:\/\/pre.andbank.com\/andorra\/wp-json\/wp\/v2\/pages\/3280\/revisions"}],"up":[{"embeddable":true,"href":"https:\/\/pre.andbank.com\/andorra\/wp-json\/wp\/v2\/pages\/492"}],"wp:featuredmedia":[{"embeddable":true,"href":"https:\/\/pre.andbank.com\/andorra\/wp-json\/wp\/v2\/media\/22517"}],"wp:attachment":[{"href":"https:\/\/pre.andbank.com\/andorra\/wp-json\/wp\/v2\/media?parent=3280"}],"wp:term":[{"taxonomy":"yst_prominent_words","embeddable":true,"href":"https:\/\/pre.andbank.com\/andorra\/wp-json\/wp\/v2\/yst_prominent_words?post=3280"}],"curies":[{"name":"wp","href":"https:\/\/api.w.org\/{rel}","templated":true}]}}