{"id":3278,"date":"2017-08-30T14:47:13","date_gmt":"2017-08-30T12:47:13","guid":{"rendered":"https:\/\/www.andbank.com\/andorra\/?page_id=3278\/"},"modified":"2019-09-27T13:14:20","modified_gmt":"2019-09-27T11:14:20","slug":"contactless","status":"publish","type":"page","link":"https:\/\/pre.andbank.com\/andorra\/particulares\/cuentas-y-tarjetas\/tarjetas\/servicios-y-ventajas\/contactless\/","title":{"rendered":"Contactless"},"content":{"rendered":"<h2>Pagos con un solo gesto<\/h2>\n<p>Contactless (sin contacto) es el sistema de pago con tarjeta m\u00e1s r\u00e1pido hasta el momento: s\u00f3lo acercando la tarjeta al terminal TPV ya se realiza el pago.<\/p>\n<p>Este nuevo sistema de pago contactless permite que los consumidores ahorren tiempo ya que es mucho m\u00e1s f\u00e1cil y \u00e1gil acercar la\u00a0tarjeta al terminal que el pago convencional.<\/p>\n<p>&nbsp;<\/p>\n<h2>\u00bfCu\u00e1les son sus ventajas?<\/h2>\n<ul>\n<li>Rapidez: basta acercar la tarjeta al terminal para poder ser detectada.<\/li>\n<li>Comodidad: no necesita introducir el PIN en pagos inferiores a 20 \u20ac ni firmar el ticket de compra.<\/li>\n<li>Flexibilidad: la tarjeta tambi\u00e9n funciona como una tarjeta normal en terminales no adaptados a la tecnolog\u00eda contactless.<\/li>\n<li>Seguridad: acerque usted la tarjeta al lector, no hay que darla a nadie ni hacer ning\u00fan contacto con ning\u00fan elemento que la desgaste.<\/li>\n<\/ul>\n<h2><\/h2>\n<h2>\u00bfC\u00f3mo funciona y d\u00f3nde?<\/h2>\n<p>El funcionamiento es r\u00e1pido y c\u00f3modo:<\/p>\n<ol>\n<li>El comercio o entidad teclea el importe de la compra en el TPV contactless.<\/li>\n<li>El usuario acerca la tarjeta al terminal.<\/li>\n<li>El pago se produce de manera autom\u00e1tica, si el importe es inferior a 20 \u20ac, y se imprime el recibo de la operaci\u00f3n.<\/li>\n<li>Si el importe es superior a 20 \u20ac, el cliente deber\u00e1 introducir el n\u00fam. secreto PIN para validar la operaci\u00f3n.<\/li>\n<\/ol>\n<p>Las tarjetas contactless funcionan en cualquier establecimiento que tenga el terminal o el dat\u00e1fono adaptado con la tecnolog\u00eda NCF (contactless) que se distingue con el mismo s\u00edmbolo de la tarjeta.<\/p>\n","protected":false},"excerpt":{"rendered":"<p>Este nuevo sistema de pago contactless permite que los consumidores ahorren tiempo ya que es mucho m\u00e1s f\u00e1cil y \u00e1gil acercar tarjeta al terminal que el pago convencional.<\/p>\n","protected":false},"author":1,"featured_media":3327,"parent":492,"menu_order":0,"comment_status":"closed","ping_status":"closed","template":"template-detail.php","meta":{"footnotes":""},"yst_prominent_words":[2383,4862,4851,4848,4732,4852,4883,4870,330,4864,4873,1946,3016,4867,113,4850,4849,105,4855,4860],"class_list":["post-3278","page","type-page","status-publish","has-post-thumbnail","hentry"],"acf":[],"_links":{"self":[{"href":"https:\/\/pre.andbank.com\/andorra\/wp-json\/wp\/v2\/pages\/3278"}],"collection":[{"href":"https:\/\/pre.andbank.com\/andorra\/wp-json\/wp\/v2\/pages"}],"about":[{"href":"https:\/\/pre.andbank.com\/andorra\/wp-json\/wp\/v2\/types\/page"}],"author":[{"embeddable":true,"href":"https:\/\/pre.andbank.com\/andorra\/wp-json\/wp\/v2\/users\/1"}],"replies":[{"embeddable":true,"href":"https:\/\/pre.andbank.com\/andorra\/wp-json\/wp\/v2\/comments?post=3278"}],"version-history":[{"count":0,"href":"https:\/\/pre.andbank.com\/andorra\/wp-json\/wp\/v2\/pages\/3278\/revisions"}],"up":[{"embeddable":true,"href":"https:\/\/pre.andbank.com\/andorra\/wp-json\/wp\/v2\/pages\/492"}],"wp:featuredmedia":[{"embeddable":true,"href":"https:\/\/pre.andbank.com\/andorra\/wp-json\/wp\/v2\/media\/3327"}],"wp:attachment":[{"href":"https:\/\/pre.andbank.com\/andorra\/wp-json\/wp\/v2\/media?parent=3278"}],"wp:term":[{"taxonomy":"yst_prominent_words","embeddable":true,"href":"https:\/\/pre.andbank.com\/andorra\/wp-json\/wp\/v2\/yst_prominent_words?post=3278"}],"curies":[{"name":"wp","href":"https:\/\/api.w.org\/{rel}","templated":true}]}}