{"id":326,"date":"2017-04-19T10:22:16","date_gmt":"2017-04-19T08:22:16","guid":{"rendered":"https:\/\/www.andbank.com\/andorra\/?page_id=326\/"},"modified":"2024-07-30T17:40:22","modified_gmt":"2024-07-30T15:40:22","slug":"aviso-legal","status":"publish","type":"page","link":"https:\/\/pre.andbank.com\/andorra\/informacion-legal\/aviso-legal\/","title":{"rendered":"Aviso legal"},"content":{"rendered":"\r\n<p>La informaci\u00f3n contenida en la p\u00e1gina web de Andbank tiene como objetivo dar a conocer a las personas que acceden a ella nuestros productos y servicios y a establecer canales informativos de comunicaci\u00f3n directa con el p\u00fablico en general, y con los clientes, en particular, a trav\u00e9s del correo electr\u00f3nico.<\/p>\r\n\r\n\r\n\r\n<p>La documentaci\u00f3n y el dise\u00f1o gr\u00e1fico es propiedad de Andbank. Por lo tanto, queda prohibida la reproducci\u00f3n, copia, distribuci\u00f3n o cualquier otro acto de manipulaci\u00f3n de esta documentaci\u00f3n, sin autorizaci\u00f3n expresa de Andbank. Por el uso indebido, Andbank podr\u00e1 ejercitar cuantas acciones -judiciales o extrajudiciales- tenga por conveniente.<\/p>\r\n\r\n\r\n\r\n<p>El acceso a la p\u00e1gina web de Andbank y el uso de la informaci\u00f3n contenida en ella es responsabilidad exclusiva de quien accede. En ning\u00fan caso la informaci\u00f3n contenida en la citada web se puede entender como recomendaci\u00f3n, asesoramiento u oferta de contrataci\u00f3n, de forma que Andbank no ser\u00e1 responsable de ning\u00fan da\u00f1o o perjuicio que pudiera derivarse de dicho acceso o uso de la informaci\u00f3n. Andbank no garantiza que la informaci\u00f3n, los textos, los gr\u00e1ficos, los v\u00ednculos o el contenido de todos los art\u00edculos que figuran en la web de Andbank sean exactos o completos.<\/p>\r\n\r\n\r\n\r\n<p>Andbank se reserva el derecho de modificar, suspender, cancelar o restringir el contenido de la web o los v\u00ednculos sin necesidad de preaviso.<\/p>\r\n\r\n\r\n\r\n<p>Andbank no adquiere ning\u00fan compromiso de la actualizaci\u00f3n de la informaci\u00f3n contenida en la web de Andbank, ni asume ninguna responsabilidad sobre los contenidos y servicios comerciales o de otra \u00edndole que las otras webs con las que se pueda enlazar electr\u00f3nicamente, de forma directa o indirecta desde las webs de Andbank.<\/p>\r\n\r\n\r\n\r\n<p>Andbank declina toda responsabilidad por el acceso de personas desde jurisdicciones en las que, por el motivo que sea, est\u00e9 prohibida la publicaci\u00f3n o disposici\u00f3n de la web de Andbank y, si cabe, podr\u00e1 restringir o rehusar el acceso.<\/p>\r\n\r\n\r\n\r\n<h2 class=\"wp-block-heading\">Emisi\u00f3n de Capital Contingente<\/h2>\r\n\r\n\r\n\r\n<p>Informaci\u00f3n relevante para tenedores:<\/p>\r\n\r\n\r\n\r\n<ul class=\"wp-block-list\">\r\n<li><a href=\"https:\/\/www.andbank.com\/wp-content\/uploads\/2017\/06\/01-tc-subordinated-debt-andbank-non-convertible_070416_1460042123_17_.pdf\" target=\"_blank\" rel=\"noopener noreferrer\">Folleto CoCos no convertibles<\/a><\/li>\r\n<li><a href=\"https:\/\/www.andbank.com\/wp-content\/uploads\/2024\/07\/Informacion_trimestral_Cocos_31-03-2024_ESP.pdf\" target=\"_blank\" rel=\"noreferrer noopener\">Informaci\u00f3n trimestral<\/a><\/li>\r\n<\/ul>\r\n\r\n","protected":false},"excerpt":{"rendered":"<p>La informaci\u00f3n contenida en la p\u00e1gina web de Andbank tiene como objetivo dar a conocer a las personas que acceden a ella nuestros productos y servicios y a establecer canales informativos de comunicaci\u00f3n directa con el p\u00fablico en general, y con los clientes, en particular, a trav\u00e9s del correo electr\u00f3nico. La documentaci\u00f3n y el dise\u00f1o [&hellip;]<\/p>\n","protected":false},"author":18,"featured_media":15837,"parent":34,"menu_order":15,"comment_status":"closed","ping_status":"closed","template":"template-info-detail.php","meta":{"footnotes":""},"yst_prominent_words":[703,704,381,699,694,3840,700,690,706,4319,705,695,702,689],"class_list":["post-326","page","type-page","status-publish","has-post-thumbnail","hentry"],"acf":[],"_links":{"self":[{"href":"https:\/\/pre.andbank.com\/andorra\/wp-json\/wp\/v2\/pages\/326"}],"collection":[{"href":"https:\/\/pre.andbank.com\/andorra\/wp-json\/wp\/v2\/pages"}],"about":[{"href":"https:\/\/pre.andbank.com\/andorra\/wp-json\/wp\/v2\/types\/page"}],"author":[{"embeddable":true,"href":"https:\/\/pre.andbank.com\/andorra\/wp-json\/wp\/v2\/users\/18"}],"replies":[{"embeddable":true,"href":"https:\/\/pre.andbank.com\/andorra\/wp-json\/wp\/v2\/comments?post=326"}],"version-history":[{"count":22,"href":"https:\/\/pre.andbank.com\/andorra\/wp-json\/wp\/v2\/pages\/326\/revisions"}],"predecessor-version":[{"id":25953,"href":"https:\/\/pre.andbank.com\/andorra\/wp-json\/wp\/v2\/pages\/326\/revisions\/25953"}],"up":[{"embeddable":true,"href":"https:\/\/pre.andbank.com\/andorra\/wp-json\/wp\/v2\/pages\/34"}],"wp:featuredmedia":[{"embeddable":true,"href":"https:\/\/pre.andbank.com\/andorra\/wp-json\/wp\/v2\/media\/15837"}],"wp:attachment":[{"href":"https:\/\/pre.andbank.com\/andorra\/wp-json\/wp\/v2\/media?parent=326"}],"wp:term":[{"taxonomy":"yst_prominent_words","embeddable":true,"href":"https:\/\/pre.andbank.com\/andorra\/wp-json\/wp\/v2\/yst_prominent_words?post=326"}],"curies":[{"name":"wp","href":"https:\/\/api.w.org\/{rel}","templated":true}]}}