{"id":317,"date":"2017-04-19T09:56:44","date_gmt":"2017-04-19T07:56:44","guid":{"rendered":"https:\/\/www.andbank.com\/andorra\/?page_id=317\/"},"modified":"2024-08-26T07:33:26","modified_gmt":"2024-08-26T05:33:26","slug":"cumplimiento-normativo","status":"publish","type":"page","link":"https:\/\/pre.andbank.com\/andorra\/informacion-legal\/cumplimiento-normativo\/","title":{"rendered":"Cumplimiento normativo"},"content":{"rendered":"<h2>Ley 8\/2013 (Directiva de Mercados e Instrumentos Financieros \u2013 MiFID)<\/h2>\n<p>Ley 8\/213 sobre las condiciones de funcionamiento de entidades financieras y la protecci\u00f3n del inversor, entre otros temas.<\/p>\n<ul>\n<li><a href=\"https:\/\/www.andbank.com\/wp-content\/uploads\/2023\/08\/castella-documento-web-mifid-vfinal_v2-3.pdf\" target=\"_blank\" rel=\"noopener noreferrer\">Informaci\u00f3n precontractual.<\/a><\/li>\n<li><a href=\"https:\/\/www.andbank.com\/wp-content\/uploads\/2022\/03\/politica_de_conflicto_de_interes_esp.pdf\" target=\"_blank\" rel=\"noopener noreferrer\">Pol\u00edtica de gesti\u00f3n de conflictos de inter\u00e9s.<\/a><\/li>\n<li><a href=\"https:\/\/www.andbank.com\/andorra\/wp-content\/uploads\/sites\/10\/2023\/11\/AND-POL-045-WEB-ESP-Politica-de-Mejor-Ejecucion.pdf\">Pol\u00edtica de ejecuci\u00f3n de \u00f3rdenes.<\/a><\/li>\n<li><a href=\"https:\/\/www.andbank.com\/wp-content\/uploads\/2022\/03\/politica_de_salvaguarda_activos_esp.pdf\" target=\"_blank\" rel=\"noopener noreferrer\">Pol\u00edtica de salvaguarda de activos.<\/a><\/li>\n<\/ul>\n<h2><\/h2>\n<h2>CRS<\/h2>\n<p>Common Reporting Standards (CRS) es un sistema de intercambio autom\u00e1tico de informaci\u00f3n fiscal entre pa\u00edses, que permite a las Administraciones Tributarias de los pa\u00edses que est\u00e9n adheridos obtener anualmente informaci\u00f3n fiscal relativa a las inversiones o posiciones que sus residentes fiscales mantienen en entidades financieras situadas en el extranjero (fuera del pa\u00eds donde son residentes fiscales).<\/p>\n<p>En este sentido, el pasado 1 de enero de 2017 entr\u00f3 en vigor en el Principado de Andorra la Llei 19\/2016, del 30 de novembre, d\u2019intercanvi autom\u00e0tic d\u2019informaci\u00f3 en mat\u00e8ria fiscal (en adelante, Ley de Intercambio autom\u00e1tico).<\/p>\n<p>La Ley de Intercambio autom\u00e1tico implementa en el Principado de Andorra el est\u00e1ndar com\u00fan de la OCDE (Common Reporting Standards) de las normas de comunicaci\u00f3n y diligencia debida, acerca de la informaci\u00f3n sobre cuentas financieras, con la intenci\u00f3n de mejorar el cumplimiento fiscal internacional en base al intercambio autom\u00e1tico rec\u00edproco.<\/p>\n<p>Mediante dicha Ley se regula el intercambio autom\u00e1tico de informaci\u00f3n sobre cuentas financieras entre el Principado de Andorra y otros Estados seg\u00fan lo dispuesto en los respectivos acuerdos o convenios internacionales aplicables, con lo que el Principado de Andorra se sit\u00faa en los niveles m\u00e1s elevados en cuanto a transparencia en materia de intercambio de informaci\u00f3n con otros pa\u00edses OCDE.<\/p>\n<ul>\n<li><a href=\"https:\/\/www.andbank.com\/andorra\/andbank-crs\/\" target=\"_blank\" rel=\"noopener\">M\u00e1s informaci\u00f3n sobre el CRS<\/a><\/li>\n<\/ul>\n<h2><\/h2>\n<h2>Prevenci\u00f3n Blanqueo de Capitales y lucha contra el terrorismo<\/h2>\n<p>Declaraci\u00f3n general sobre las pol\u00edticas de prevenci\u00f3n de blanqueo de capitales en el grupo Andbank<\/p>\n<ul>\n<li><a href=\"https:\/\/www.andbank.com\/andorra\/wp-content\/uploads\/sites\/10\/2023\/01\/2023_DECLARACION-AML-AB_ES.pdf\" target=\"_blank\" rel=\"noopener noreferrer\">Acceder al pdf<\/a><\/li>\n<\/ul>\n<h2>AML Wolfsberg Questionnaire<\/h2>\n<ul>\n<li><a href=\"https:\/\/www.andbank.com\/andorra\/wp-content\/uploads\/sites\/10\/2024\/08\/CBDDQ-v14.4_ANDBANK.pdf\" target=\"_blank\" rel=\"noopener noreferrer\">Acceder al pdf<\/a><\/li>\n<\/ul>\n<h2><\/h2>\n<h2>USA Patriot Act<\/h2>\n<ul>\n<li><a href=\"https:\/\/www.andbank.com\/andorra\/wp-content\/uploads\/sites\/10\/2024\/03\/ANDBANK-2024-USA-Patriot-Act-Certificate-2.pdf\">Acceder al USA PATRIOT ACT CERTIFICATE<\/a><\/li>\n<\/ul>\n<h2>Fondo de Garant\u00eda<\/h2>\n<ul>\n<li><a href=\"https:\/\/www.afa.ad\/es\/fons-de-garantia?set_language=es\" target=\"_blank\" rel=\"noopener\">Acceder<\/a><\/li>\n<\/ul>\n","protected":false},"excerpt":{"rendered":"<p>Ley 8\/2013 (Directiva de Mercados e Instrumentos Financieros \u2013 MiFID) Ley 8\/213 sobre las condiciones de funcionamiento de entidades financieras y la protecci\u00f3n del inversor, entre otros temas. Informaci\u00f3n precontractual. Pol\u00edtica de gesti\u00f3n de conflictos de inter\u00e9s. Pol\u00edtica de ejecuci\u00f3n de \u00f3rdenes. Pol\u00edtica de salvaguarda de activos. CRS Common Reporting Standards (CRS) es un sistema [&hellip;]<\/p>\n","protected":false},"author":18,"featured_media":734,"parent":34,"menu_order":12,"comment_status":"closed","ping_status":"closed","template":"template-info-detail.php","meta":{"footnotes":""},"yst_prominent_words":[1318,1794,1317,1797,1793,1800,2493,1799,1796,1792,1322,1790,1795,1791,1320,253,1798,1323,1319,1316],"class_list":["post-317","page","type-page","status-publish","has-post-thumbnail","hentry"],"acf":[],"_links":{"self":[{"href":"https:\/\/pre.andbank.com\/andorra\/wp-json\/wp\/v2\/pages\/317"}],"collection":[{"href":"https:\/\/pre.andbank.com\/andorra\/wp-json\/wp\/v2\/pages"}],"about":[{"href":"https:\/\/pre.andbank.com\/andorra\/wp-json\/wp\/v2\/types\/page"}],"author":[{"embeddable":true,"href":"https:\/\/pre.andbank.com\/andorra\/wp-json\/wp\/v2\/users\/18"}],"replies":[{"embeddable":true,"href":"https:\/\/pre.andbank.com\/andorra\/wp-json\/wp\/v2\/comments?post=317"}],"version-history":[{"count":16,"href":"https:\/\/pre.andbank.com\/andorra\/wp-json\/wp\/v2\/pages\/317\/revisions"}],"predecessor-version":[{"id":26165,"href":"https:\/\/pre.andbank.com\/andorra\/wp-json\/wp\/v2\/pages\/317\/revisions\/26165"}],"up":[{"embeddable":true,"href":"https:\/\/pre.andbank.com\/andorra\/wp-json\/wp\/v2\/pages\/34"}],"wp:featuredmedia":[{"embeddable":true,"href":"https:\/\/pre.andbank.com\/andorra\/wp-json\/wp\/v2\/media\/734"}],"wp:attachment":[{"href":"https:\/\/pre.andbank.com\/andorra\/wp-json\/wp\/v2\/media?parent=317"}],"wp:term":[{"taxonomy":"yst_prominent_words","embeddable":true,"href":"https:\/\/pre.andbank.com\/andorra\/wp-json\/wp\/v2\/yst_prominent_words?post=317"}],"curies":[{"name":"wp","href":"https:\/\/api.w.org\/{rel}","templated":true}]}}