{"id":308,"date":"2017-04-19T09:18:02","date_gmt":"2017-04-19T07:18:02","guid":{"rendered":"https:\/\/www.andbank.com\/andorra\/?page_id=308\/"},"modified":"2023-04-02T19:19:20","modified_gmt":"2023-04-02T17:19:20","slug":"trabaja-con-nosotros","status":"publish","type":"page","link":"https:\/\/pre.andbank.com\/andorra\/sobre-nosotros\/trabaja-con-nosotros\/","title":{"rendered":"Trabajar en Andbank"},"content":{"rendered":"<p><strong>Nuestro compromiso es atraer a los mejores talentos all\u00e1 donde est\u00e9n para complementar as\u00ed un equipo de profesionales excepcionales que comparten nuestra filosof\u00eda y valores de trabajo.<\/strong><\/p>\n<p>Si desea formar parte de un equipo humano joven e innovador, con una alta vocaci\u00f3n de servicio y apasionado por su trabajo, env\u00edenos su CV a trav\u00e9s del siguiente formulario.<\/p>\n","protected":false},"excerpt":{"rendered":"<p>Somos una empresa comprometida con sus trabajadores, siempre buscando las mejores opciones de formaci\u00f3n para garantizar a nuestros clientes un servicio profesional y de vanguardia.<\/p>\n","protected":false},"author":18,"featured_media":753,"parent":156,"menu_order":197,"comment_status":"closed","ping_status":"closed","template":"template-detail.php","meta":{"footnotes":""},"yst_prominent_words":[633,367],"class_list":["post-308","page","type-page","status-publish","has-post-thumbnail","hentry"],"acf":[],"_links":{"self":[{"href":"https:\/\/pre.andbank.com\/andorra\/wp-json\/wp\/v2\/pages\/308"}],"collection":[{"href":"https:\/\/pre.andbank.com\/andorra\/wp-json\/wp\/v2\/pages"}],"about":[{"href":"https:\/\/pre.andbank.com\/andorra\/wp-json\/wp\/v2\/types\/page"}],"author":[{"embeddable":true,"href":"https:\/\/pre.andbank.com\/andorra\/wp-json\/wp\/v2\/users\/18"}],"replies":[{"embeddable":true,"href":"https:\/\/pre.andbank.com\/andorra\/wp-json\/wp\/v2\/comments?post=308"}],"version-history":[{"count":1,"href":"https:\/\/pre.andbank.com\/andorra\/wp-json\/wp\/v2\/pages\/308\/revisions"}],"predecessor-version":[{"id":25007,"href":"https:\/\/pre.andbank.com\/andorra\/wp-json\/wp\/v2\/pages\/308\/revisions\/25007"}],"up":[{"embeddable":true,"href":"https:\/\/pre.andbank.com\/andorra\/wp-json\/wp\/v2\/pages\/156"}],"wp:featuredmedia":[{"embeddable":true,"href":"https:\/\/pre.andbank.com\/andorra\/wp-json\/wp\/v2\/media\/753"}],"wp:attachment":[{"href":"https:\/\/pre.andbank.com\/andorra\/wp-json\/wp\/v2\/media?parent=308"}],"wp:term":[{"taxonomy":"yst_prominent_words","embeddable":true,"href":"https:\/\/pre.andbank.com\/andorra\/wp-json\/wp\/v2\/yst_prominent_words?post=308"}],"curies":[{"name":"wp","href":"https:\/\/api.w.org\/{rel}","templated":true}]}}