{"id":23463,"date":"2022-02-17T19:37:16","date_gmt":"2022-02-17T17:37:16","guid":{"rendered":"https:\/\/www.andbank.com\/andorra\/?page_id=23463"},"modified":"2022-05-24T16:43:27","modified_gmt":"2022-05-24T14:43:27","slug":"visa-solidaria","status":"publish","type":"page","link":"https:\/\/pre.andbank.com\/andorra\/particulares\/cuentas-y-tarjetas\/tarjetas\/tarjetas-de-credito\/visa-solidaria\/","title":{"rendered":"Visa Solidaria"},"content":{"rendered":"<h2>Colaborando juntos<\/h2>\n<p>&nbsp;<br \/>\nCon nuestra tarjeta solidaria de Andbank, se destinar\u00e1 el 25% de la comisi\u00f3n de emisi\u00f3n y mantenimiento al Hospital Sant Joan de D\u00e9u.<br \/>\n&nbsp;<\/p>\n<h2>Ventajas de la tarjeta Visa Solidaria<\/h2>\n<ul>\n<li><b>Flexibilidad.<\/b> Le permite pagar sus compres o Servicios de forma c\u00f2moda y segura.<\/li>\n<li><b>Seguridad.<\/b> La m\u00e0xima Seguridad contra el uso fraudulento gracias a su tecnologia EMV (chip), adem\u00e1s de un control met\u00f3dico para detectar operaciones fraudulentas.<\/li>\n<li><b>Seguros gratuitos<\/b> Accidente de viaje en transporte p\u00fablico con la tarjeta Visa Solidaria. Consulte <a href=\"https:\/\/www.andbank.com\/andorra\/wp-content\/uploads\/sites\/10\/2022\/05\/PO\u0300LISSA-ASSISTE\u0300NCIA-EN-VIATGE-CLASSIC-2021-CAST.pdf\" target=\"_blank\" rel=\"noopener\">aqu\u00ed<\/a> para conocer las coberturas incluidas.<br \/>Tel\u00e9fono de urgencia: <a href=\"tel:+34934631234\">+34 93 463 12 34<\/a><\/li>\n<li><b>Seguro antifraude opcional.<\/b> Puede disponer de un seguro antifraude de 18,75\u20ac anuales que le cubrir\u00e1 ante la p\u00e9rdida o robo de su tarjeta.<\/li>\n<li><b>Descuentos<\/b> en gasolineras en Andorra del Grupo Artal, Cepsa y Elf y en comercios afiliados.<\/li>\n<li>Amplia red de <b>cajeros autom\u00e1ticos<\/b>: 23 cajeros en Andorra y m\u00e1s de 800.000 en todo el mundo.<\/li>\n<\/ul>\n<p>&nbsp;<\/p>\n<h2>Caracter\u00edsticas<\/h2>\n<ul>\n<li><b>Flexibilidad de pago.<\/b> Podr\u00e1 elegir el pago de la totalidad de sus compras a final de mes o bien puede aplazar sus pagos en cuotas mensuales porcentuales o importes fijos.<\/li>\n<li><b>Un contable personal.<\/b> La informaci\u00f3n m\u00e1s detallada: mensual, anual y opcionalmente quincenal, por tipo de operaci\u00f3n, sector de actividad y pa\u00edses.<\/li>\n<li>Sistema de pago <b><i>Contactless<\/i><\/b> que le permite un pago r\u00e1pido, c\u00f3modo y seguro solo con acercar su tarjeta al terminal de venta TPV.<\/li>\n<li><b>Compras seguras <\/b> por internet <i>Visa Secure<\/i>. Proteja con un c\u00f3digo personal su tarjeta Visa para sus compras por Internet. El \u00fanico servicio que garantiza la autenticaci\u00f3n e identificaci\u00f3n de los usuarios de las tarjetas y de los comercios electr\u00f3nicos adheridos.<\/li>\n<li><b>Servicio de aviso por SMS<\/b>. Le avisamos por SMS de las compras que efect\u00fae con su tarjeta cada vez que realice una operaci\u00f3n superior a 50\u20ac. Recibir\u00e1 un SMS en su m\u00f3vil que le avisar\u00e1 del importe de su compra y de la empresa o comercio donde la ha efectuado. Consulte con su gestor para obtener el servicio.<br \/>\n<h6>Coste del Servicio: 1\u20ac mensual<\/h6>\n<\/li>\n<\/ul>\n<p>&nbsp;<\/p>\n<h4>Tel\u00e9fonos de urgencia en caso de p\u00e9rdida o robo:<\/h4>\n<p><a href=\"tel:+376739039\">+376 739 039<\/a><br \/>\n<a href=\"tel:+34913626200\">+34 913 62 62 00<\/a><br \/>\n<a href=\"tel:+18008472911\">+1 800 847 29 11 (EEUU)<\/a><br \/>\n&nbsp;<\/p>\n<h4><strong>*Coberturas del seguro antifraude.<\/strong><\/h4>\n<ul>\n<li>El seguro antifraude cubre la p\u00e9rdida, hurto o robo de la tarjeta. Est\u00e1n incluidas las compras realizadas con la tarjeta, las disposiciones de efectivo por cajero, as\u00ed como las operaciones por internet y por tel\u00e9fono.<\/li>\n<li>La cobertura de siniestros ocasionados por estos casos asegura hasta las siguientes indemnizaciones:<br \/>\n&nbsp;&nbsp;&nbsp;&nbsp;&nbsp;&nbsp;&nbsp;&nbsp;&#8211; Tarjeta Electron: 1.500\u20ac por siniestro<br \/>\n&nbsp;&nbsp;&nbsp;&nbsp;&nbsp;&nbsp;&nbsp;&nbsp;&#8211; Tarjeta Classic: 3.000\u20ac por siniestro<br \/>\n&nbsp;&nbsp;&nbsp;&nbsp;&nbsp;&nbsp;&nbsp;&nbsp;&#8211; Tarjeta Or: 6.000\u20ac por siniestro<br \/>\n&nbsp;&nbsp;&nbsp;&nbsp;&nbsp;&nbsp;&nbsp;&nbsp;&#8211; Tarjeta Platinum: 12.000\u20ac por siniestro<\/li>\n<li>El seguro tiene un l\u00edmite de hasta 35 operaciones.<\/li>\n<li>Hasta 72 horas anteriores al momento en que se ha tramitado la denuncia, la cual debe haberse presentado en los \u00faltimos 45 d\u00edas.<\/li>\n<\/ul>\n","protected":false},"excerpt":{"rendered":"<p>Colaborando juntos &nbsp; Con nuestra tarjeta solidaria de Andbank, se destinar\u00e1 el 25% de la comisi\u00f3n de emisi\u00f3n y mantenimiento al Hospital Sant Joan de D\u00e9u. &nbsp; Ventajas de la tarjeta Visa Solidaria Flexibilidad. Le permite pagar sus compres o Servicios de forma c\u00f2moda y segura. Seguridad. La m\u00e0xima Seguridad contra el uso fraudulento gracias [&hellip;]<\/p>\n","protected":false},"author":28,"featured_media":23471,"parent":491,"menu_order":1,"comment_status":"closed","ping_status":"closed","template":"","meta":{"footnotes":""},"yst_prominent_words":[1917],"class_list":["post-23463","page","type-page","status-publish","has-post-thumbnail","hentry"],"acf":[],"_links":{"self":[{"href":"https:\/\/pre.andbank.com\/andorra\/wp-json\/wp\/v2\/pages\/23463"}],"collection":[{"href":"https:\/\/pre.andbank.com\/andorra\/wp-json\/wp\/v2\/pages"}],"about":[{"href":"https:\/\/pre.andbank.com\/andorra\/wp-json\/wp\/v2\/types\/page"}],"author":[{"embeddable":true,"href":"https:\/\/pre.andbank.com\/andorra\/wp-json\/wp\/v2\/users\/28"}],"replies":[{"embeddable":true,"href":"https:\/\/pre.andbank.com\/andorra\/wp-json\/wp\/v2\/comments?post=23463"}],"version-history":[{"count":12,"href":"https:\/\/pre.andbank.com\/andorra\/wp-json\/wp\/v2\/pages\/23463\/revisions"}],"predecessor-version":[{"id":24185,"href":"https:\/\/pre.andbank.com\/andorra\/wp-json\/wp\/v2\/pages\/23463\/revisions\/24185"}],"up":[{"embeddable":true,"href":"https:\/\/pre.andbank.com\/andorra\/wp-json\/wp\/v2\/pages\/491"}],"wp:featuredmedia":[{"embeddable":true,"href":"https:\/\/pre.andbank.com\/andorra\/wp-json\/wp\/v2\/media\/23471"}],"wp:attachment":[{"href":"https:\/\/pre.andbank.com\/andorra\/wp-json\/wp\/v2\/media?parent=23463"}],"wp:term":[{"taxonomy":"yst_prominent_words","embeddable":true,"href":"https:\/\/pre.andbank.com\/andorra\/wp-json\/wp\/v2\/yst_prominent_words?post=23463"}],"curies":[{"name":"wp","href":"https:\/\/api.w.org\/{rel}","templated":true}]}}