{"id":209,"date":"2017-04-11T13:01:52","date_gmt":"2017-04-11T11:01:52","guid":{"rendered":"https:\/\/www.andbank.com\/andorra\/?page_id=209\/"},"modified":"2019-09-26T15:14:21","modified_gmt":"2019-09-26T13:14:21","slug":"instrumentos-de-inversion","status":"publish","type":"page","link":"https:\/\/pre.andbank.com\/andorra\/banca-privada\/nuestros-servicios\/instrumentos-de-inversion\/","title":{"rendered":"Instrumentos de Inversi\u00f3n"},"content":{"rendered":"<p>En Andbank ofrecemos a nuestros clientes instrumentos de inversi\u00f3n que se adaptan a sus necesidades, a trav\u00e9s de un modelo de arquitectura abierta. El asesoramiento financiero independiente es una pieza fundamental de nuestro servicio. Nos adaptamos a las necesidades, preferencias y estructura patrimonial de nuestros clientes y proponemos las mejores recomendaciones sin conflicto de inter\u00e9s. Nuestro objetivo es ofrecer un servicio integral, global y flexible al cliente.<\/p>\n<p>&nbsp;<\/p>\n<h2>Fondos de inversi\u00f3n<\/h2>\n<p>Andbank cuenta con un equipo especializado en inversi\u00f3n, que se encarga de seleccionar los mejores fondos para cada cliente a nivel global. Ofrecemos una amplia gama de fondos de inversi\u00f3n, tanto propios -a trav\u00e9s de la gestora Andbank Asset Management-, como de las gestoras internacionales m\u00e1s importantes.<\/p>\n<p><a href=\"https:\/\/www.andbank.com\/andorra\/banca-privada\/nuestros-servicios\/instrumentos-de-inversion\/nuestros-fondos\/\">Aqu\u00ed puede conocer nuestros <strong>fondos<\/strong><\/a>.<\/p>\n<p>&nbsp;<\/p>\n<h2>Sicavs<\/h2>\n<p>Las sicavs son instrumentos que permiten invertir en activos financieros a trav\u00e9s de una sociedad de inversi\u00f3n colectiva de capital variable. En Andbank gestionamos m\u00e1s de 70 sicavs.<\/p>\n<p><a href=\"https:\/\/www.andbank.com\/andorra\/banca-privada\/nuestros-servicios\/instrumentos-de-inversion\/nuestros-fondos\/\">Aqu\u00ed puede conocer nuestras <strong>sicavs<\/strong><\/a>.<\/p>\n<p>&nbsp;<\/p>\n<h2>Coinversi\u00f3n en operaciones exclusivas<\/h2>\n<p>Andbank ofrece a sus clientes la posibilidad de coinvertir en operaciones exclusivas. Esta pr\u00e1ctica permite a los inversores compartir riesgos y aunar recursos para adquirir sociedades de mayor tama\u00f1o. Reunimos inversores provenientes de diversos entornos, particulares, profesionales, negocios familiares o empresas de capital privado<\/p>\n","protected":false},"excerpt":{"rendered":"<p>Somos un banco de familias, lo que nos da una ventaja competitiva clave con la que queda patente que compartimos los mismos intereses que nuestros clientes.<\/p>\n","protected":false},"author":1,"featured_media":4877,"parent":87,"menu_order":264,"comment_status":"closed","ping_status":"closed","template":"template-detail.php","meta":{"footnotes":""},"yst_prominent_words":[107,2912,364,2454,2911,2914,2903,2900,2910,2907,2902,2915,2909,2908,2906,2913,2901,1948,2904,2905],"class_list":["post-209","page","type-page","status-publish","has-post-thumbnail","hentry"],"acf":[],"_links":{"self":[{"href":"https:\/\/pre.andbank.com\/andorra\/wp-json\/wp\/v2\/pages\/209"}],"collection":[{"href":"https:\/\/pre.andbank.com\/andorra\/wp-json\/wp\/v2\/pages"}],"about":[{"href":"https:\/\/pre.andbank.com\/andorra\/wp-json\/wp\/v2\/types\/page"}],"author":[{"embeddable":true,"href":"https:\/\/pre.andbank.com\/andorra\/wp-json\/wp\/v2\/users\/1"}],"replies":[{"embeddable":true,"href":"https:\/\/pre.andbank.com\/andorra\/wp-json\/wp\/v2\/comments?post=209"}],"version-history":[{"count":0,"href":"https:\/\/pre.andbank.com\/andorra\/wp-json\/wp\/v2\/pages\/209\/revisions"}],"up":[{"embeddable":true,"href":"https:\/\/pre.andbank.com\/andorra\/wp-json\/wp\/v2\/pages\/87"}],"wp:featuredmedia":[{"embeddable":true,"href":"https:\/\/pre.andbank.com\/andorra\/wp-json\/wp\/v2\/media\/4877"}],"wp:attachment":[{"href":"https:\/\/pre.andbank.com\/andorra\/wp-json\/wp\/v2\/media?parent=209"}],"wp:term":[{"taxonomy":"yst_prominent_words","embeddable":true,"href":"https:\/\/pre.andbank.com\/andorra\/wp-json\/wp\/v2\/yst_prominent_words?post=209"}],"curies":[{"name":"wp","href":"https:\/\/api.w.org\/{rel}","templated":true}]}}