{"id":16998,"date":"2020-10-29T10:43:23","date_gmt":"2020-10-29T08:43:23","guid":{"rendered":"https:\/\/www.andbank.com\/andorra\/?page_id=16998"},"modified":"2020-10-29T10:43:23","modified_gmt":"2020-10-29T08:43:23","slug":"paygold","status":"publish","type":"page","link":"https:\/\/pre.andbank.com\/andorra\/empresas\/cobros-y-pagos\/paygold\/","title":{"rendered":"PAYGOLD"},"content":{"rendered":"<h2>\u00bfEs un comercio o aut\u00f3nomo y tiene que vender online?<\/h2>\n<p>&nbsp;<\/p>\n<p>Desde Andbank le queremos facilitar la transacci\u00f3n con sus clientes con PayGold, un servicio asociado al TPV Virtual que le permitir\u00e1 iniciar el proceso de compra enviando una solicitud de cobro.<\/p>\n<p>Con PayGold podr\u00e1 cobrar f\u00e1cilmente a sus clientes con la m\u00e1xima seguridad y rapidez.<\/p>\n<p>&nbsp;<\/p>\n<h2>\u00bfCu\u00e1l es su funcionamiento?<\/h2>\n<p>&nbsp;<\/p>\n<ul>\n<li>Los clientes le hacen el pedido por cualquier v\u00eda (tel\u00e9fono, correo electr\u00f3nico, p\u00e1gina web).<\/li>\n<li>Le informan del tel\u00e9fono m\u00f3vil o correo electr\u00f3nico para hacer el pago.<\/li>\n<li>Su comercio env\u00eda un SMS o e-mail (personalizable) con un enlace que permite acceder y completar el pago.<\/li>\n<li>Sus clientes realizan el pago a trav\u00e9s del enlace introduciendo los datos de su tarjeta.<\/li>\n<li>Recibir\u00e1 la confirmaci\u00f3n del pago y ya puede servir el pedido.<\/li>\n<\/ul>\n<p>&nbsp;<\/p>\n<p>PayGold es f\u00e1cil, seguro, y con toda la flexibilidad para sus clientes.<\/p>\n<p>Si a\u00fan no lo tiene activado, puede pedirlo a su gestor.<\/p>\n","protected":false},"excerpt":{"rendered":"<p>\u00bfEs un comercio o aut\u00f3nomo y tiene que vender online? &nbsp; Desde Andbank le queremos facilitar la transacci\u00f3n con sus clientes con PayGold, un servicio asociado al TPV Virtual que le permitir\u00e1 iniciar el proceso de compra enviando una solicitud de cobro. Con PayGold podr\u00e1 cobrar f\u00e1cilmente a sus clientes con la m\u00e1xima seguridad y [&hellip;]<\/p>\n","protected":false},"author":28,"featured_media":718,"parent":523,"menu_order":0,"comment_status":"closed","ping_status":"closed","template":"template-detail.php","meta":{"footnotes":""},"yst_prominent_words":[2454,7269,5559,3768,998,7272,361,1946,7268,7270,7271],"class_list":["post-16998","page","type-page","status-publish","has-post-thumbnail","hentry"],"acf":[],"_links":{"self":[{"href":"https:\/\/pre.andbank.com\/andorra\/wp-json\/wp\/v2\/pages\/16998"}],"collection":[{"href":"https:\/\/pre.andbank.com\/andorra\/wp-json\/wp\/v2\/pages"}],"about":[{"href":"https:\/\/pre.andbank.com\/andorra\/wp-json\/wp\/v2\/types\/page"}],"author":[{"embeddable":true,"href":"https:\/\/pre.andbank.com\/andorra\/wp-json\/wp\/v2\/users\/28"}],"replies":[{"embeddable":true,"href":"https:\/\/pre.andbank.com\/andorra\/wp-json\/wp\/v2\/comments?post=16998"}],"version-history":[{"count":0,"href":"https:\/\/pre.andbank.com\/andorra\/wp-json\/wp\/v2\/pages\/16998\/revisions"}],"up":[{"embeddable":true,"href":"https:\/\/pre.andbank.com\/andorra\/wp-json\/wp\/v2\/pages\/523"}],"wp:featuredmedia":[{"embeddable":true,"href":"https:\/\/pre.andbank.com\/andorra\/wp-json\/wp\/v2\/media\/718"}],"wp:attachment":[{"href":"https:\/\/pre.andbank.com\/andorra\/wp-json\/wp\/v2\/media?parent=16998"}],"wp:term":[{"taxonomy":"yst_prominent_words","embeddable":true,"href":"https:\/\/pre.andbank.com\/andorra\/wp-json\/wp\/v2\/yst_prominent_words?post=16998"}],"curies":[{"name":"wp","href":"https:\/\/api.w.org\/{rel}","templated":true}]}}