{"id":13285,"date":"2020-03-16T14:03:58","date_gmt":"2020-03-16T12:03:58","guid":{"rendered":"https:\/\/www.andbank.com\/andorra\/?page_id=13285"},"modified":"2020-03-16T14:09:24","modified_gmt":"2020-03-16T12:09:24","slug":"informacion-basica-la-proteccion-los-depositos-e-inversiones","status":"publish","type":"page","link":"https:\/\/pre.andbank.com\/andorra\/informacion-legal\/informacion-basica-la-proteccion-los-depositos-e-inversiones\/","title":{"rendered":"Informaci\u00f3n b\u00e1sica sobre la protecci\u00f3n de los dep\u00f3sitos e inversiones"},"content":{"rendered":"<h2>Informaci\u00f3n b\u00e1sica sobre la protecci\u00f3n de los dep\u00f3sitos<\/h2>\n<p>La Ley 20\/2018, del 13 de septiembre, <strong>reguladora del Fondo Andorrano de Garant\u00eda de Dep\u00f3sitos y del Sistema Andorrano de Garant\u00eda de Inversiones<\/strong>, obliga a las entidades bancarias a poner a disposici\u00f3n de los depositantes, reales o potenciales, la informaci\u00f3n necesaria para identificar el Fondo Andorrano de Garant\u00eda de Dep\u00f3sitos (<strong>FAGADI<\/strong>). Esta informaci\u00f3n comprende en todo caso su denominaci\u00f3n, la sede, el n\u00famero de tel\u00e9fono, la direcci\u00f3n de Internet y de correo electr\u00f3nico, as\u00ed como las disposiciones que sean de aplicaci\u00f3n, especificando el importe, el alcance de las garant\u00edas ofertadas y las condiciones y formalidades necesarias para que se produzca el pago del importe garantizado.<\/p>\n<p><a href=\"https:\/\/www.andbank.com\/andorra\/wp-content\/uploads\/sites\/10\/2020\/03\/FULL-INFORMATIU-SOBRE-EL-FAGADI-ESP.pdf\" target=\"_blank\" rel=\"noopener noreferrer\">Informaci\u00f3n b\u00e1sica sobre la protecci\u00f3n de los dep\u00f3sitos<\/a><\/p>\n<p>&nbsp;<\/p>\n<h2>Informaci\u00f3n b\u00e1sica sobre la protecci\u00f3n de inversiones<\/h2>\n<p>La Ley 20\/2018, del 13 de septiembre, <strong>reguladora del Fondo Andorrano de Garant\u00eda de Dep\u00f3sitos y del Sistema Andorrano de Garant\u00eda de Inversiones<\/strong>, obliga a las entidades bancarias a poner a disposici\u00f3n de los inversores, reales o potenciales, la informaci\u00f3n necesaria para identificar el Sistema Andorrano de Garant\u00eda de Inversiones (<strong>SAGI<\/strong>). Esta informaci\u00f3n comprende en todo caso su denominaci\u00f3n, la sede, el n\u00famero de tel\u00e9fono, la direcci\u00f3n de Internet y de correo electr\u00f3nico, as\u00ed como las disposiciones que sean de aplicaci\u00f3n, especificando el importe, el alcance de las garant\u00edas ofertas y las condiciones y formalidades necesarias para que se produzca el pago del importe garantizado.<\/p>\n<p><a href=\"https:\/\/www.andbank.com\/andorra\/wp-content\/uploads\/sites\/10\/2017\/04\/FULL-INFORMATIU-SOBRE-EL-SAGI-ESP.pdf\" target=\"_blank\" rel=\"noopener noreferrer\">Informaci\u00f3n b\u00e1sica sobre la protecci\u00f3n de inversiones<\/a><\/p>\n","protected":false},"excerpt":{"rendered":"<p>Informaci\u00f3n b\u00e1sica sobre la protecci\u00f3n de los dep\u00f3sitos La Ley 20\/2018, del 13 de septiembre, reguladora del Fondo Andorrano de Garant\u00eda de Dep\u00f3sitos y del Sistema Andorrano de Garant\u00eda de Inversiones, obliga a las entidades bancarias a poner a disposici\u00f3n de los depositantes, reales o potenciales, la informaci\u00f3n necesaria para identificar el Fondo Andorrano de [&hellip;]<\/p>\n","protected":false},"author":28,"featured_media":0,"parent":34,"menu_order":0,"comment_status":"closed","ping_status":"closed","template":"template-info-detail.php","meta":{"footnotes":""},"yst_prominent_words":[6322,6317,6315,6316,6326,6321,6328,6323,6319,6314,6332,6324,6330,6325,6333,6327,6329,6318,6320,6331],"class_list":["post-13285","page","type-page","status-publish","hentry"],"acf":[],"_links":{"self":[{"href":"https:\/\/pre.andbank.com\/andorra\/wp-json\/wp\/v2\/pages\/13285"}],"collection":[{"href":"https:\/\/pre.andbank.com\/andorra\/wp-json\/wp\/v2\/pages"}],"about":[{"href":"https:\/\/pre.andbank.com\/andorra\/wp-json\/wp\/v2\/types\/page"}],"author":[{"embeddable":true,"href":"https:\/\/pre.andbank.com\/andorra\/wp-json\/wp\/v2\/users\/28"}],"replies":[{"embeddable":true,"href":"https:\/\/pre.andbank.com\/andorra\/wp-json\/wp\/v2\/comments?post=13285"}],"version-history":[{"count":0,"href":"https:\/\/pre.andbank.com\/andorra\/wp-json\/wp\/v2\/pages\/13285\/revisions"}],"up":[{"embeddable":true,"href":"https:\/\/pre.andbank.com\/andorra\/wp-json\/wp\/v2\/pages\/34"}],"wp:attachment":[{"href":"https:\/\/pre.andbank.com\/andorra\/wp-json\/wp\/v2\/media?parent=13285"}],"wp:term":[{"taxonomy":"yst_prominent_words","embeddable":true,"href":"https:\/\/pre.andbank.com\/andorra\/wp-json\/wp\/v2\/yst_prominent_words?post=13285"}],"curies":[{"name":"wp","href":"https:\/\/api.w.org\/{rel}","templated":true}]}}