{"id":1326,"date":"2017-08-01T09:56:58","date_gmt":"2017-08-01T07:56:58","guid":{"rendered":"https:\/\/www.andbank.com\/andorra\/?page_id=1326\/"},"modified":"2021-11-11T02:17:56","modified_gmt":"2021-11-11T00:17:56","slug":"visa-platinum","status":"publish","type":"page","link":"https:\/\/pre.andbank.com\/andorra\/particulares\/cuentas-y-tarjetas\/tarjetas\/tarjetas-de-credito\/visa-platinum\/","title":{"rendered":"Visa Platinum"},"content":{"rendered":"<h2>Ventajas de la tarjeta Visa Platinum<\/h2>\n<ul>\n<li><b>Un mundo de privilegios<\/b> a su alcance. Las ofertas exclusivas en constante evoluci\u00f3n y los servicios de informaci\u00f3n personalizada son atributos que la diferencian de cualquier otra tarjeta.<\/li>\n<li><b>Exclusividad<\/b>. Tarjeta de reconocido prestigio en todo el mundo y con m\u00e1xima garant\u00eda.<\/li>\n<li><b>L\u00edmite de cr\u00e9dito<\/b> adecuado a su estilo de vida, con un l\u00edmite en funci\u00f3n de las necesidades particulares.<\/li>\n<li>Las tarjetas Platinum de Andbank ofrecen a sus usuarios el <b>servicio <i>Concierge <\/i><\/b>24 horas y 365 d\u00edas al a\u00f1o, con el objetivo de proporcionar a los beneficiarios los servicios de informaci\u00f3n en todo el mundo:\n<ul>\n<li>Servicios de informaci\u00f3n: se proporcionar\u00e1 informaci\u00f3n relacionada con la salud, ocio, deportes, viajes y desplazamientos, as\u00ed como informaci\u00f3n vinculada con el autom\u00f3vil, como talleres, estaciones de servicio, etc.<\/li>\n<li>Servicios de reservas de viajes.<\/li>\n<li>Servicios de reservas de restaurantes.<\/li>\n<li>Servicios de reservas de env\u00edos.<\/li>\n<li>Servicios de reservas de veh\u00edculos en alquiler.<\/li>\n<\/ul>\n<\/li>\n<\/ul>\n<p>Tel. servicio <i>Concierge<\/i>: +34 902 646 041 o +34 91 536 82 65.<\/p>\n<p>Para m\u00e1s informaci\u00f3n del servicio <i>Concierge<\/i> consulte <a href=\"https:\/\/www.andbank.com\/andorra\/wp-content\/uploads\/sites\/10\/2021\/07\/Servei-concierge.-ESP.pdf\" target=\"_blank\" rel=\"noopener\">aqu\u00ed.<\/a><\/p>\n<ul>\n<li><strong>Seguridad<\/strong><b>.<\/b> La m\u00e1xima seguridad contra el uso fraudulento gracias a su tecnolog\u00eda EMV (chip) adem\u00e1s de un control met\u00f3dico para detectar operaciones fraudulentas.<\/li>\n<li><strong>Seguros gratuitos<\/strong>: Accidente en viaje y Asistencia en viaje con la tarjeta Visa Platinum. Consulte <a href=\"https:\/\/www.andbank.com\/andorra\/wp-content\/uploads\/sites\/10\/2021\/11\/POLIZA-ASISTENCIA-EN-VIAJE-TARJETAS-ORO-Y-PLATINUM-2021.pdf\" target=\"_blank\" rel=\"noopener\">aqu\u00ed<\/a> para conocer las coberturas incluidas.<\/li>\n<\/ul>\n<p style=\"padding-left: 30px\">\u00a0 \u00a0Tel. de urgencia +34 93 463 12 34<\/p>\n<ul>\n<li><strong>Seguro antifraude opcional. <\/strong>Puede disponer de un seguro antifraude de <span style=\"color: #333333\">37,50<\/span>\u00a0\u20ac anuales que le cubrir\u00e1 ante la p\u00e9rdida o robo de su tarjeta.<b>\u00a0<\/b><\/li>\n<\/ul>\n<ul>\n<li><b>Descuentos<\/b> en gasolineras en Andorra del Grupo Artal, Cepsa y Elf y en comercios afiliados.<\/li>\n<li>Amplia <b>red de cajeros<\/b> autom\u00e1ticos:\u00a023 cajeros en Andorra y m\u00e1s de 800.000 en todo el mundo<\/li>\n<\/ul>\n<h2>Caracter\u00edsticas<\/h2>\n<ul>\n<li><strong>Pagos diferidos<\/strong><b>. <\/b>El cliente puede elegir el pago de la totalidad de sus compras a final de mes o bien puede aplazar sus pagos en cuotas mensuales porcentuales o importes fijos.<\/li>\n<\/ul>\n<ul>\n<li>La informaci\u00f3n m\u00e1s detallada: mensual, anual, por tipo de operaci\u00f3n, sector de actividad y pa\u00edses.<\/li>\n<\/ul>\n<ul>\n<li>Sistema de pago <b><i>Contactless<\/i><\/b> que le permite un pago r\u00e1pido, c\u00f3modo y seguro solo con acercar su tarjeta al terminal de venta TPV.<\/li>\n<\/ul>\n<ul>\n<li><b>Compras seguras <\/b>por internet <i>Visa Secure<\/i>. Proteja con un c\u00f3digo personal su tarjeta Visa para sus compras por Internet. El \u00fanico servicio que garantiza la autenticaci\u00f3n e identificaci\u00f3n de los usuarios de las tarjetas y de los comercios electr\u00f3nicos adheridos.<\/li>\n<\/ul>\n<ul>\n<li><b>Servicio de aviso por SMS<\/b>. Le avisamos por SMS de las compras que efect\u00fae con su tarjeta cada vez que realice una operaci\u00f3n superior a 50 \u20ac. Recibir\u00e1 un SMS en su m\u00f3vil que le avisar\u00e1 del importe de su compra y de la empresa o comercio donde la ha efectuado. Consulte con su gestor para obtener el servicio.<\/li>\n<\/ul>\n<h6>Coste del servicio: 1,00 \u20ac mensual<\/h6>\n<p>&nbsp;<\/p>\n<h4>Tel\u00e9fonos de urgencia en caso de p\u00e9rdida o robo:<\/h4>\n<p><a href=\"tel:+376739039\">+376 739 039<\/a><br \/>\n<a href=\"tel:+34913626200\">+34 913 62 62 00<\/a><br \/>\n<a href=\"tel:+18008472911\">+1 800 847 29 11 (EEUU)<\/a><\/p>\n<p>&nbsp;<\/p>\n<h6><strong>*Coberturas del seguro antifraude.<\/strong><\/p>\n<p>&#8211; El seguro antifraude cubre la p\u00e9rdida, hurto o robo de la tarjeta. Est\u00e1n incluidas las compras realizadas con la tarjeta, las disposiciones de efectivo por cajero, as\u00ed como las operaciones por internet y por tel\u00e9fono.<\/h6>\n<p>&#8211; La cobertura de siniestros ocasionados por estos casos asegura hasta las siguientes indemnizaciones:<\/p>\n<ul>\n<li>Tarjeta Electron: 1.500 euros por siniestro<\/li>\n<li>Tarjeta Classic: 3.000 euros por siniestro<\/li>\n<li>Tarjeta Oro: 6.000 euros por siniestro<\/li>\n<li>Tarjeta Platinum: 12.000 euros por siniestro<\/li>\n<\/ul>\n<p>&#8211; El seguro tiene un l\u00edmite de hasta 35 operaciones.<br \/>\n&#8211; Hasta 72 horas anteriores al momento en que se ha tramitado la den\u00fanica, la cual debe haberse presentado en los \u00faltimos 45 d\u00edas.<\/p>\n","protected":false},"excerpt":{"rendered":"<p>La tarjeta m\u00e1s exclusiva para los clientes m\u00e1s exclusivos.<\/p>\n","protected":false},"author":1,"featured_media":5562,"parent":491,"menu_order":10,"comment_status":"closed","ping_status":"closed","template":"template-detail.php","meta":{"footnotes":""},"yst_prominent_words":[1890,3427,1919,699,2801,1914,4526,4525,1947,1917,1948,4522,4319,4520,4519,1918,1915,4521,1602,4523],"class_list":["post-1326","page","type-page","status-publish","has-post-thumbnail","hentry"],"acf":[],"_links":{"self":[{"href":"https:\/\/pre.andbank.com\/andorra\/wp-json\/wp\/v2\/pages\/1326"}],"collection":[{"href":"https:\/\/pre.andbank.com\/andorra\/wp-json\/wp\/v2\/pages"}],"about":[{"href":"https:\/\/pre.andbank.com\/andorra\/wp-json\/wp\/v2\/types\/page"}],"author":[{"embeddable":true,"href":"https:\/\/pre.andbank.com\/andorra\/wp-json\/wp\/v2\/users\/1"}],"replies":[{"embeddable":true,"href":"https:\/\/pre.andbank.com\/andorra\/wp-json\/wp\/v2\/comments?post=1326"}],"version-history":[{"count":0,"href":"https:\/\/pre.andbank.com\/andorra\/wp-json\/wp\/v2\/pages\/1326\/revisions"}],"up":[{"embeddable":true,"href":"https:\/\/pre.andbank.com\/andorra\/wp-json\/wp\/v2\/pages\/491"}],"wp:featuredmedia":[{"embeddable":true,"href":"https:\/\/pre.andbank.com\/andorra\/wp-json\/wp\/v2\/media\/5562"}],"wp:attachment":[{"href":"https:\/\/pre.andbank.com\/andorra\/wp-json\/wp\/v2\/media?parent=1326"}],"wp:term":[{"taxonomy":"yst_prominent_words","embeddable":true,"href":"https:\/\/pre.andbank.com\/andorra\/wp-json\/wp\/v2\/yst_prominent_words?post=1326"}],"curies":[{"name":"wp","href":"https:\/\/api.w.org\/{rel}","templated":true}]}}