{"id":1325,"date":"2017-08-01T09:55:52","date_gmt":"2017-08-01T07:55:52","guid":{"rendered":"https:\/\/www.andbank.com\/andorra\/?page_id=1325\/"},"modified":"2024-07-22T18:17:24","modified_gmt":"2024-07-22T16:17:24","slug":"tarjeta-1-2-3","status":"publish","type":"page","link":"https:\/\/pre.andbank.com\/andorra\/particulares\/cuentas-y-tarjetas\/tarjetas\/tarjetas-de-credito\/tarjeta-1-2-3\/","title":{"rendered":"Tarjeta 1, 2, 3%"},"content":{"rendered":"<p>Nuestra tarjeta le devuelve hasta el 3% de sus compras nacionales.<\/p>\n<p>Para que pueda disfrutar de mayores ventajas en sus gastos habituales en el Principado, Andbank ha dise\u00f1ado esta tarjeta pensando en su econom\u00eda.<\/p>\n<h2>Ventajas de la tarjeta 1, 2, 3%<\/h2>\n<ul>\n<li>1% en alimentaci\u00f3n y farmacia<\/li>\n<li>2% en restauraci\u00f3n<\/li>\n<li>3% Gasolineras(estaciones Artal, Cepsa y Elf)\n<ul>\n<li>M\u00e1ximo mensual de devoluci\u00f3n 10 \u20ac.\u00a0El reembolso de estos descuentos est\u00e1 sujeto al IRPF.\u00a0Permanencia m\u00ednima de 18 meses.<\/li>\n<\/ul>\n<\/li>\n<li><strong>Seguridad.<\/strong> La m\u00e1xima seguridad contra el uso fraudulento gracias a su tecnolog\u00eda EMV (chip) adem\u00e1s de un control met\u00f3dico para detectar operaciones fraudulentas.<\/li>\n<\/ul>\n<ul>\n<li><strong>Seguros gratuitos<\/strong>: Accidente de viaje en transporte p\u00fablico <b>c<\/b>on la tarjeta Visa Classic. Consulte <a href=\"https:\/\/www.andbank.com\/andorra\/wp-content\/uploads\/sites\/10\/2021\/11\/POLISSA-ASSISTENCIA-EN-VIATGE-CLASSIC-2021-CAST.pdf\" target=\"_blank\" rel=\"noopener\">aqu\u00ed<\/a> para conocer las coberturas incluidas.<\/li>\n<\/ul>\n<p>Tel. de urgencia +34 93 463 12 34<\/p>\n<ul>\n<li><strong>Seguro antifraude opcional<\/strong><b>. <\/b>Puede disponer de un seguro antifraude de <span style=\"color: #333333\">18,75<\/span>\u00a0\u20ac anuales que le cubrir\u00e1 ante la p\u00e9rdida o robo de su tarjeta.<\/li>\n<\/ul>\n<h2>Caracter\u00edsticas<\/h2>\n<ul>\n<li>La informaci\u00f3n m\u00e1s detallada: mensual, anual y opcionalmente quincenal, por tipo de operaci\u00f3n, sector de actividad y pa\u00edses.<\/li>\n<\/ul>\n<ul>\n<li>Sistema de pago <b><i>Contactless<\/i><\/b> que le permite un pago r\u00e1pido, c\u00f3modo y seguro solo con acercar su tarjeta al terminal de venta TPV.<\/li>\n<li><b>Compras seguras <\/b>por internet <i>Visa Secure<\/i>. Proteja con un c\u00f3digo personal su tarjeta Visa para sus compras por Internet. El \u00fanico servicio que garantiza la autenticaci\u00f3n e identificaci\u00f3n de los usuarios de las tarjetas y de los comercios electr\u00f3nicos adheridos.<\/li>\n<li><b>Servicio de aviso por SMS<\/b>. Le avisamos por SMS de las compras que efect\u00fae con su tarjeta cada vez que realice una operaci\u00f3n superior a 50 \u20ac. Recibir\u00e1 un SMS en su m\u00f3vil que le avisar\u00e1 del importe de su compra y de la empresa o comercio donde la ha efectuado.\u00a0Consulte con su gestor para obtener el servicio.<\/li>\n<\/ul>\n<h6>Coste del servicio: 1,00 \u20ac mensual<\/h6>\n<p>&nbsp;<\/p>\n<h4>Tel. de urgencia en caso de p\u00e9rdida o robo:<\/h4>\n<p><a href=\"tel:+376739039\">+376 739 039<\/a><br \/>\n<a href=\"tel:+34913626200\">+34 913 62 62 00<\/a><br \/>\n<a href=\"tel:+18008472911\">+1 800 847 29 11 (EEUU)<\/a><\/p>\n<div><\/div>\n<h6>El reembolso de estos descuentos est\u00e1 sujeto al IRPF.<br \/>\nLa concesi\u00f3n del l\u00edmite de cr\u00e9dito superior al est\u00e1ndar est\u00e1 sujeta a un estudio previo. Para los pagos diferidos, consulte el Libro de tarifas publicado en nuestro sitio web.<br \/>\nEsta campa\u00f1a va dirigida a personas mayores de edad residentes en el Principado de Andorra y no est\u00e1 dise\u00f1ada para ning\u00fan colectivo espec\u00edfico.<\/h6>\n<h6>Si quiere m\u00e1s informaci\u00f3n, puede contactar con nosotros en cualquiera de las oficinas de Andbank o llamar al tel\u00e9fono +376 739 011 y responderemos a sus consultas.<\/h6>\n<p>&nbsp;<\/p>\n<h6><strong>*Coberturas del seguro antifraude.<\/strong><\/h6>\n<p>&#8211; El seguro antifraude cubre la p\u00e9rdida, hurto o robo de la tarjeta. Est\u00e1n incluidas las compras realizadas con la tarjeta, las disposiciones de efectivo por cajero, as\u00ed como las operaciones por internet y por tel\u00e9fono.<\/p>\n<p>&#8211; La cobertura de siniestros ocasionados por estos casos asegura hasta las siguientes indemnizaciones:<\/p>\n<ul>\n<li>Tarjeta Electron: 1.500 euros por siniestro<\/li>\n<li>Tarjeta Classic: 3.000 euros por siniestro<\/li>\n<li>Tarjeta Oro: 6.000 euros por siniestro<\/li>\n<li>Tarjeta Platinum: 12.000 euros por siniestro<\/li>\n<\/ul>\n<p>&#8211; El seguro tiene un l\u00edmite de hasta 35 operaciones.<br \/>\n&#8211; Hasta 72 horas anteriores al momento en que se ha tramitado la den\u00fanica, la cual debe haberse presentado en los \u00faltimos 45 d\u00edas.<\/p>\n","protected":false},"excerpt":{"rendered":"<p>Para que pueda disfrutar de mayores ventajas en sus gastos habituales en el Principado, Andbank ha dise\u00f1ado esta tarjeta pensando en su econom\u00eda.<\/p>\n","protected":false},"author":32,"featured_media":22105,"parent":491,"menu_order":2,"comment_status":"closed","ping_status":"closed","template":"","meta":{"footnotes":""},"yst_prominent_words":[1920,1890,3430,3427,1919,1954,361,3424,2913,1914,3428,1947,1917,1948,5700,3429,1918,1915,1913,1602],"class_list":["post-1325","page","type-page","status-publish","has-post-thumbnail","hentry"],"acf":[],"_links":{"self":[{"href":"https:\/\/pre.andbank.com\/andorra\/wp-json\/wp\/v2\/pages\/1325"}],"collection":[{"href":"https:\/\/pre.andbank.com\/andorra\/wp-json\/wp\/v2\/pages"}],"about":[{"href":"https:\/\/pre.andbank.com\/andorra\/wp-json\/wp\/v2\/types\/page"}],"author":[{"embeddable":true,"href":"https:\/\/pre.andbank.com\/andorra\/wp-json\/wp\/v2\/users\/32"}],"replies":[{"embeddable":true,"href":"https:\/\/pre.andbank.com\/andorra\/wp-json\/wp\/v2\/comments?post=1325"}],"version-history":[{"count":1,"href":"https:\/\/pre.andbank.com\/andorra\/wp-json\/wp\/v2\/pages\/1325\/revisions"}],"predecessor-version":[{"id":25922,"href":"https:\/\/pre.andbank.com\/andorra\/wp-json\/wp\/v2\/pages\/1325\/revisions\/25922"}],"up":[{"embeddable":true,"href":"https:\/\/pre.andbank.com\/andorra\/wp-json\/wp\/v2\/pages\/491"}],"wp:featuredmedia":[{"embeddable":true,"href":"https:\/\/pre.andbank.com\/andorra\/wp-json\/wp\/v2\/media\/22105"}],"wp:attachment":[{"href":"https:\/\/pre.andbank.com\/andorra\/wp-json\/wp\/v2\/media?parent=1325"}],"wp:term":[{"taxonomy":"yst_prominent_words","embeddable":true,"href":"https:\/\/pre.andbank.com\/andorra\/wp-json\/wp\/v2\/yst_prominent_words?post=1325"}],"curies":[{"name":"wp","href":"https:\/\/api.w.org\/{rel}","templated":true}]}}