{"id":1323,"date":"2017-08-01T09:51:35","date_gmt":"2017-08-01T07:51:35","guid":{"rendered":"https:\/\/www.andbank.com\/andorra\/?page_id=1323\/"},"modified":"2021-11-11T02:09:24","modified_gmt":"2021-11-11T00:09:24","slug":"visa-viaje","status":"publish","type":"page","link":"https:\/\/pre.andbank.com\/andorra\/particulares\/cuentas-y-tarjetas\/tarjetas\/tarjetas-de-credito\/visa-viaje\/","title":{"rendered":"Visa Viatge"},"content":{"rendered":"<p>Para que pueda disfrutar de una gran cantidad de ventajas en sus vacaciones, viajes o salidas fuera del pa\u00eds, Andbank ha dise\u00f1ado esta tarjeta pensando en su econom\u00eda y en su bienestar.<\/p>\n<h2>Ventajas de la tarjeta Visa Viatge<\/h2>\n<p>Vaya donde vaya ll\u00e9vese la tarjeta Viaje de Andbank, sus viajes y vacaciones le saldr\u00e1n mucho m\u00e1s econ\u00f3micos.<\/p>\n<ul>\n<li>Descuento del 1% en todos los pagos efectuados en restaurantes fuera de Andorra y en todas las aerol\u00edneas del mundo<\/li>\n<li>Descuento del 2% en todos los pagos efectuados en hoteles fuera de Andorra.<\/li>\n<li>Descuento del 3% en todos los pagos efectuados en gasolineras fuera de Andorra.<\/li>\n<\/ul>\n<p>(El reembolso de estos descuentos est\u00e1 sujeto a IRPF).<\/p>\n<ul>\n<li><strong>Seguridad<\/strong><b>.<\/b> La m\u00e1xima seguridad contra el uso fraudulento gracias a su tecnolog\u00eda EMV (chip) adem\u00e1s de un control met\u00f3dico para detectar operaciones fraudulentas.<\/li>\n<\/ul>\n<ul>\n<li><strong>Seguros gratuitos<\/strong>: Accidente de viaje en transporte p\u00fablico con la tarjeta Visa Viaje. Consulte <a href=\"https:\/\/www.andbank.com\/andorra\/wp-content\/uploads\/sites\/10\/2021\/11\/POLISSA-ASSISTENCIA-EN-VIATGE-CLASSIC-2021-CAST.pdf\" target=\"_blank\" rel=\"noopener\">aqu\u00ed<\/a> para conocer las coberturas incluidas.<\/li>\n<\/ul>\n<p>Telf. de urgencia +34 93 463 12 34<\/p>\n<ul>\n<li><strong>Seguro antifraude opcional<\/strong><b>. <\/b>Puede disponer de un seguro antifraude de <span style=\"color: #333333\">18,75<\/span>\u00a0\u20ac anuales que le cubrir\u00e1 ante la p\u00e9rdida o robo de su tarjeta.<\/li>\n<li>Amplia <b>red de cajeros<\/b> autom\u00e1ticos:\u00a023 cajeros en Andorra y m\u00e1s de 800.000 en todo el mundo.<\/li>\n<\/ul>\n<h2>Caracter\u00edsticas<\/h2>\n<ul>\n<li><strong>Pagos diferidos<\/strong><b>. <\/b>El cliente puede elegir el pago de la totalidad de sus compras a final de mes o bien puede aplazar sus pagos en cuotas mensuales porcentuales o importes fijos.<\/li>\n<\/ul>\n<ul>\n<li>La informaci\u00f3n m\u00e1s detallada: mensual, anual y opcionalmente quincenal, por tipo de operaci\u00f3n, sector de actividad y pa\u00edses.<\/li>\n<\/ul>\n<ul>\n<li>Sistema de pago <b><i>Contactless<\/i><\/b> que le permite un pago r\u00e1pido, c\u00f3modo y seguro solo con acercar su tarjeta al terminal de venta TPV.<\/li>\n<li><b>Compras seguras <\/b>por internet <i>Visa Secure<\/i>. Proteja con un c\u00f3digo personal su tarjeta Visa para sus compras por Internet. El \u00fanico servicio que garantiza la autenticaci\u00f3n e identificaci\u00f3n de los usuarios de las tarjetas y de los comercios electr\u00f3nicos adheridos.<\/li>\n<li><b>Servicio de aviso por SMS<\/b>. Le avisamos por SMS de las compras que efect\u00fae con su tarjeta cada vez que realice una operaci\u00f3n superior a 50 \u20ac. Recibir\u00e1 un SMS en su m\u00f3vil que le avisar\u00e1 del importe de su compra y de la empresa o comercio donde la ha efectuado.\u00a0Consulte con su gestor para obtener el servicio.<\/li>\n<\/ul>\n<h6>Coste del servicio: 1,00 \u20ac mensual<\/h6>\n<p>Tel\u00e9fonos de urgencia en caso de p\u00e9rdida o robo:<\/p>\n<p><a href=\"tel:+376739039\">+376 739 039<\/a><br \/>\n<a href=\"tel:+34913626200\">+34 913 62 62 00<\/a><br \/>\n<a href=\"tel:+18008472911\">+1 800 847 29 11 (EEUU)<\/a><\/p>\n<h6><strong>*Coberturas del seguro antifraude.<\/strong><\/p>\n<p>&#8211; El seguro antifraude cubre la p\u00e9rdida, hurto o robo de la tarjeta. Est\u00e1n incluidas las compras realizadas con la tarjeta, las disposiciones de efectivo por cajero, as\u00ed como las operaciones por internet y por tel\u00e9fono.<\/h6>\n<p>&#8211; La cobertura de siniestros ocasionados por estos casos asegura hasta las siguientes indemnizaciones:<\/p>\n<ul>\n<li>Tarjeta Electron: 1.500 euros por siniestro<\/li>\n<li>Tarjeta Classic: 3.000 euros por siniestro<\/li>\n<li>Tarjeta Oro: 6.000 euros por siniestro<\/li>\n<li>Tarjeta Platinum: 12.000 euros por siniestro<\/li>\n<\/ul>\n<p>&#8211; El seguro tiene un l\u00edmite de hasta 35 operaciones.<br \/>\n&#8211; Hasta 72 horas anteriores al momento en que se ha tramitado la den\u00fanica, la cual debe haberse presentado en los \u00faltimos 45 d\u00edas.<\/p>\n","protected":false},"excerpt":{"rendered":"<p>Con la tarjeta viaje de Andbank obtendr\u00e1 descuentos en sus gastos habituales en viajes o estancias fuera de Andorra.\u00a0Ahora, la tarjeta Viaje es Contactless.\u00a0<\/p>\n","protected":false},"author":1,"featured_media":5520,"parent":491,"menu_order":6,"comment_status":"closed","ping_status":"closed","template":"template-detail.php","meta":{"footnotes":""},"yst_prominent_words":[1890,109,3427,1919,3018,3019,361,2913,3016,1916,4734,1914,1947,1917,1948,5700,1918,1915,3017,1602],"class_list":["post-1323","page","type-page","status-publish","has-post-thumbnail","hentry"],"acf":[],"_links":{"self":[{"href":"https:\/\/pre.andbank.com\/andorra\/wp-json\/wp\/v2\/pages\/1323"}],"collection":[{"href":"https:\/\/pre.andbank.com\/andorra\/wp-json\/wp\/v2\/pages"}],"about":[{"href":"https:\/\/pre.andbank.com\/andorra\/wp-json\/wp\/v2\/types\/page"}],"author":[{"embeddable":true,"href":"https:\/\/pre.andbank.com\/andorra\/wp-json\/wp\/v2\/users\/1"}],"replies":[{"embeddable":true,"href":"https:\/\/pre.andbank.com\/andorra\/wp-json\/wp\/v2\/comments?post=1323"}],"version-history":[{"count":0,"href":"https:\/\/pre.andbank.com\/andorra\/wp-json\/wp\/v2\/pages\/1323\/revisions"}],"up":[{"embeddable":true,"href":"https:\/\/pre.andbank.com\/andorra\/wp-json\/wp\/v2\/pages\/491"}],"wp:featuredmedia":[{"embeddable":true,"href":"https:\/\/pre.andbank.com\/andorra\/wp-json\/wp\/v2\/media\/5520"}],"wp:attachment":[{"href":"https:\/\/pre.andbank.com\/andorra\/wp-json\/wp\/v2\/media?parent=1323"}],"wp:term":[{"taxonomy":"yst_prominent_words","embeddable":true,"href":"https:\/\/pre.andbank.com\/andorra\/wp-json\/wp\/v2\/yst_prominent_words?post=1323"}],"curies":[{"name":"wp","href":"https:\/\/api.w.org\/{rel}","templated":true}]}}