{"id":128,"date":"2017-04-05T12:14:05","date_gmt":"2017-04-05T10:14:05","guid":{"rendered":"https:\/\/www.andbank.com\/andorra\/inversion-en-real-state\/"},"modified":"2019-09-26T15:06:14","modified_gmt":"2019-09-26T13:06:14","slug":"inversion-en-real-state","status":"publish","type":"page","link":"https:\/\/pre.andbank.com\/andorra\/banca-privada\/nuestros-servicios\/inversion-en-real-state\/","title":{"rendered":"Real Estate"},"content":{"rendered":"<h2><span style=\"color: #ff0000\"><span style=\"color: #d42e00\">Fondos inmobiliarios para inversores<\/span><\/span><\/h2>\n<p>Teniendo siempre presente el binomio riesgo-rentabilidad adecuado para cada cliente, en Andbank contamos con una amplia gama de productos orientados espec\u00edficamente a inversores interesados en real estate.<\/p>\n<p>&nbsp;<\/p>\n<h2><span style=\"color: #ff0000\"><span style=\"color: #d42e00\">Soporte y asesoramiento en la compra-venta de inmuebles<\/span><\/span><\/h2>\n<p>La experiencia en el mercado inmobiliario nos permite acceder a oportunidades de inversi\u00f3n en todos los mercados y tipos de activos, de una manera transparente y confidencial.<\/p>\n<p>Nuestro equipo le ofrecer\u00e1 asesoramiento completo en todo el proceso, desde el an\u00e1lisis de los diferentes mercados y activos, el estudio de viabilidad y la gesti\u00f3n de la transacci\u00f3n (coordinando la due diligence t\u00e9cnica, legal, fiscal y administrativa).<\/p>\n<p>&nbsp;<\/p>\n","protected":false},"excerpt":{"rendered":"<p>Una amplia gama de productos orientados espec\u00edficamente a inversores interesados en el \u00e1mbito inmobiliario.<\/p>\n","protected":false},"author":1,"featured_media":1137,"parent":87,"menu_order":263,"comment_status":"closed","ping_status":"closed","template":"template-detail.php","meta":{"footnotes":""},"yst_prominent_words":[3720,4684,2915,3153],"class_list":["post-128","page","type-page","status-publish","has-post-thumbnail","hentry"],"acf":[],"_links":{"self":[{"href":"https:\/\/pre.andbank.com\/andorra\/wp-json\/wp\/v2\/pages\/128"}],"collection":[{"href":"https:\/\/pre.andbank.com\/andorra\/wp-json\/wp\/v2\/pages"}],"about":[{"href":"https:\/\/pre.andbank.com\/andorra\/wp-json\/wp\/v2\/types\/page"}],"author":[{"embeddable":true,"href":"https:\/\/pre.andbank.com\/andorra\/wp-json\/wp\/v2\/users\/1"}],"replies":[{"embeddable":true,"href":"https:\/\/pre.andbank.com\/andorra\/wp-json\/wp\/v2\/comments?post=128"}],"version-history":[{"count":0,"href":"https:\/\/pre.andbank.com\/andorra\/wp-json\/wp\/v2\/pages\/128\/revisions"}],"up":[{"embeddable":true,"href":"https:\/\/pre.andbank.com\/andorra\/wp-json\/wp\/v2\/pages\/87"}],"wp:featuredmedia":[{"embeddable":true,"href":"https:\/\/pre.andbank.com\/andorra\/wp-json\/wp\/v2\/media\/1137"}],"wp:attachment":[{"href":"https:\/\/pre.andbank.com\/andorra\/wp-json\/wp\/v2\/media?parent=128"}],"wp:term":[{"taxonomy":"yst_prominent_words","embeddable":true,"href":"https:\/\/pre.andbank.com\/andorra\/wp-json\/wp\/v2\/yst_prominent_words?post=128"}],"curies":[{"name":"wp","href":"https:\/\/api.w.org\/{rel}","templated":true}]}}