{"id":127,"date":"2017-04-05T12:14:05","date_gmt":"2017-04-05T10:14:05","guid":{"rendered":"https:\/\/www.andbank.com\/andorra\/asesoramiento-global\/"},"modified":"2019-09-26T14:59:33","modified_gmt":"2019-09-26T12:59:33","slug":"asesoramiento-global","status":"publish","type":"page","link":"https:\/\/pre.andbank.com\/andorra\/banca-privada\/nuestros-servicios\/asesoramiento-global\/","title":{"rendered":"Asesoramiento Global"},"content":{"rendered":"<p>Toda esta capacidad de an\u00e1lisis la ponemos a disposici\u00f3n de los clientes que deseen participar activamente en la gesti\u00f3n de su patrimonio. De este modo, el cliente puede acceder libremente a la opini\u00f3n de nuestros equipos de an\u00e1lisis, as\u00ed como a los documentos que van generando, obteniendo informaci\u00f3n actualizada sobre mercados, an\u00e1lisis de acciones o gu\u00edas de inversi\u00f3n, entre otros.<\/p>\n<p>En Andbank generamos los recursos necesarios para guiar sus proyectos de inversi\u00f3n en los diferentes sectores de la econom\u00eda, as\u00ed como en planificaci\u00f3n financiera, filantrop\u00eda o arte.<\/p>\n<h2><span style=\"color: #ff0000\"><span style=\"color: #d42e00\">Asesoramiento en filantrop\u00eda<\/span><br \/>\n<\/span><\/h2>\n<p>Este servicio est\u00e1 dise\u00f1ado para aquellos clientes con un alto grado de responsabilidad social, que desean diversificar sus inversiones hacia proyectos o acciones solidarias.<\/p>\n<p><strong>Un equipo global e independiente de inversores especializados le asesorar\u00e1 para que usted pueda optar por el proyecto con el que m\u00e1s se identifique desde un punto de vista personal:<\/strong><\/p>\n<ol>\n<li>Creaci\u00f3n y gesti\u00f3n estrat\u00e9gica de fundaciones<\/li>\n<li>Planificaci\u00f3n de donaciones<\/li>\n<li>Incentivar la herencia de una cultura filantr\u00f3pica entre los miembros de una misma familia<\/li>\n<li>Invertir sus beneficios en apoyo a una causa concreta<\/li>\n<li>Optimizar sus aportaciones en materia fiscal<\/li>\n<\/ol>\n","protected":false},"excerpt":{"rendered":"<p>En Andbank contamos con un equipo de asesores financieros con visi\u00f3n global, con presencia en tres continentes y amplia trayectoria en el mercado.<\/p>\n","protected":false},"author":1,"featured_media":771,"parent":87,"menu_order":239,"comment_status":"closed","ping_status":"closed","template":"template-detail.php","meta":{"footnotes":""},"yst_prominent_words":[3753,3752,2454,3751,378,2902,3754,2237],"class_list":["post-127","page","type-page","status-publish","has-post-thumbnail","hentry"],"acf":[],"_links":{"self":[{"href":"https:\/\/pre.andbank.com\/andorra\/wp-json\/wp\/v2\/pages\/127"}],"collection":[{"href":"https:\/\/pre.andbank.com\/andorra\/wp-json\/wp\/v2\/pages"}],"about":[{"href":"https:\/\/pre.andbank.com\/andorra\/wp-json\/wp\/v2\/types\/page"}],"author":[{"embeddable":true,"href":"https:\/\/pre.andbank.com\/andorra\/wp-json\/wp\/v2\/users\/1"}],"replies":[{"embeddable":true,"href":"https:\/\/pre.andbank.com\/andorra\/wp-json\/wp\/v2\/comments?post=127"}],"version-history":[{"count":0,"href":"https:\/\/pre.andbank.com\/andorra\/wp-json\/wp\/v2\/pages\/127\/revisions"}],"up":[{"embeddable":true,"href":"https:\/\/pre.andbank.com\/andorra\/wp-json\/wp\/v2\/pages\/87"}],"wp:featuredmedia":[{"embeddable":true,"href":"https:\/\/pre.andbank.com\/andorra\/wp-json\/wp\/v2\/media\/771"}],"wp:attachment":[{"href":"https:\/\/pre.andbank.com\/andorra\/wp-json\/wp\/v2\/media?parent=127"}],"wp:term":[{"taxonomy":"yst_prominent_words","embeddable":true,"href":"https:\/\/pre.andbank.com\/andorra\/wp-json\/wp\/v2\/yst_prominent_words?post=127"}],"curies":[{"name":"wp","href":"https:\/\/api.w.org\/{rel}","templated":true}]}}