{"id":126,"date":"2017-04-05T12:14:04","date_gmt":"2017-04-05T10:14:04","guid":{"rendered":"https:\/\/www.andbank.com\/andorra\/gestion-discrecional\/"},"modified":"2019-09-26T13:07:07","modified_gmt":"2019-09-26T11:07:07","slug":"gestion-discrecional","status":"publish","type":"page","link":"https:\/\/pre.andbank.com\/andorra\/banca-privada\/nuestros-servicios\/gestion-discrecional\/","title":{"rendered":"Gesti\u00f3n Discrecional"},"content":{"rendered":"<h2><span style=\"color: #ff0000\"><span style=\"color: #d42e00\">Gesti\u00f3n personalizada<\/span><\/span><\/h2>\n<ul>\n<li>Asistencia y asesoramiento profesional individual y permanente.<\/li>\n<li>Ponemos a su disposici\u00f3n nuestro equipo de expertos gestores que buscar\u00e1n las inversiones que mejor se adapten a su perfil.<\/li>\n<li>Seguimiento continuo de la cartera y adaptaci\u00f3n a los cambios seg\u00fan el perfil definido para cada cliente.<\/li>\n<\/ul>\n<h2><span style=\"color: #ff0000\"><span style=\"color: #d42e00\">Gesti\u00f3n de retorno absoluto<\/span><\/span><\/h2>\n<ul>\n<li>Es una gesti\u00f3n de volatilidad moderada, enfocada a la preservaci\u00f3n de capital y a la b\u00fasqueda de rentabilidad positiva en cualquier condici\u00f3n de mercado. La estrategia con la que se gestiona esta cartera favorece la flexibilidad a la hora de adaptar el mix de inversiones que nuestros analistas consideren necesario en funci\u00f3n de su propia visi\u00f3n de mercado.<\/li>\n<\/ul>\n<h2><span style=\"color: #ff0000\"><span style=\"color: #d42e00\">Gesti\u00f3n direccional o tradicional<\/span><\/span><\/h2>\n<ul>\n<li>La gesti\u00f3n direccional es aquella que toma como referencia uno o varios \u00edndices del mercado.<\/li>\n<li>Los activos que constituyen esta cartera son sensibles a las tendencias y, por tanto, la consecuci\u00f3n de resultados queda sujeta al comportamiento general del mercado.<\/li>\n<li>La estrategia llevada a cabo por nuestros gestores pretende mantener un equilibrio estable en cada clase de activo, seg\u00fan el perfil de riesgo del inversor. El binomio rentabilidad\u2013riesgo se maximiza a largo plazo.<\/li>\n<\/ul>\n","protected":false},"excerpt":{"rendered":"<p>Gestionamos de forma personalizada el patrimonio de nuestros clientes con absoluta independencia, graduando y controlando en todo momento el nivel de riesgo y las expectativas de rentabilidad que se pueden esperar.<\/p>\n","protected":false},"author":1,"featured_media":4869,"parent":87,"menu_order":233,"comment_status":"closed","ping_status":"closed","template":"template-detail.php","meta":{"footnotes":""},"yst_prominent_words":[2932,2930,2934,2933,378,2928,2931,327,2929,363],"class_list":["post-126","page","type-page","status-publish","has-post-thumbnail","hentry"],"acf":[],"_links":{"self":[{"href":"https:\/\/pre.andbank.com\/andorra\/wp-json\/wp\/v2\/pages\/126"}],"collection":[{"href":"https:\/\/pre.andbank.com\/andorra\/wp-json\/wp\/v2\/pages"}],"about":[{"href":"https:\/\/pre.andbank.com\/andorra\/wp-json\/wp\/v2\/types\/page"}],"author":[{"embeddable":true,"href":"https:\/\/pre.andbank.com\/andorra\/wp-json\/wp\/v2\/users\/1"}],"replies":[{"embeddable":true,"href":"https:\/\/pre.andbank.com\/andorra\/wp-json\/wp\/v2\/comments?post=126"}],"version-history":[{"count":0,"href":"https:\/\/pre.andbank.com\/andorra\/wp-json\/wp\/v2\/pages\/126\/revisions"}],"up":[{"embeddable":true,"href":"https:\/\/pre.andbank.com\/andorra\/wp-json\/wp\/v2\/pages\/87"}],"wp:featuredmedia":[{"embeddable":true,"href":"https:\/\/pre.andbank.com\/andorra\/wp-json\/wp\/v2\/media\/4869"}],"wp:attachment":[{"href":"https:\/\/pre.andbank.com\/andorra\/wp-json\/wp\/v2\/media?parent=126"}],"wp:term":[{"taxonomy":"yst_prominent_words","embeddable":true,"href":"https:\/\/pre.andbank.com\/andorra\/wp-json\/wp\/v2\/yst_prominent_words?post=126"}],"curies":[{"name":"wp","href":"https:\/\/api.w.org\/{rel}","templated":true}]}}