{"id":1238,"date":"2017-05-10T18:29:51","date_gmt":"2017-05-10T16:29:51","guid":{"rendered":"https:\/\/www.andbank.com\/andorra\/?page_id=1238\/"},"modified":"2019-11-19T17:42:20","modified_gmt":"2019-11-19T15:42:20","slug":"politica-de-cookies","status":"publish","type":"page","link":"https:\/\/pre.andbank.com\/andorra\/informacion-legal\/politica-de-cookies\/","title":{"rendered":"Pol\u00edtica de cookies"},"content":{"rendered":"<p>Utilizamos Cookies para facilitar el uso de nuestra p\u00e1gina web y optimizar su navegaci\u00f3n, adaptando la informaci\u00f3n y los servicios ofrecidos a sus intereses, para proporcionarle una mejor experiencia siempre que nos visite. Nuestra web utiliza Cookies para funcionar, adaptar y facilitar al m\u00e1ximo la navegaci\u00f3n del Usuario. Las Cookies son peque\u00f1os ficheros de informaci\u00f3n que nos permiten comparar y entender c\u00f3mo nuestros usuarios navegan a trav\u00e9s de nuestra p\u00e1gina web y, de esta manera, poder mejorar su proceso de navegaci\u00f3n. Las Cookies que utilizamos no almacenan dato personal alguno ni ning\u00fan tipo de informaci\u00f3n que pueda identificarle.<\/p>\n<p>En caso de no querer recibir Cookies, por favor configure su navegador de Internet para que las borre del disco duro de su ordenador, las bloquee o le avise en caso de instalaci\u00f3n de las mismas. En todo momento podr\u00e1 acceder a la configuraci\u00f3n de su navegador para modificar y\/o bloquear la instalaci\u00f3n de las Cookies enviadas por nuestro sitio web, sin que ello impida al acceso a los contenidos. Sin embargo, la calidad del funcionamiento de los Servicios puede verse afectada. Para continuar sin cambios en la configuraci\u00f3n de las Cookies, simplemente contin\u00fae en la p\u00e1gina web.<\/p>\n<p>Como la mayor\u00eda de los sitios en internet, nuestra web utiliza Cookies para:<\/p>\n<ul>\n<li>Asegurar que las p\u00e1ginas web pueden funcionar correctamente.<\/li>\n<li>Almacenar sus preferencias, como el idioma que ha seleccionado.<\/li>\n<li>Conocer su experiencia de navegaci\u00f3n.<\/li>\n<li>Recopilar informaci\u00f3n estad\u00edstica an\u00f3nima, como qu\u00e9 p\u00e1ginas ha visto o cu\u00e1nto tiempo ha estado en nuestra web.<\/li>\n<\/ul>\n<p>&nbsp;<\/p>\n<h2>\u00bfPor qu\u00e9 son importantes?<\/h2>\n<ul>\n<li>Desde un punto de vista t\u00e9cnico, permiten que los sitios web funcionen de forma m\u00e1s \u00e1gil y adaptada a las preferencias de los usuarios, como por ejemplo almacenar el idioma, la moneda del pa\u00eds o detectar el dispositivo de acceso.<\/li>\n<li>Establecen niveles de protecci\u00f3n y seguridad que Impiden o dificultan ciberataques contra el sitio web o sus usuarios.<\/li>\n<li>Permiten que los gestores de los medios puedan conocer datos estad\u00edsticos recopilados en las Cookies para mejorar la calidad y experiencia de sus servicios.<\/li>\n<li>Sirven para optimizar la publicidad que mostramos a los usuarios, ofreciendo la que m\u00e1s se ajusta a sus intereses.<\/li>\n<li>Puede obtener m\u00e1s informaci\u00f3n sobre las Cookies y su uso en www.aboutCookies.org<\/li>\n<\/ul>\n<p>&nbsp;<\/p>\n<h2>Los tipos de Cookies que utilizamos<\/h2>\n<p>Estas Cookies son necesarias para el correcto funcionamiento de la p\u00e1gina web. Adem\u00e1s mejoran notablemente su funcionamiento y la experiencia en su visita.<\/p>\n<p><strong><\/p>\n<h3>Anal\u00edtica<\/strong><\/h3>\n<p>Google Analytics es una herramienta gratuita de an\u00e1lisis web de Google que permite a los propietarios de sitios web conocer c\u00f3mo interact\u00faan los usuarios con su sitio web. Asimismo, habilita Cookies en el dominio del sitio en el que se encuentra y utiliza un conjunto de Cookies denominadas &#8220;__utma&#8221; y &#8220;__utmz&#8221; para recopilar informaci\u00f3n de forma an\u00f3nima y elaborar informes de tendencias de sitios web sin identificar a usuarios individuales (no obtiene datos de los nombres o apellidos de los usuarios ni de la direcci\u00f3n postal desde donde se conectan).<\/p>\n<p>La informaci\u00f3n que obtiene est\u00e1 relacionada por ejemplo con el n\u00famero de p\u00e1ginas vistas, el idioma, el n\u00famero de usuarios que nos visitan, la frecuencia y reincidencia de las visitas, el tiempo de visita, el navegador que usan, etc. Esta informaci\u00f3n la utilizamos para mejorar nuestra p\u00e1gina, detectar nuevas necesidades y valorar las mejoras a introducir con la finalidad de prestar un mejor servicio a los usuarios que nos visitan.<\/p>\n<p>Puede conocer esos otros usos desde los enlaces indicados:<\/p>\n<ul>\n<li>http:\/\/www.google.es\/intl\/es\/analytics\/privacyoverview.html<\/li>\n<li>http:\/\/www.google.com\/analytics\/<\/li>\n<\/ul>\n<p>Al visitar nuestra p\u00e1gina web, acepta la instalaci\u00f3n de estas Cookies en su dispositivo.<\/p>\n<p><strong><\/p>\n<h3>Preferencias<\/strong><\/h3>\n<p>Estas Cookies nos permiten, por ejemplo, saber si ha visitado antes nuestro sitio o si ha indicado alguna preferencia. La p\u00e9rdida de la informaci\u00f3n almacenada en una cookie de preferencias puede hacer que la experiencia del sitio web sea menos funcional, pero no debe afectar a su funcionamiento. Al visitar nuestra p\u00e1gina web, acepta la instalaci\u00f3n de estas Cookies en su dispositivo.<\/p>\n<p><strong><\/p>\n<h3>Procesos<\/strong><\/h3>\n<p>Las Cookies de procesos permiten el funcionamiento del sitio web y ofrecen servicios esperados por el usuario que accede al sitio web como, por ejemplo, la navegaci\u00f3n por p\u00e1ginas web o el acceso a \u00e1reas seguras del sitio web. Sin estas Cookies, el sitio web no puede funcionar de forma adecuada. Al visitar nuestra p\u00e1gina web, acepta la instalaci\u00f3n de estas Cookies en su dispositivo.<\/p>\n<p><strong><\/p>\n<h3>Navegaci\u00f3n o estado de la sesi\u00f3n<\/strong><\/h3>\n<p>Estas Cookies recogen informaci\u00f3n sobre el uso que las visitas hacen de la web, por ejemplo p\u00e1ginas vistas, errores de carga&#8230; Guardan la informaci\u00f3n necesaria durante la sesi\u00f3n y los cambios relacionados con ella, y tambi\u00e9n determinan si est\u00e1 registrado o no en la web. Es informaci\u00f3n gen\u00e9rica y an\u00f3nima, donde no se incluyen datos personales, ni se recoge informaci\u00f3n que identifique a los visitantes; siendo el objetivo \u00faltimo mejorar el funcionamiento de la web.<\/p>\n<p>Al visitar nuestra p\u00e1gina web, acepta la instalaci\u00f3n de estas Cookies en su dispositivo.<\/p>\n<p>&nbsp;<\/p>\n<h2>C\u00f3mo administrar las Cookies en los ordenadores<\/h2>\n<p>Al navegar y continuar en nuestro Sitio Web estar\u00e1 consintiendo el uso de las Cookies en las condiciones contenidas en la presente Pol\u00edtica de Cookies. Andbank proporciona acceso a esta Pol\u00edtica de Cookies en el momento del registro con el objetivo de que el usuario est\u00e9 informado, y sin perjuicio de que \u00e9ste pueda ejercer su derecho a bloquear, eliminar y rechazar el uso de Cookies en todo momento.<\/p>\n<p>Para permitir, conocer, bloquear o eliminar las Cookies instaladas en su equipo, puede hacerlo mediante la configuraci\u00f3n de las opciones del navegador instalado en su ordenador. A continuaci\u00f3n le indicamos los links de los principales navegadores y dispositivos para que disponga de toda la informaci\u00f3n para consultar c\u00f3mo gestionar las Cookies en su navegador.<\/p>\n<p><strong>Internet Explorer\u2122:<\/strong><\/p>\n<ul>\n<li>Versi\u00f3n 5: http:\/\/support.microsoft.com\/kb\/196955\/es<\/li>\n<li>Versi\u00f3n 6: http:\/\/support.microsoft.com\/kb\/283185\/es<\/li>\n<li>Versi\u00f3n 7 y 8: http:\/\/windows.microsoft.com\/es-ES\/windows-vista\/Block-or-allow-Cookies<\/li>\n<li>Versi\u00f3n 9: http:\/\/windows.microsoft.com\/es-ES\/windows7\/How-to-manage-Cookies-in-Internet-Explorer-9<\/li>\n<\/ul>\n<p><strong>Safari\u2122:<\/strong><\/p>\n<ul>\n<li>http:\/\/support.apple.com\/kb\/PH5042?viewlocale=es_ES<\/li>\n<li>http:\/\/support.apple.com\/kb\/HT1677?viewlocale=es_ES<\/li>\n<\/ul>\n<p><strong>Google\u2122:<\/strong><\/p>\n<ul>\n<li>https:\/\/support.google.com\/chrome\/answer\/95647?hl=es&amp;<\/li>\n<\/ul>\n<p><strong>Firefox\u2122:<\/strong><\/p>\n<ul>\n<li>http:\/\/support.mozilla.org\/es\/kb\/Cookies-informacion-que-los-sitios-web-guardan-en-?redirectlocale=en-US&amp;redirectslug=Cookies;<\/li>\n<\/ul>\n<p><strong>Opera\u2122:<\/strong><\/p>\n<ul>\n<li>http:\/\/help.opera.com\/Windows\/11.50\/es-ES\/Cookies.html<\/li>\n<\/ul>\n<p><strong>Android\u2122:<\/strong><\/p>\n<ul>\n<li>http:\/\/support.google.com\/android\/?hl=es<\/li>\n<\/ul>\n<p>&nbsp;<\/p>\n<h2>\u00bfActualizamos nuestra Pol\u00edtica de Cookies?<\/h2>\n<p>Es posible que actualicemos la Pol\u00edtica de Cookies de nuestro Sitio Web, por ello le recomendamos revisar esta pol\u00edtica cada vez que acceda a nuestro Sitio Web con el objetivo de estar adecuadamente informado sobre c\u00f3mo y para qu\u00e9 usamos las Cookies.<\/p>\n","protected":false},"excerpt":{"rendered":"<p>Utilizamos Cookies para facilitar el uso de nuestra p\u00e1gina web y optimizar su navegaci\u00f3n, adaptando la informaci\u00f3n y los servicios ofrecidos a sus intereses, para proporcionarle una mejor experiencia siempre que nos visite. Nuestra web utiliza Cookies para funcionar, adaptar y facilitar al m\u00e1ximo la navegaci\u00f3n del Usuario. Las Cookies son peque\u00f1os ficheros de informaci\u00f3n [&hellip;]<\/p>\n","protected":false},"author":1,"featured_media":0,"parent":34,"menu_order":16,"comment_status":"closed","ping_status":"closed","template":"template-info-detail.php","meta":{"footnotes":""},"yst_prominent_words":[3834,3832,699,3831,3840,700,3830,2744,3835,3838,2745,3839,3841,3833,2751,2743,3837,2752,3842,3836],"class_list":["post-1238","page","type-page","status-publish","hentry"],"acf":[],"_links":{"self":[{"href":"https:\/\/pre.andbank.com\/andorra\/wp-json\/wp\/v2\/pages\/1238"}],"collection":[{"href":"https:\/\/pre.andbank.com\/andorra\/wp-json\/wp\/v2\/pages"}],"about":[{"href":"https:\/\/pre.andbank.com\/andorra\/wp-json\/wp\/v2\/types\/page"}],"author":[{"embeddable":true,"href":"https:\/\/pre.andbank.com\/andorra\/wp-json\/wp\/v2\/users\/1"}],"replies":[{"embeddable":true,"href":"https:\/\/pre.andbank.com\/andorra\/wp-json\/wp\/v2\/comments?post=1238"}],"version-history":[{"count":0,"href":"https:\/\/pre.andbank.com\/andorra\/wp-json\/wp\/v2\/pages\/1238\/revisions"}],"up":[{"embeddable":true,"href":"https:\/\/pre.andbank.com\/andorra\/wp-json\/wp\/v2\/pages\/34"}],"wp:attachment":[{"href":"https:\/\/pre.andbank.com\/andorra\/wp-json\/wp\/v2\/media?parent=1238"}],"wp:term":[{"taxonomy":"yst_prominent_words","embeddable":true,"href":"https:\/\/pre.andbank.com\/andorra\/wp-json\/wp\/v2\/yst_prominent_words?post=1238"}],"curies":[{"name":"wp","href":"https:\/\/api.w.org\/{rel}","templated":true}]}}