{"id":8638,"date":"2018-10-12T12:11:57","date_gmt":"2018-10-12T10:11:57","guid":{"rendered":"https:\/\/www.andbank.com\/andorra\/?page_id=8638"},"modified":"2021-02-04T12:03:55","modified_gmt":"2021-02-04T10:03:55","slug":"andbank-wealth","status":"publish","type":"page","link":"https:\/\/pre.andbank.com\/andorra\/fr\/banque-privee\/nos-services\/andbank-wealth\/","title":{"rendered":"Andbank Wealth"},"content":{"rendered":"<p>&nbsp;<\/p>\n<p>&nbsp;<\/p>\n<div class=\"row\">\n<div class=\"col-xs-12 col-ms-8\">\n<p>&nbsp;<\/p>\n<h2>Acc\u00e8s s\u00e9curis\u00e9<\/h2>\n<h3>Vous seul pourrez donc acc\u00e9der \u00e0 l&rsquo;application <strong>Andbank Wealth<\/strong> gr\u00e2ce \u00e0 la reconnaissance digitale ou faciale.<\/h3>\n<\/div>\n<div class=\"col-xs-12 col-ms-4\"><img loading=\"lazy\" decoding=\"async\" class=\"aligncenter size-full wp-image-8441\" src=\"https:\/\/www.andbank.com\/andorra\/wp-content\/uploads\/sites\/10\/2018\/10\/scr_dact_es.jpg\" alt=\"\" width=\"275\" height=\"275\" \/><\/div>\n<\/div>\n<p>&nbsp;<\/p>\n<div class=\"row\">\n<div class=\"col-xs-12 col-ms-4\"><img loading=\"lazy\" decoding=\"async\" class=\"aligncenter size-full wp-image-8445\" src=\"https:\/\/www.andbank.com\/andorra\/wp-content\/uploads\/sites\/10\/2018\/10\/scr_global.jpg\" alt=\"\" width=\"275\" height=\"275\" \/><\/div>\n<div class=\"col-xs-12 col-ms-8\">\n<p>&nbsp;<\/p>\n<h2>Position globale<\/h2>\n<h3>Visualisez votre position globale consolid\u00e9e, acc\u00e9dez au d\u00e9tail de chaque actif d\u00e9tenu en portefeuille et consultez son rendement.<\/h3>\n<\/div>\n<\/div>\n<p>&nbsp;<\/p>\n<div class=\"row\">\n<div class=\"col-xs-12 col-ms-8\">\n<p>&nbsp;<\/p>\n<h2>Information financi\u00e8re<\/h2>\n<h3>Vous pourrez conna\u00eetre en avant-premi\u00e8re les derni\u00e8res actualit\u00e9s les plus pertinentes ainsi que la s\u00e9lection des investissements retenus par nos experts.<\/h3>\n<\/div>\n<div class=\"col-xs-12 col-ms-4\"><img loading=\"lazy\" decoding=\"async\" class=\"aligncenter size-full wp-image-8433\" src=\"https:\/\/www.andbank.com\/andorra\/wp-content\/uploads\/sites\/10\/2018\/10\/scr_actualitat.jpg\" alt=\"\" width=\"275\" height=\"275\" \/><\/div>\n<\/div>\n<p>&nbsp;<\/p>\n<div class=\"row\">\n<div class=\"col-xs-12 col-ms-4\"><img loading=\"lazy\" decoding=\"async\" class=\"aligncenter size-full wp-image-8445\" src=\"https:\/\/www.andbank.com\/andorra\/wp-content\/uploads\/sites\/10\/2018\/10\/transfe_esp.jpg\" alt=\"\" width=\"275\" height=\"275\" \/><\/div>\n<div class=\"col-xs-12 col-ms-8\">\n<h2>Transferts<\/h2>\n<h3>Vous pouvez effectuer des virements entre vos comptes Andbank et d&rsquo;autres entit\u00e9s et v\u00e9rifier votre statut, avec une s\u00e9curit\u00e9 maximale.<\/h3>\n<\/div>\n<\/div>\n<p>&nbsp;<\/p>\n<div class=\"row\">\n<div class=\"col-xs-12 col-ms-8\">\n<p>&nbsp;<\/p>\n<h2>Cartes<\/h2>\n<h3>Suivez et contr\u00f4lez toutes les op\u00e9rations effectu\u00e9es avec l&rsquo;une de vos cartes, vous pouvez les verrouiller ou les d\u00e9verrouiller selon vos besoins.<\/h3>\n<\/div>\n<div class=\"col-xs-12 col-ms-4\"><img loading=\"lazy\" decoding=\"async\" class=\"aligncenter size-full wp-image-8441\" src=\"https:\/\/www.andbank.com\/andorra\/wp-content\/uploads\/sites\/10\/2018\/10\/scr_xat.jpg\" alt=\"\" width=\"275\" height=\"275\" \/><\/div>\n<\/div>\n<p>&nbsp;<\/p>\n<div class=\"row\">\n<div class=\"col-xs-12 col-ms-4\"><img loading=\"lazy\" decoding=\"async\" class=\"aligncenter size-full wp-image-8445\" src=\"https:\/\/www.andbank.com\/andorra\/wp-content\/uploads\/sites\/10\/2018\/10\/scr_arxius.jpg\" alt=\"\" width=\"275\" height=\"275\" \/><\/div>\n<div class=\"col-xs-12 col-ms-8\">\n<p>&nbsp;<\/p>\n<h2>Votre banquier en ligne<\/h2>\n<h3>Vous pourrez interagir de mani\u00e8re s\u00e9curis\u00e9e et confidentielle avec votre gestionnaire d\u2019Andbank \u00e0 travers le chat de l\u2019application en toute libert\u00e9, ind\u00e9pendamment du moment ou du lieu o\u00f9 vous vous trouvez.<\/h3>\n<\/div>\n<\/div>\n<p>&nbsp;<\/p>\n<div class=\"row\" align=\"center\"><\/div>\n<p>&nbsp;<\/p>\n<div class=\"row\">\n<div class=\"col-xs-12 col-ms-8\">\n<p>&nbsp;<\/p>\n<h2>Achat et vente de titres et fonds<\/h2>\n<h3>Cet outil vous permettra d&rsquo;investir plus facilement en ligne. Vous aurez une vision globale du prix du march\u00e9. Vous pouvez \u00e9galement acc\u00e9der aux meilleurs fonds du march\u00e9 d&rsquo;un simple clic.<\/h3>\n<h3>T\u00e9l\u00e9chargez Andbank Wealth. Pour commencer \u00e0 fonctionner, vous devez contacter votre banquier qui vous enverra un SMS avec le code d&rsquo;activation.<\/h3>\n<\/div>\n<div class=\"col-xs-12 col-ms-4\"><img loading=\"lazy\" decoding=\"async\" class=\"aligncenter size-full wp-image-8441\" src=\"https:\/\/www.andbank.com\/andorra\/wp-content\/uploads\/sites\/10\/2018\/10\/scr_mercats.jpg\" alt=\"\" width=\"275\" height=\"275\" \/><\/div>\n<\/div>\n<p>&nbsp;<\/p>\n<div style=\"text-align: center\"><a class=\"main-button\" href=\"https:\/\/www.andbank.com\/andorra\/wp-content\/uploads\/sites\/10\/2018\/10\/llibretAPP_A5_fr-1.pdf\" target=\"_blank\" rel=\"noopener\">PLUS D&rsquo;INFORMATION<\/a><\/div>\n<p>&nbsp;<\/p>\n<hr \/>\n<div class=\"row\">\n<div class=\"col-xs-12 col-ms-6\" align=\"right\"><a href=\"https:\/\/itunes.apple.com\/fr\/app\/andbank-wealth\/id1362073804?mt=8\" target=\"_blank\" rel=\"noopener\"><img decoding=\"async\" src=\"https:\/\/www.andbank.com\/andorra\/wp-content\/uploads\/sites\/10\/2018\/10\/appstore-1.png\" alt=\"Disponible a App Store\" \/><\/a><\/div>\n<div class=\"col-xs-12 col-ms-6\" align=\"left\"><a href=\"https:\/\/play.google.com\/store\/apps\/details?hl=fr&amp;id=com.andbank.wealth\" target=\"_blank\" rel=\"noopener\"><img decoding=\"async\" src=\"https:\/\/www.andbank.com\/andorra\/wp-content\/uploads\/sites\/10\/2018\/10\/google_play.png\" alt=\"Disponible a Google Play\" \/><\/a><\/div>\n<\/div>\n","protected":false},"excerpt":{"rendered":"<p>&nbsp; &nbsp; &nbsp; Acc\u00e8s s\u00e9curis\u00e9 Vous seul pourrez donc acc\u00e9der \u00e0 l&rsquo;application Andbank Wealth gr\u00e2ce \u00e0 la reconnaissance digitale ou faciale. &nbsp; &nbsp; Position globale Visualisez votre position globale consolid\u00e9e, acc\u00e9dez au d\u00e9tail de chaque actif d\u00e9tenu en portefeuille et consultez son rendement. &nbsp; &nbsp; Information financi\u00e8re Vous pourrez conna\u00eetre en avant-premi\u00e8re les derni\u00e8res actualit\u00e9s [&hellip;]<\/p>\n","protected":false},"author":13,"featured_media":15595,"parent":2396,"menu_order":0,"comment_status":"closed","ping_status":"closed","template":"template-layout-first.php","meta":{"footnotes":""},"yst_prominent_words":[1328,107,3173,769,757,4663,6715,6714,724,632,3165,3160,1668,5365,3253,754,6838,1667,4741,3176],"class_list":["post-8638","page","type-page","status-publish","has-post-thumbnail","hentry"],"acf":[],"_links":{"self":[{"href":"https:\/\/pre.andbank.com\/andorra\/fr\/wp-json\/wp\/v2\/pages\/8638"}],"collection":[{"href":"https:\/\/pre.andbank.com\/andorra\/fr\/wp-json\/wp\/v2\/pages"}],"about":[{"href":"https:\/\/pre.andbank.com\/andorra\/fr\/wp-json\/wp\/v2\/types\/page"}],"author":[{"embeddable":true,"href":"https:\/\/pre.andbank.com\/andorra\/fr\/wp-json\/wp\/v2\/users\/13"}],"replies":[{"embeddable":true,"href":"https:\/\/pre.andbank.com\/andorra\/fr\/wp-json\/wp\/v2\/comments?post=8638"}],"version-history":[{"count":0,"href":"https:\/\/pre.andbank.com\/andorra\/fr\/wp-json\/wp\/v2\/pages\/8638\/revisions"}],"up":[{"embeddable":true,"href":"https:\/\/pre.andbank.com\/andorra\/fr\/wp-json\/wp\/v2\/pages\/2396"}],"wp:featuredmedia":[{"embeddable":true,"href":"https:\/\/pre.andbank.com\/andorra\/fr\/wp-json\/wp\/v2\/media\/15595"}],"wp:attachment":[{"href":"https:\/\/pre.andbank.com\/andorra\/fr\/wp-json\/wp\/v2\/media?parent=8638"}],"wp:term":[{"taxonomy":"yst_prominent_words","embeddable":true,"href":"https:\/\/pre.andbank.com\/andorra\/fr\/wp-json\/wp\/v2\/yst_prominent_words?post=8638"}],"curies":[{"name":"wp","href":"https:\/\/api.w.org\/{rel}","templated":true}]}}