{"id":3687,"date":"2017-08-31T10:37:46","date_gmt":"2017-08-31T08:37:46","guid":{"rendered":"https:\/\/www.andbank.com\/andorra\/particuliers\/comptes-et-cartes\/cartes\/services-et-avantages\/code-puk\/"},"modified":"2019-09-27T13:04:26","modified_gmt":"2019-09-27T11:04:26","slug":"code-puk","status":"publish","type":"page","link":"https:\/\/pre.andbank.com\/andorra\/fr\/particuliers\/comptes-et-cartes\/cartes\/services-et-avantages\/code-puk\/","title":{"rendered":"Code PUK"},"content":{"rendered":"<h2>Achats s\u00e9curis\u00e9s par internet<\/h2>\n<p>En qualit\u00e9 de titulaire des cartes d&rsquo;Andbank, vous pouvez b\u00e9n\u00e9ficier de notre syst\u00e8me d\u2019achats s\u00e9curis\u00e9s sur Internet<\/p>\n<p>&nbsp;<\/p>\n<p><strong>Verified By Visa<\/strong><\/p>\n<p>Prot\u00e9gez votre carte Visa avec un code personnel pour vos achats sur internet. Le seul service qui garantit l&rsquo;authentification et l&rsquo;identification des utilisateurs des cartes et des commerces \u00e9lectroniques affili\u00e9s.<\/p>\n<p><strong>Comment s\u2019inscrire ? Par l\u2019entremise des commerces \u00e9lectroniques affili\u00e9s\u00a0:<\/strong><\/p>\n<ul>\n<li>Vous pourrez effectuer jusqu&rsquo;\u00e0 3 achats dans les commerces \u00e9lectroniques affili\u00e9s sans \u00eatre inscrit.<\/li>\n<li>Si vous effectuez un achat dans un commerce \u00e9lectronique affili\u00e9, apr\u00e8s avoir introduit la num\u00e9rotation de la carte (16 chiffres) pour r\u00e9aliser l&rsquo;achat, le syst\u00e8me vous demandera si vous voulez vous inscrire au service et, ensuite, vous sollicitera le PIN de la carte (4 chiffres). Apr\u00e8s v\u00e9rification, vous serez inscrit au syst\u00e8me d&rsquo;achats s\u00e9curis\u00e9s sur Internet.<\/li>\n<\/ul>\n<p><strong>Par le biais de tout distributeur automatique d&rsquo;Andbank\u00a0:<\/strong><\/p>\n<ul>\n<li>Avec l&rsquo;option \u00ab achats s\u00e9curis\u00e9s sur Internet \u00bb, vous obtiendrez le code PUK. Avec ce code vous pouvez d\u00e8s \u00e0 pr\u00e9sent vous inscrire comme client s\u00e9curis\u00e9 sur le site Internet d&rsquo;Andbank.<\/li>\n<\/ul>\n<p><a href=\"https:\/\/sas.sermepa.es\/adminSas\/andBanc\/frances.html\" target=\"_blank\" rel=\"noopener\">S\u2019inscrire avec le code PUK<\/a>.<\/p>\n","protected":false},"excerpt":{"rendered":"<p>Prot\u00e9gez votre carte Visa avec un code personnel pour vos achats sur internet. Le seul service qui garantit l&rsquo;authentification et l&rsquo;identification des utilisateurs des cartes et des commerces \u00e9lectroniques affili\u00e9s.<\/p>\n","protected":false},"author":1,"featured_media":3366,"parent":2433,"menu_order":0,"comment_status":"closed","ping_status":"closed","template":"template-detail.php","meta":{"footnotes":""},"yst_prominent_words":[4844,4841,4828,4847,4832,4820,4845,4834,4823,4843,4836,4840,4827,4838,4846,4830,4817,4814,761,4741],"class_list":["post-3687","page","type-page","status-publish","has-post-thumbnail","hentry"],"acf":[],"_links":{"self":[{"href":"https:\/\/pre.andbank.com\/andorra\/fr\/wp-json\/wp\/v2\/pages\/3687"}],"collection":[{"href":"https:\/\/pre.andbank.com\/andorra\/fr\/wp-json\/wp\/v2\/pages"}],"about":[{"href":"https:\/\/pre.andbank.com\/andorra\/fr\/wp-json\/wp\/v2\/types\/page"}],"author":[{"embeddable":true,"href":"https:\/\/pre.andbank.com\/andorra\/fr\/wp-json\/wp\/v2\/users\/1"}],"replies":[{"embeddable":true,"href":"https:\/\/pre.andbank.com\/andorra\/fr\/wp-json\/wp\/v2\/comments?post=3687"}],"version-history":[{"count":0,"href":"https:\/\/pre.andbank.com\/andorra\/fr\/wp-json\/wp\/v2\/pages\/3687\/revisions"}],"up":[{"embeddable":true,"href":"https:\/\/pre.andbank.com\/andorra\/fr\/wp-json\/wp\/v2\/pages\/2433"}],"wp:featuredmedia":[{"embeddable":true,"href":"https:\/\/pre.andbank.com\/andorra\/fr\/wp-json\/wp\/v2\/media\/3366"}],"wp:attachment":[{"href":"https:\/\/pre.andbank.com\/andorra\/fr\/wp-json\/wp\/v2\/media?parent=3687"}],"wp:term":[{"taxonomy":"yst_prominent_words","embeddable":true,"href":"https:\/\/pre.andbank.com\/andorra\/fr\/wp-json\/wp\/v2\/yst_prominent_words?post=3687"}],"curies":[{"name":"wp","href":"https:\/\/api.w.org\/{rel}","templated":true}]}}