{"id":3685,"date":"2017-08-30T14:49:08","date_gmt":"2017-08-30T12:49:08","guid":{"rendered":"https:\/\/www.andbank.com\/andorra\/particuliers\/comptes-et-cartes\/cartes\/services-et-avantages\/via-t\/"},"modified":"2021-06-01T09:25:36","modified_gmt":"2021-06-01T07:25:36","slug":"via-t-plus","status":"publish","type":"page","link":"https:\/\/pre.andbank.com\/andorra\/fr\/particuliers\/comptes-et-cartes\/cartes\/services-et-avantages\/via-t-plus\/","title":{"rendered":"VIA-T PLUS"},"content":{"rendered":"<p class=\"p1\">Nouveau dispositif VIA-T avec encore plus d&rsquo;avantages: vous pourrez acc\u00e9der rapidement aux postes de p\u00e9age en France, en Espagne et au Portugal, sans file d&rsquo;attente ni ticket, et acc\u00e9der \u00e0 encore plus de parkings, tunnels de lavage et stations-service, ainsi que les r\u00e9ductions disponibles chez chaque concessionnaire.<\/p>\n<p>&nbsp;<\/p>\n<h2><strong>\u00a0Les avantages VIA-T PLUS<\/strong><\/h2>\n<ul class=\"ul1\">\n<li class=\"li1\">Le moyen de paiement le plus rapide et le plus pratique, vous n\u2019aurez plus \u00e0 vous arr\u00eater pour payer les p\u00e9ages en Espagne, en France et au Portugal.<\/li>\n<li class=\"li1\">Vous pourrez utiliser ce service dans plus de 180 parkings en Espagne.<\/li>\n<li class=\"li1\">Vous pourrez \u00e9galement utiliser le service dans les tunnels de lavage de voitures et dans plus de 3 600 stations-service dans toute l&rsquo;Espagne.<\/li>\n<li class=\"li1\">Plus besoin de s\u2019arr\u00eater pour prendre des tickets.<\/li>\n<li class=\"li1\">Vous disposerez de voies rapides exclusives.<\/li>\n<li class=\"li1\">Installation facile et ais\u00e9e du transmetteur.<\/li>\n<li class=\"li1\">Remises disponibles chez chaque concessionnaire.<\/li>\n<li class=\"li1\">Paiement et relev\u00e9 ventil\u00e9s \u00e0 la fin du mois.<\/li>\n<\/ul>\n<p>Vous pourrez v\u00e9rifier les places de stationnement disponibles <a href=\"https:\/\/www.andbank.com\/andorra\/wp-content\/uploads\/sites\/10\/2017\/08\/Concession\u00e0ries_Via_T_PLUS-FRA.pdf\" rel=\"noopener\" target=\"_blank\">ici<\/a><br \/>\n&nbsp;<\/p>\n<h5 class=\"p1\">*Les clients qui poss\u00e8dent le VIA-T actuel peuvent passer au nouveau VIA-T PLUS \u00e0 tout moment ou attendre l&rsquo;expiration du dispositif. Le passage au nouveau service peut entra\u00eener des co\u00fbts suppl\u00e9mentaires. Le prix du VIA-T Plus est de 50 euros pour l&rsquo;appareil et de 30 euros pour la maintenance annuelle (IGI non compris). Si vous avez besoin de plus d&rsquo;informations, veuillez consulter votre responsable ou appeler le 873 030.<\/h5>\n","protected":false},"excerpt":{"rendered":"<p>Avec la Via T vous ne devrez vous arr\u00eater \u00e0 aucun p\u00e9age et vous ne devrez faire aucun paiement manuel, il vous suffira d&rsquo;installer un transmetteur qui sera d\u00e9tect\u00e9 lors de votre passage sur la voie exclusive de t\u00e9l\u00e9p\u00e9age.<\/p>\n","protected":false},"author":1,"featured_media":22520,"parent":2433,"menu_order":0,"comment_status":"closed","ping_status":"closed","template":"template-detail.php","meta":{"footnotes":""},"yst_prominent_words":[8532,8508,8528,8527,8523,8531,8526,8521,8517,8507,8525,8519,4508,8529,1668,8530,8524,8462,8477,1667],"class_list":["post-3685","page","type-page","status-publish","has-post-thumbnail","hentry"],"acf":[],"_links":{"self":[{"href":"https:\/\/pre.andbank.com\/andorra\/fr\/wp-json\/wp\/v2\/pages\/3685"}],"collection":[{"href":"https:\/\/pre.andbank.com\/andorra\/fr\/wp-json\/wp\/v2\/pages"}],"about":[{"href":"https:\/\/pre.andbank.com\/andorra\/fr\/wp-json\/wp\/v2\/types\/page"}],"author":[{"embeddable":true,"href":"https:\/\/pre.andbank.com\/andorra\/fr\/wp-json\/wp\/v2\/users\/1"}],"replies":[{"embeddable":true,"href":"https:\/\/pre.andbank.com\/andorra\/fr\/wp-json\/wp\/v2\/comments?post=3685"}],"version-history":[{"count":0,"href":"https:\/\/pre.andbank.com\/andorra\/fr\/wp-json\/wp\/v2\/pages\/3685\/revisions"}],"up":[{"embeddable":true,"href":"https:\/\/pre.andbank.com\/andorra\/fr\/wp-json\/wp\/v2\/pages\/2433"}],"wp:featuredmedia":[{"embeddable":true,"href":"https:\/\/pre.andbank.com\/andorra\/fr\/wp-json\/wp\/v2\/media\/22520"}],"wp:attachment":[{"href":"https:\/\/pre.andbank.com\/andorra\/fr\/wp-json\/wp\/v2\/media?parent=3685"}],"wp:term":[{"taxonomy":"yst_prominent_words","embeddable":true,"href":"https:\/\/pre.andbank.com\/andorra\/fr\/wp-json\/wp\/v2\/yst_prominent_words?post=3685"}],"curies":[{"name":"wp","href":"https:\/\/api.w.org\/{rel}","templated":true}]}}