{"id":3679,"date":"2017-08-01T09:51:35","date_gmt":"2017-08-01T07:51:35","guid":{"rendered":"https:\/\/www.andbank.com\/andorra\/particuliers\/comptes-et-cartes\/cartes\/cartes-de-credit\/visa-voyage\/"},"modified":"2021-11-11T02:12:23","modified_gmt":"2021-11-11T00:12:23","slug":"visa-voyage","status":"publish","type":"page","link":"https:\/\/pre.andbank.com\/andorra\/fr\/particuliers\/comptes-et-cartes\/cartes\/cartes-de-credit\/visa-voyage\/","title":{"rendered":"Visa Voyage"},"content":{"rendered":"<p>Pour que vous puissiez b\u00e9n\u00e9ficier de nombreux avantages lors de vos sorties, vacances ou voyages hors du pays, Andbank a con\u00e7u cette carte en pensant \u00e0 votre \u00e9pargne et \u00e0 votre bien-\u00eatre.<\/p>\n<h2>Avantages de la carte Visa Voyage<\/h2>\n<p>O\u00f9 que vous alliez, emportez la carte Viatge d&rsquo;AndbanK, vos voyages et vos vacances vous reviendront bien meilleur march\u00e9.<\/p>\n<ul>\n<li>Remise de 1\u00a0% pour tous les paiements effectu\u00e9s dans des restaurants hors d&rsquo;Andorre et sur toutes les lignes a\u00e9riennes du monde<\/li>\n<li>Remise de 2\u00a0% pour tous les paiements effectu\u00e9s dans des h\u00f4tels hors d&rsquo;Andorre.<\/li>\n<li>Remise de 3\u00a0%, pour tous les paiements effectu\u00e9s dans des pompes \u00e0 essence hors d&rsquo;Andorre.<\/li>\n<\/ul>\n<p>(Le remboursement de ces r\u00e9ductions est soumis \u00e0 l\u2019imp\u00f4t sur le revenu).<\/p>\n<ul>\n<li><strong>S\u00e9curit\u00e9<\/strong><b>.<\/b> S\u00e9curit\u00e9 maximale contre les utilisations frauduleuses gr\u00e2ce \u00e0 la technologie EMV (puce) et au contr\u00f4le m\u00e9thodique pour d\u00e9tecter les op\u00e9rations frauduleuses.<\/li>\n<\/ul>\n<ul>\n<li><strong>Assurance gratuite<\/strong>\u00a0: Accident de voyage dans les transports publics avec la carte Visa Voyage. Veuillez consulter <a href=\"https:\/\/www.andbank.com\/andorra\/wp-content\/uploads\/sites\/10\/2021\/11\/POLISSA-ASSISTENCIA-EN-VIATGE-CLASSIC-2021-FR.pdf\" target=\"_blank\" rel=\"noopener\">ici<\/a> les couvertures incluses.<\/li>\n<\/ul>\n<p>T\u00e9l. d&rsquo;urgence +34 93 463 12 34<\/p>\n<ul>\n<li><strong>Assurance antifraude optionnelle<\/strong><b>. <\/b>Vous pouvez b\u00e9n\u00e9ficier d&rsquo;une assurance antifraude de <span style=\"color: #333333\">18,75<\/span>\u00a0\u20ac par an pour vous couvrir en cas de perte ou de vol de votre carte.<\/li>\n<li>Vaste <b>r\u00e9seau de distributeurs<\/b> automatiques : 23 billetteries en Andorre et plus de 800.000 dans le monde entier.<\/li>\n<\/ul>\n<h2>Caract\u00e9ristiques<\/h2>\n<ul>\n<li><strong>Paiements diff\u00e9r\u00e9s<\/strong><b>. <\/b>Le client peut choisir de r\u00e9gler tous ses achats \u00e0 la fin du mois ou de diff\u00e9rer ses paiements en mensualit\u00e9s en pourcentage ou en montants fixes.<\/li>\n<\/ul>\n<ul>\n<li>L&rsquo;information la plus d\u00e9taill\u00e9e, mensuellement, annuellement et facultativement bimensuellement par type d&rsquo;op\u00e9ration, secteur d&rsquo;activit\u00e9 et pays.<\/li>\n<\/ul>\n<ul>\n<li>Syst\u00e8me de paiement <b><i>Sans contact<\/i><\/b> qui vous permet de payer de mani\u00e8re rapide, confortable et en toute s\u00e9curit\u00e9 en approchant simplement votre carte du terminal de paiement TPE.<\/li>\n<li><b>Achats en ligne s\u00e9curis\u00e9s <\/b><i>Visa Secure<\/i>. Prot\u00e9gez votre carte Visa avec un code personnel pour vos achats sur internet. Le seul service qui garantit l&rsquo;authentification et l&rsquo;identification des utilisateurs des cartes et des commerces \u00e9lectroniques affili\u00e9s.<\/li>\n<li><b>Service d\u2019alerte par SMS<\/b>. Nous vous informerons par SMS des achats que vous effectuez avec votre carte chaque fois que vous effectuez une transaction sup\u00e9rieure \u00e0 50 \u20ac. Vous recevrez un sms sur votre t\u00e9l\u00e9phone portable qui vous informera du montant effectu\u00e9 et de l&rsquo;entreprise ou commerce o\u00f9 vous l&rsquo;avez effectu\u00e9.\u00a0Consultez votre gestionnaire pour obtenir le service.<\/li>\n<\/ul>\n<h6>Co\u00fbt de la prestation: 1,00 \u20ac par mois<\/h6>\n<p>T\u00e9l\u00e9phones d&rsquo;urgence en cas de perte ou de vol :<\/p>\n<p><a href=\"tel:+376739039\">+376 739 039<\/a><br \/>\n<a href=\"tel:+34913626200\">+34 913 62 62 00<\/a><br \/>\n<a href=\"tel:+18008472911\">+1 800 847 29 11 (EEUU)<\/a><\/p>\n<h6><strong>*Couvertures de l\u2019assurance antifraude.<\/strong><\/p>\n<p>&#8211; L\u2019assurance antifraude couvre la perte, le vol ou le cambriolage. Sont compris les achats r\u00e9gl\u00e9s avec la carte, les pr\u00e9l\u00e8vements en esp\u00e8ces dans des distributeurs automatiques, ainsi que les transactions effectu\u00e9es par Internet et par t\u00e9l\u00e9phone.<\/h6>\n<p>&#8211; La couverture de sinistres occasionn\u00e9s par ces cas garantit le versement d\u2019indemnisations allant jusqu\u2019aux montants suivants\u00a0:<\/p>\n<ul>\n<li>Carte Electron: 1500 euros par sinistre<\/li>\n<li>Carte Classic: 3000 euros par sinistre<\/li>\n<li>Carte Or: 6000 euros par sinistre<\/li>\n<li>Carte Platinum: 12\u00a0000 euros par sinistre<\/li>\n<\/ul>\n<p>&#8211; Jusqu\u2019\u00e0 72 heures avant le d\u00e9p\u00f4t de la plainte, qui doit avoir \u00e9t\u00e9 d\u00e9pos\u00e9e au cours des 45 derniers jours.<br \/>\n&#8211; L\u2019assurance est limit\u00e9e \u00e0 35 op\u00e9rations.<\/p>\n","protected":false},"excerpt":{"rendered":"<p>Avec la carte voyage d&rsquo;Andbank vous obtiendrez des remises sur vos frais habituels lors de voyages ou s\u00e9jours hors d&rsquo;Andorre.\u00a0La carte de voyage est d\u00e9sormais sans contact.\u00a0<\/p>\n","protected":false},"author":1,"featured_media":5523,"parent":2432,"menu_order":6,"comment_status":"closed","ping_status":"closed","template":"template-detail.php","meta":{"footnotes":""},"yst_prominent_words":[5717,3456,1874,1924,1878,1872,1928,1927,1923,631,1929,361,1879,1926,1922,1921,1873,1925,1875,761],"class_list":["post-3679","page","type-page","status-publish","has-post-thumbnail","hentry"],"acf":[],"_links":{"self":[{"href":"https:\/\/pre.andbank.com\/andorra\/fr\/wp-json\/wp\/v2\/pages\/3679"}],"collection":[{"href":"https:\/\/pre.andbank.com\/andorra\/fr\/wp-json\/wp\/v2\/pages"}],"about":[{"href":"https:\/\/pre.andbank.com\/andorra\/fr\/wp-json\/wp\/v2\/types\/page"}],"author":[{"embeddable":true,"href":"https:\/\/pre.andbank.com\/andorra\/fr\/wp-json\/wp\/v2\/users\/1"}],"replies":[{"embeddable":true,"href":"https:\/\/pre.andbank.com\/andorra\/fr\/wp-json\/wp\/v2\/comments?post=3679"}],"version-history":[{"count":0,"href":"https:\/\/pre.andbank.com\/andorra\/fr\/wp-json\/wp\/v2\/pages\/3679\/revisions"}],"up":[{"embeddable":true,"href":"https:\/\/pre.andbank.com\/andorra\/fr\/wp-json\/wp\/v2\/pages\/2432"}],"wp:featuredmedia":[{"embeddable":true,"href":"https:\/\/pre.andbank.com\/andorra\/fr\/wp-json\/wp\/v2\/media\/5523"}],"wp:attachment":[{"href":"https:\/\/pre.andbank.com\/andorra\/fr\/wp-json\/wp\/v2\/media?parent=3679"}],"wp:term":[{"taxonomy":"yst_prominent_words","embeddable":true,"href":"https:\/\/pre.andbank.com\/andorra\/fr\/wp-json\/wp\/v2\/yst_prominent_words?post=3679"}],"curies":[{"name":"wp","href":"https:\/\/api.w.org\/{rel}","templated":true}]}}