{"id":3678,"date":"2017-08-01T09:46:58","date_gmt":"2017-08-01T07:46:58","guid":{"rendered":"https:\/\/www.andbank.com\/andorra\/particuliers\/comptes-et-cartes\/cartes\/cartes-de-credit\/visa-classic\/"},"modified":"2021-11-11T02:12:08","modified_gmt":"2021-11-11T00:12:08","slug":"visa-classic","status":"publish","type":"page","link":"https:\/\/pre.andbank.com\/andorra\/fr\/particuliers\/comptes-et-cartes\/cartes\/cartes-de-credit\/visa-classic\/","title":{"rendered":"Visa Classic"},"content":{"rendered":"<h2>Avantages de la carte Visa Classic<\/h2>\n<ul>\n<li><strong>Flexibilit\u00e9<\/strong>. Elle vous permet de payer vos achats ou services de fa\u00e7on pratique et s\u00fbre.<\/li>\n<li><strong>S\u00e9curit\u00e9<\/strong>. S\u00e9curit\u00e9 maximale contre les utilisations frauduleuses gr\u00e2ce \u00e0 la technologie EMV (puce) et au contr\u00f4le m\u00e9thodique pour d\u00e9tecter les op\u00e9rations frauduleuses.<\/li>\n<\/ul>\n<ul>\n<li><strong>Assurance gratuite<\/strong>\u00a0: Accident de voyage dans les transports publics avec la carte Visa Classic. Veuillez consulter <a href=\"https:\/\/www.andbank.com\/andorra\/wp-content\/uploads\/sites\/10\/2021\/11\/POLISSA-ASSISTENCIA-EN-VIATGE-CLASSIC-2021-FR.pdf\" target=\"_blank\" rel=\"noopener\">ici<\/a> les couvertures incluses.<\/li>\n<\/ul>\n<h6>\u00a0 \u00a0 \u00a0 \u00a0 \u00a0 \u00a0 \u00a0 T\u00e9l. d&rsquo;urgence +34 93 463 12 34<\/h6>\n<ul>\n<li><strong>Assurance antifraude facultative. <\/strong>Vous pouvez b\u00e9n\u00e9ficier d&rsquo;une assurance antifraude de <span style=\"color: #333333\">18,75<\/span>\u00a0\u20ac par an pour vous couvrir en cas de perte ou de vol de votre carte.<\/li>\n<\/ul>\n<ul>\n<li><b>Remises<\/b> dans les stations-service d&rsquo;Andorre du Groupe Artal, Cepsa et Elf, et leurs filiales.<\/li>\n<li>Vaste <strong>r\u00e9seau de distributeurs<\/strong> automatiques :\u00a023 billetteries en Andorre et plus de 800.000 dans le monde entier.<\/li>\n<\/ul>\n<h2>Caract\u00e9ristiques<\/h2>\n<ul>\n<li><b>Flexibilit\u00e9 de paiement.\u00a0<\/b>Le client peut choisir de r\u00e9gler tous ses achats \u00e0 la fin du mois ou de diff\u00e9rer ses paiements en mensualit\u00e9s en pourcentage ou en montants fixes.<\/li>\n<\/ul>\n<ul>\n<li><strong>Un comptable personnel.<\/strong> L&rsquo;information la plus d\u00e9taill\u00e9e, mensuellement, annuellement et facultativement bimensuellement par type d&rsquo;op\u00e9ration, secteur d&rsquo;activit\u00e9 et pays.<\/li>\n<li>Syst\u00e8me de paiement <b><i>Sans contact<\/i><\/b> qui vous permet de payer de mani\u00e8re rapide, confortable et en toute s\u00e9curit\u00e9 en approchant simplement votre carte du terminal de paiement TPE.<\/li>\n<li><b>Achats en ligne s\u00e9curis\u00e9s <\/b><i>Visa Secure<\/i>. Prot\u00e9gez votre carte Visa avec un code personnel pour vos achats sur internet. Le seul service qui garantit l&rsquo;authentification et l&rsquo;identification des utilisateurs des cartes et des commerces \u00e9lectroniques affili\u00e9s.<\/li>\n<li><b>Service d\u2019alerte par SMS<\/b>. Nous vous informerons par SMS des achats que vous effectuez avec votre carte chaque fois que vous effectuez une transaction sup\u00e9rieure \u00e0 50 \u20ac. Vous recevrez un sms sur votre t\u00e9l\u00e9phone portable qui vous informera du montant effectu\u00e9 et de l&rsquo;entreprise ou commerce o\u00f9 vous l&rsquo;avez effectu\u00e9.\u00a0Consultez votre gestionnaire pour obtenir le service.<\/li>\n<\/ul>\n<h6>Co\u00fbt de la prestation: 1,00 \u20ac par mois<\/h6>\n<p>&nbsp;<\/p>\n<h4>T\u00e9l\u00e9phones d&rsquo;urgence en cas de perte ou de vol :<\/h4>\n<p><a href=\"tel:+376739039\">+376 739 039<\/a><br \/>\n<a href=\"tel:+34913626200\">+34 913 62 62 00<\/a><br \/>\n<a href=\"tel:+18008472911\">+1 800 847 29 11 (EEUU)<\/a><\/p>\n<h6><strong>*Couvertures de l\u2019assurance antifraude.<\/strong><\/p>\n<p>&#8211; L\u2019assurance antifraude couvre la perte, le vol ou le cambriolage. Sont compris les achats r\u00e9gl\u00e9s avec la carte, les pr\u00e9l\u00e8vements en esp\u00e8ces dans des distributeurs automatiques, ainsi que les transactions effectu\u00e9es par Internet et par t\u00e9l\u00e9phone.<\/h6>\n<p>&#8211; La couverture de sinistres occasionn\u00e9s par ces cas garantit le versement d\u2019indemnisations allant jusqu\u2019aux montants suivants\u00a0:<\/p>\n<ul>\n<li>Carte Electron: 1500 euros par sinistre<\/li>\n<li>Carte Classic: 3000 euros par sinistre<\/li>\n<li>Carte Or: 6000 euros par sinistre<\/li>\n<li>Carte Platinum: 12\u00a0000 euros par sinistre<\/li>\n<\/ul>\n<p>&#8211; Jusqu\u2019\u00e0 72 heures avant le d\u00e9p\u00f4t de la plainte, qui doit avoir \u00e9t\u00e9 d\u00e9pos\u00e9e au cours des 45 derniers jours.<br \/>\n&#8211; L\u2019assurance est limit\u00e9e \u00e0 35 op\u00e9rations.<\/p>\n","protected":false},"excerpt":{"rendered":"<p>La carte de cr\u00e9dit avec un financement gratuit jusqu&rsquo;\u00e0 30 jours pour la limite de la carte.<\/p>\n","protected":false},"author":1,"featured_media":5479,"parent":2432,"menu_order":3,"comment_status":"closed","ping_status":"closed","template":"template-detail.php","meta":{"footnotes":""},"yst_prominent_words":[1932,5717,3456,1874,1933,1878,1872,5598,631,1879,1877,3453,1873,3454,1944,1880,1875,761,4759,1871],"class_list":["post-3678","page","type-page","status-publish","has-post-thumbnail","hentry"],"acf":[],"_links":{"self":[{"href":"https:\/\/pre.andbank.com\/andorra\/fr\/wp-json\/wp\/v2\/pages\/3678"}],"collection":[{"href":"https:\/\/pre.andbank.com\/andorra\/fr\/wp-json\/wp\/v2\/pages"}],"about":[{"href":"https:\/\/pre.andbank.com\/andorra\/fr\/wp-json\/wp\/v2\/types\/page"}],"author":[{"embeddable":true,"href":"https:\/\/pre.andbank.com\/andorra\/fr\/wp-json\/wp\/v2\/users\/1"}],"replies":[{"embeddable":true,"href":"https:\/\/pre.andbank.com\/andorra\/fr\/wp-json\/wp\/v2\/comments?post=3678"}],"version-history":[{"count":0,"href":"https:\/\/pre.andbank.com\/andorra\/fr\/wp-json\/wp\/v2\/pages\/3678\/revisions"}],"up":[{"embeddable":true,"href":"https:\/\/pre.andbank.com\/andorra\/fr\/wp-json\/wp\/v2\/pages\/2432"}],"wp:featuredmedia":[{"embeddable":true,"href":"https:\/\/pre.andbank.com\/andorra\/fr\/wp-json\/wp\/v2\/media\/5479"}],"wp:attachment":[{"href":"https:\/\/pre.andbank.com\/andorra\/fr\/wp-json\/wp\/v2\/media?parent=3678"}],"wp:term":[{"taxonomy":"yst_prominent_words","embeddable":true,"href":"https:\/\/pre.andbank.com\/andorra\/fr\/wp-json\/wp\/v2\/yst_prominent_words?post=3678"}],"curies":[{"name":"wp","href":"https:\/\/api.w.org\/{rel}","templated":true}]}}