{"id":2462,"date":"2017-04-20T11:01:33","date_gmt":"2017-04-20T09:01:33","guid":{"rendered":"https:\/\/www.andbank.com\/andorra\/qui-sommes-nous\/banque-a-distance\/banc-mail\/"},"modified":"2019-11-19T13:46:23","modified_gmt":"2019-11-19T11:46:23","slug":"banc-mail","status":"publish","type":"page","link":"https:\/\/pre.andbank.com\/andorra\/fr\/qui-sommes-nous\/banque-a-distance\/banc-mail\/","title":{"rendered":"Banc mail"},"content":{"rendered":"<p><em>Pourquoi attendre d&rsquo;avoir la correspondance sur papier alors que vous pouvez la recevoir en quelques heures sur votre courriel\u00a0?<\/em><\/p>\n<p><strong>Le syst\u00e8me le plus pratique pour recevoir votre correspondance bancaire. Un syst\u00e8me de correspondance num\u00e9rique qui vous parviendra directement sur votre courriel.<\/strong><\/p>\n<h2>Agilit\u00e9 :<\/h2>\n<p>\u00c0 chaque mouvement de votre compte (virement, paiement de re\u00e7us, encaissement de salaire, paiement de carte, etc.), vous recevrez le jour suivant le document par courriel<\/p>\n<h2>Facilit\u00e9 :<\/h2>\n<p>Pour vous inscrire, il vous suffira de vous rendre dans l\u2019une des succursales d\u2019Andbank ou d\u2019entrer dans le service e-andbank.<\/p>\n<h2>S\u00e9curit\u00e9<\/h2>\n<p>Ce syst\u00e8me innovateur b\u00e9n\u00e9ficie de la plus grande s\u00e9curit\u00e9 op\u00e9rationnelle et d&rsquo;une garantie optimale de confidentialit\u00e9 gr\u00e2ce \u00e0 nos syst\u00e8mes technologiques.<\/p>\n<h2>Pratique\u00a0:<\/h2>\n<p>Vous pourrez \u00e9liminer les documents qui ne vous int\u00e9ressent pas ou classer les plus importants.<\/p>\n<h2>\u00c9cologique:<\/h2>\n<p>Avec ce nouveau service, Andbank poursuit sa politique environnementale et d\u2019engagement en faveur de l&rsquo;environnement en appliquant la r\u00e9duction et l&rsquo;\u00e9conomie de papier.<\/p>\n","protected":false},"excerpt":{"rendered":"<p>Votre correspondance instantan\u00e9ment.<\/p>\n","protected":false},"author":1,"featured_media":1806,"parent":2458,"menu_order":57,"comment_status":"closed","ping_status":"closed","template":"template-detail.php","meta":{"footnotes":""},"yst_prominent_words":[],"class_list":["post-2462","page","type-page","status-publish","has-post-thumbnail","hentry"],"acf":[],"_links":{"self":[{"href":"https:\/\/pre.andbank.com\/andorra\/fr\/wp-json\/wp\/v2\/pages\/2462"}],"collection":[{"href":"https:\/\/pre.andbank.com\/andorra\/fr\/wp-json\/wp\/v2\/pages"}],"about":[{"href":"https:\/\/pre.andbank.com\/andorra\/fr\/wp-json\/wp\/v2\/types\/page"}],"author":[{"embeddable":true,"href":"https:\/\/pre.andbank.com\/andorra\/fr\/wp-json\/wp\/v2\/users\/1"}],"replies":[{"embeddable":true,"href":"https:\/\/pre.andbank.com\/andorra\/fr\/wp-json\/wp\/v2\/comments?post=2462"}],"version-history":[{"count":0,"href":"https:\/\/pre.andbank.com\/andorra\/fr\/wp-json\/wp\/v2\/pages\/2462\/revisions"}],"up":[{"embeddable":true,"href":"https:\/\/pre.andbank.com\/andorra\/fr\/wp-json\/wp\/v2\/pages\/2458"}],"wp:featuredmedia":[{"embeddable":true,"href":"https:\/\/pre.andbank.com\/andorra\/fr\/wp-json\/wp\/v2\/media\/1806"}],"wp:attachment":[{"href":"https:\/\/pre.andbank.com\/andorra\/fr\/wp-json\/wp\/v2\/media?parent=2462"}],"wp:term":[{"taxonomy":"yst_prominent_words","embeddable":true,"href":"https:\/\/pre.andbank.com\/andorra\/fr\/wp-json\/wp\/v2\/yst_prominent_words?post=2462"}],"curies":[{"name":"wp","href":"https:\/\/api.w.org\/{rel}","templated":true}]}}