{"id":2461,"date":"2017-04-20T11:01:26","date_gmt":"2017-04-20T09:01:26","guid":{"rendered":"https:\/\/www.andbank.com\/andorra\/qui-sommes-nous\/banque-a-distance\/dial-andbank\/"},"modified":"2023-06-21T20:16:28","modified_gmt":"2023-06-21T18:16:28","slug":"dial-andbank","status":"publish","type":"page","link":"https:\/\/pre.andbank.com\/andorra\/fr\/qui-sommes-nous\/banque-a-distance\/dial-andbank\/","title":{"rendered":"Dial Andbank"},"content":{"rendered":"<p><strong>Avec la r\u00e9ponse la plus directe, toutes les op\u00e9rations financi\u00e8res avec le service le plus personnel.<\/strong><\/p>\n<ol>\n<li>Du lundi au vendredi\u00a0de 8\u00a0h\u00a045 \u00e0 18\u00a0h.<\/li>\n<li>Gestion de comptes\u00a0: virements, transferts, consultations, etc.<\/li>\n<li>Consultation de pr\u00eats et cr\u00e9dits.<\/li>\n<li>Placements\u00a0: informations relatives aux march\u00e9s. (indices, devises, valeurs\u2026)<\/li>\n<li>Cartes\u00a0: consultation des op\u00e9rations et demandes de relev\u00e9s.<\/li>\n<li>Op\u00e9rations d\u2019achat et vente de valeurs et produits de placement.<\/li>\n<li>Pr\u00e9l\u00e8vements domicili\u00e9s.<\/li>\n<\/ol>\n<h1>T\u00e9l\u00e9phone andbank : +376 873 300<\/h1>\n","protected":false},"excerpt":{"rendered":"<p>Sur simple appel, disposez d\u2019une \u00e9quipe d\u2019experts gestionnaires qui sont \u00e0 votre disposition par t\u00e9l\u00e9phone<\/p>\n","protected":false},"author":18,"featured_media":1800,"parent":2458,"menu_order":49,"comment_status":"closed","ping_status":"closed","template":"template-detail.php","meta":{"footnotes":""},"yst_prominent_words":[769,5532,631,361,5230,632],"class_list":["post-2461","page","type-page","status-publish","has-post-thumbnail","hentry"],"acf":[],"_links":{"self":[{"href":"https:\/\/pre.andbank.com\/andorra\/fr\/wp-json\/wp\/v2\/pages\/2461"}],"collection":[{"href":"https:\/\/pre.andbank.com\/andorra\/fr\/wp-json\/wp\/v2\/pages"}],"about":[{"href":"https:\/\/pre.andbank.com\/andorra\/fr\/wp-json\/wp\/v2\/types\/page"}],"author":[{"embeddable":true,"href":"https:\/\/pre.andbank.com\/andorra\/fr\/wp-json\/wp\/v2\/users\/18"}],"replies":[{"embeddable":true,"href":"https:\/\/pre.andbank.com\/andorra\/fr\/wp-json\/wp\/v2\/comments?post=2461"}],"version-history":[{"count":1,"href":"https:\/\/pre.andbank.com\/andorra\/fr\/wp-json\/wp\/v2\/pages\/2461\/revisions"}],"predecessor-version":[{"id":25137,"href":"https:\/\/pre.andbank.com\/andorra\/fr\/wp-json\/wp\/v2\/pages\/2461\/revisions\/25137"}],"up":[{"embeddable":true,"href":"https:\/\/pre.andbank.com\/andorra\/fr\/wp-json\/wp\/v2\/pages\/2458"}],"wp:featuredmedia":[{"embeddable":true,"href":"https:\/\/pre.andbank.com\/andorra\/fr\/wp-json\/wp\/v2\/media\/1800"}],"wp:attachment":[{"href":"https:\/\/pre.andbank.com\/andorra\/fr\/wp-json\/wp\/v2\/media?parent=2461"}],"wp:term":[{"taxonomy":"yst_prominent_words","embeddable":true,"href":"https:\/\/pre.andbank.com\/andorra\/fr\/wp-json\/wp\/v2\/yst_prominent_words?post=2461"}],"curies":[{"name":"wp","href":"https:\/\/api.w.org\/{rel}","templated":true}]}}