{"id":2460,"date":"2017-04-20T10:58:19","date_gmt":"2017-04-20T08:58:19","guid":{"rendered":"https:\/\/www.andbank.com\/andorra\/qui-sommes-nous\/banque-a-distance\/e-andbank-entreprises\/"},"modified":"2023-06-21T20:13:55","modified_gmt":"2023-06-21T18:13:55","slug":"e-andbank-entreprises","status":"publish","type":"page","link":"https:\/\/pre.andbank.com\/andorra\/fr\/qui-sommes-nous\/banque-a-distance\/e-andbank-entreprises\/","title":{"rendered":"e-andbank entreprises"},"content":{"rendered":"<h2>La gestion de votre entreprise \u00e0 domicile<\/h2>\n<ol>\n<li>Pour effectuer imm\u00e9diatement des virements nationaux et internationaux, ainsi que le paiement de vos fiches de paie, g\u00e9n\u00e9ration d\u2019envois de fonds de portefeuille \u00e9lectronique et de re\u00e7us.<\/li>\n<li>T\u00e9l\u00e9charger quotidiennement dans les commerces les op\u00e9rations de cartes r\u00e9alis\u00e9es \u00e0 travers vos TPV physiques ou virtuels.<\/li>\n<li>T\u00e9l\u00e9charger quotidiennement des fichiers de relev\u00e9s de compte afin de les int\u00e9grer dans les processus de rapprochement comptable.<\/li>\n<li>D\u00e9terminer quel mandataire de l&rsquo;entreprise signera \u00e9lectroniquement, avec la fonctionnalit\u00e9 de la signature \u00e9lectronique, pour que les fichiers arrivent \u00e0 la banque.<\/li>\n<li>Vous pourrez effectuer les paiements des contributions \u00e0 la CASS.<\/li>\n<li>Int\u00e9grer Andbank entreprises \u00e0 votre soci\u00e9t\u00e9 est tr\u00e8s simple et sans frais<\/li>\n<\/ol>\n<p>Pour plus d&rsquo;informations, veuillez nous contacter \u00e0 l&rsquo;un de nos bureaux Andbank, \u00e0 Dial-andbank, +376\u00a0873 300 ou par e-mail \u00e0 comunicacio@andbank.com.<\/p>\n","protected":false},"excerpt":{"rendered":"<p>Andbank entreprises vous permet un traitement massif des op\u00e9rations bancaires les plus courantes, de fa\u00e7on rapide et s\u00fbre :<\/p>\n","protected":false},"author":18,"featured_media":1794,"parent":2458,"menu_order":41,"comment_status":"closed","ping_status":"closed","template":"template-detail.php","meta":{"footnotes":""},"yst_prominent_words":[107,1742,756,5550,5551,631,5554,5555,724,753,5553,5552,5547,3253,754],"class_list":["post-2460","page","type-page","status-publish","has-post-thumbnail","hentry"],"acf":[],"_links":{"self":[{"href":"https:\/\/pre.andbank.com\/andorra\/fr\/wp-json\/wp\/v2\/pages\/2460"}],"collection":[{"href":"https:\/\/pre.andbank.com\/andorra\/fr\/wp-json\/wp\/v2\/pages"}],"about":[{"href":"https:\/\/pre.andbank.com\/andorra\/fr\/wp-json\/wp\/v2\/types\/page"}],"author":[{"embeddable":true,"href":"https:\/\/pre.andbank.com\/andorra\/fr\/wp-json\/wp\/v2\/users\/18"}],"replies":[{"embeddable":true,"href":"https:\/\/pre.andbank.com\/andorra\/fr\/wp-json\/wp\/v2\/comments?post=2460"}],"version-history":[{"count":1,"href":"https:\/\/pre.andbank.com\/andorra\/fr\/wp-json\/wp\/v2\/pages\/2460\/revisions"}],"predecessor-version":[{"id":25133,"href":"https:\/\/pre.andbank.com\/andorra\/fr\/wp-json\/wp\/v2\/pages\/2460\/revisions\/25133"}],"up":[{"embeddable":true,"href":"https:\/\/pre.andbank.com\/andorra\/fr\/wp-json\/wp\/v2\/pages\/2458"}],"wp:featuredmedia":[{"embeddable":true,"href":"https:\/\/pre.andbank.com\/andorra\/fr\/wp-json\/wp\/v2\/media\/1794"}],"wp:attachment":[{"href":"https:\/\/pre.andbank.com\/andorra\/fr\/wp-json\/wp\/v2\/media?parent=2460"}],"wp:term":[{"taxonomy":"yst_prominent_words","embeddable":true,"href":"https:\/\/pre.andbank.com\/andorra\/fr\/wp-json\/wp\/v2\/yst_prominent_words?post=2460"}],"curies":[{"name":"wp","href":"https:\/\/api.w.org\/{rel}","templated":true}]}}