{"id":2459,"date":"2017-04-20T10:56:16","date_gmt":"2017-04-20T08:56:16","guid":{"rendered":"https:\/\/www.andbank.com\/andorra\/qui-sommes-nous\/banque-a-distance\/e-andbank\/"},"modified":"2023-03-22T23:44:55","modified_gmt":"2023-03-22T21:44:55","slug":"nouvelle-home-banking","status":"publish","type":"page","link":"https:\/\/pre.andbank.com\/andorra\/fr\/qui-sommes-nous\/banque-a-distance\/nouvelle-home-banking\/","title":{"rendered":"Home Banking"},"content":{"rendered":"<h3>Nous avons les services bancaires en ligne les plus intuitive, agiles et s\u00fbres. Vous profiterez des meilleures fonctionnalit\u00e9s, afin que vous puissiez travailler confortablement et disposer de toutes les informations dont vous avez besoin pour op\u00e9rer en toute libert\u00e9 et mobilit\u00e9. La plateforme est disponible en quatre langues pour vous faciliter les d\u00e9marches.<\/h3>\n<p>&nbsp;<\/p>\n<div class=\"row\" align=\"center\"><\/div>\n<div class=\"row\">\n<div class=\"col-xs-12 col-ms-8\">\n<h2>Gestion de votre compte personnel<\/h2>\n<h3 style=\"text-align: left\">Avec le Home Banking vous pouvez g\u00e9rer vos donn\u00e9es personnelles, acc\u00e9der \u00e0 vos documents et consulter votre correspondance.<\/h3>\n<\/div>\n<div class=\"col-xs-12 col-ms-4\"><img loading=\"lazy\" decoding=\"async\" class=\"wp-image-21791 aligncenter\" src=\"https:\/\/www.andbank.com\/andorra\/wp-content\/uploads\/sites\/10\/2017\/04\/p_3-fr.jpg\" alt=\"\" width=\"336\" height=\"336\"><\/div>\n<\/div>\n<div class=\"row\" align=\"center\"><\/div>\n<div class=\"row\">\n<div class=\"col-xs-12 col-ms-4\"><img loading=\"lazy\" decoding=\"async\" class=\"aligncenter size-full wp-image-8445\" src=\"https:\/\/www.andbank.com\/andorra\/wp-content\/uploads\/sites\/10\/2017\/04\/p_5-fr.jpg\" alt=\"\" width=\"336\" height=\"336\"><\/div>\n<div class=\"col-xs-12 col-ms-8\">\n<p>&nbsp;<\/p>\n<h2>Situation globale<\/h2>\n<h3>Visualisez rapidement votre situation globale, o\u00f9 vous verrez tous les produits disponibles. Vous pourrez consulter des informations sp\u00e9cifiques \u00e0 votre compte, et vous disposerez des informations \u00e9conomiques et des principales campagnes actives.<\/h3>\n<\/div>\n<\/div>\n<div class=\"row\" align=\"center\"><\/div>\n<div class=\"row\">\n<div class=\"col-xs-12 col-ms-8\">\n<p>&nbsp;<\/p>\n<h2>Virements<\/h2>\n<h3>Vous pouvez effectuer et g\u00e9rer des virements, entre vos comptes, et entre comptes nationaux et internationaux.<\/h3>\n<\/div>\n<div class=\"col-xs-12 col-ms-4\"><img loading=\"lazy\" decoding=\"async\" class=\"aligncenter size-full wp-image-8433\" src=\"https:\/\/www.andbank.com\/andorra\/wp-content\/uploads\/sites\/10\/2017\/04\/p_11-fr.jpg\" alt=\"\" width=\"336\" height=\"336\"><\/div>\n<\/div>\n<div class=\"row\" align=\"center\"><\/div>\n<div class=\"row\">\n<div class=\"col-xs-12 col-ms-4\"><img loading=\"lazy\" decoding=\"async\" class=\"aligncenter size-full wp-image-8445\" src=\"https:\/\/www.andbank.com\/andorra\/wp-content\/uploads\/sites\/10\/2017\/04\/p_7-fr.jpg\" alt=\"\" width=\"336\" height=\"336\"><\/div>\n<div class=\"col-xs-12 col-ms-8\">\n<p>&nbsp;<\/p>\n<h2>Cartes<\/h2>\n<h3>\u00c0 tout moment, vous pourrez suivre toutes les op\u00e9rations que vous effectuez avec toutes vos cartes et vous pourrez les d\u00e9bloquer ou les bloquer, si n\u00e9cessaire.<\/h3>\n<\/div>\n<\/div>\n<div class=\"row\" align=\"center\"><\/div>\n<div class=\"row\">\n<div class=\"col-xs-12 col-ms-8\">\n<p>&nbsp;<\/p>\n<h2>\u00c9pargne<\/h2>\n<h3>Vous pourrez consulter le d\u00e9compte des produits li\u00e9s \u00e0 l\u2019\u00e9pargne avec des informations sur le type, la devise de r\u00e9f\u00e9rence, le taux d\u2019int\u00e9r\u00eat, l\u2019\u00e9ch\u00e9ance, le volume et le montant total.<\/h3>\n<\/div>\n<div class=\"col-xs-12 col-ms-4\"><img loading=\"lazy\" decoding=\"async\" class=\"aligncenter size-full wp-image-8441\" src=\"https:\/\/www.andbank.com\/andorra\/wp-content\/uploads\/sites\/10\/2017\/04\/p_7-fr.jpg\" alt=\"\" width=\"336\" height=\"336\"><\/div>\n<\/div>\n<div class=\"row\" align=\"center\"><\/div>\n<div class=\"row\">\n<div class=\"col-xs-12 col-ms-4\"><img loading=\"lazy\" decoding=\"async\" class=\"aligncenter size-full wp-image-8445\" src=\"https:\/\/www.andbank.com\/andorra\/wp-content\/uploads\/sites\/10\/2017\/04\/p_21-fr.jpg\" alt=\"\" width=\"336\" height=\"336\"><\/div>\n<div class=\"col-xs-12 col-ms-8\">\n<p>&nbsp;<\/p>\n<h2>Achat et vente de titres et de fonds<\/h2>\n<h3>Cet outil vous permettra d\u2019investir plus facilement en ligne. Vous aurez un aper\u00e7u global de la cotisation des march\u00e9s. Vous pourrez aussi acc\u00e9der aux op\u00e9rations d\u2019achat et vente de titres dans votre portefeuille avec un seul clic.<\/h3>\n<h3>Pour y acc\u00e9der, vous n\u2019avez besoin que du m\u00eame identifiant que vous utilisiez dans la version ant\u00e9rieure. Si vous n\u2019avez pas d\u2019identifiant, contactez votre gestionnaire pour l\u2019activer.<\/h3>\n<\/div>\n<\/div>\n<p>&nbsp;<\/p>\n<div style=\"text-align: center\"><a class=\"main-button\" href=\"https:\/\/www.andbank.com\/andorra\/wp-content\/uploads\/sites\/10\/2017\/04\/Andbank-Llibret-Home-banking_A5_fr.pdf\" target=\"_blank\" rel=\"noopener\">PLUS D&rsquo;INFORMATIONS<\/a><\/div>\n<p>&nbsp;<\/p>\n<hr>\n","protected":false},"excerpt":{"rendered":"<p>Le futur, c\u2019est maintenant. Nous vous fournissons la meilleure technologie.<\/p>\n","protected":false},"author":28,"featured_media":21548,"parent":2458,"menu_order":33,"comment_status":"closed","ping_status":"closed","template":"template-detail.php","meta":{"footnotes":""},"yst_prominent_words":[769,6451,7708,7706,7701,6453,361,632,753,1668,7705,7700,7707,3253,754,4720,7709,1667,7704,4741],"class_list":["post-2459","page","type-page","status-publish","has-post-thumbnail","hentry"],"acf":[],"_links":{"self":[{"href":"https:\/\/pre.andbank.com\/andorra\/fr\/wp-json\/wp\/v2\/pages\/2459"}],"collection":[{"href":"https:\/\/pre.andbank.com\/andorra\/fr\/wp-json\/wp\/v2\/pages"}],"about":[{"href":"https:\/\/pre.andbank.com\/andorra\/fr\/wp-json\/wp\/v2\/types\/page"}],"author":[{"embeddable":true,"href":"https:\/\/pre.andbank.com\/andorra\/fr\/wp-json\/wp\/v2\/users\/28"}],"replies":[{"embeddable":true,"href":"https:\/\/pre.andbank.com\/andorra\/fr\/wp-json\/wp\/v2\/comments?post=2459"}],"version-history":[{"count":3,"href":"https:\/\/pre.andbank.com\/andorra\/fr\/wp-json\/wp\/v2\/pages\/2459\/revisions"}],"predecessor-version":[{"id":24964,"href":"https:\/\/pre.andbank.com\/andorra\/fr\/wp-json\/wp\/v2\/pages\/2459\/revisions\/24964"}],"up":[{"embeddable":true,"href":"https:\/\/pre.andbank.com\/andorra\/fr\/wp-json\/wp\/v2\/pages\/2458"}],"wp:featuredmedia":[{"embeddable":true,"href":"https:\/\/pre.andbank.com\/andorra\/fr\/wp-json\/wp\/v2\/media\/21548"}],"wp:attachment":[{"href":"https:\/\/pre.andbank.com\/andorra\/fr\/wp-json\/wp\/v2\/media?parent=2459"}],"wp:term":[{"taxonomy":"yst_prominent_words","embeddable":true,"href":"https:\/\/pre.andbank.com\/andorra\/fr\/wp-json\/wp\/v2\/yst_prominent_words?post=2459"}],"curies":[{"name":"wp","href":"https:\/\/api.w.org\/{rel}","templated":true}]}}