{"id":2457,"date":"2017-04-19T18:00:38","date_gmt":"2017-04-19T16:00:38","guid":{"rendered":"https:\/\/www.andbank.com\/andorra\/entreprises\/corporate-andbank\/"},"modified":"2019-11-06T18:12:53","modified_gmt":"2019-11-06T16:12:53","slug":"corporate-andbank","status":"publish","type":"page","link":"https:\/\/pre.andbank.com\/andorra\/fr\/entreprises\/corporate-andbank\/","title":{"rendered":"Corporate Andbank"},"content":{"rendered":"<h2>Notre service le plus personnalis\u00e9<\/h2>\n<p>Notre objectif est de fournir des conseils, des services et un soutien financier aux grandes entreprises et institutions andorranes et \u00e0 leurs dirigeants dans l\u2019exercice de leurs activit\u00e9s.<\/p>\n<p>Pour ce motif, chez Corporate\/Fiter, nous n&rsquo;avons pas de produits standardis\u00e9s, mais des solutions personnalis\u00e9es et des technologies de pointe que votre gestionnaire personnel se chargera de mettre en \u0153uvre pour vous, en suivant fid\u00e8lement vos d\u00e9sirs et vos besoins.<\/p>\n<ol>\n<li>Gestion int\u00e9grale de paiements.<\/li>\n<li>Moyens de paiement.<\/li>\n<li>Financement Promoteur et finances.<\/li>\n<li>Solutions de placement personnalis\u00e9es.<\/li>\n<li>Affaires internationales.<\/li>\n<li>Commerce \u00e9lectronique s\u00e9curis\u00e9.<\/li>\n<\/ol>\n","protected":false},"excerpt":{"rendered":"<p>Notre service le plus personnalis\u00e9 Notre objectif est de fournir des conseils, des services et un soutien financier aux grandes entreprises et institutions andorranes et \u00e0 leurs dirigeants dans l\u2019exercice de leurs activit\u00e9s. Pour ce motif, chez Corporate\/Fiter, nous n&rsquo;avons pas de produits standardis\u00e9s, mais des solutions personnalis\u00e9es et des technologies de pointe que votre [&hellip;]<\/p>\n","protected":false},"author":1,"featured_media":5682,"parent":2445,"menu_order":37,"comment_status":"closed","ping_status":"closed","template":"template-distributor.php","meta":{"footnotes":""},"yst_prominent_words":[756,631,1996,635,5371,753,5370,3253],"class_list":["post-2457","page","type-page","status-publish","has-post-thumbnail","hentry"],"acf":[],"_links":{"self":[{"href":"https:\/\/pre.andbank.com\/andorra\/fr\/wp-json\/wp\/v2\/pages\/2457"}],"collection":[{"href":"https:\/\/pre.andbank.com\/andorra\/fr\/wp-json\/wp\/v2\/pages"}],"about":[{"href":"https:\/\/pre.andbank.com\/andorra\/fr\/wp-json\/wp\/v2\/types\/page"}],"author":[{"embeddable":true,"href":"https:\/\/pre.andbank.com\/andorra\/fr\/wp-json\/wp\/v2\/users\/1"}],"replies":[{"embeddable":true,"href":"https:\/\/pre.andbank.com\/andorra\/fr\/wp-json\/wp\/v2\/comments?post=2457"}],"version-history":[{"count":0,"href":"https:\/\/pre.andbank.com\/andorra\/fr\/wp-json\/wp\/v2\/pages\/2457\/revisions"}],"up":[{"embeddable":true,"href":"https:\/\/pre.andbank.com\/andorra\/fr\/wp-json\/wp\/v2\/pages\/2445"}],"wp:featuredmedia":[{"embeddable":true,"href":"https:\/\/pre.andbank.com\/andorra\/fr\/wp-json\/wp\/v2\/media\/5682"}],"wp:attachment":[{"href":"https:\/\/pre.andbank.com\/andorra\/fr\/wp-json\/wp\/v2\/media?parent=2457"}],"wp:term":[{"taxonomy":"yst_prominent_words","embeddable":true,"href":"https:\/\/pre.andbank.com\/andorra\/fr\/wp-json\/wp\/v2\/yst_prominent_words?post=2457"}],"curies":[{"name":"wp","href":"https:\/\/api.w.org\/{rel}","templated":true}]}}