{"id":2452,"date":"2017-04-19T17:57:40","date_gmt":"2017-04-19T15:57:40","guid":{"rendered":"https:\/\/www.andbank.com\/andorra\/entreprises\/financement\/remise-commerciale\/"},"modified":"2019-11-06T18:01:35","modified_gmt":"2019-11-06T16:01:35","slug":"remise-commerciale","status":"publish","type":"page","link":"https:\/\/pre.andbank.com\/andorra\/fr\/entreprises\/financement\/remise-commerciale\/","title":{"rendered":"Remise commerciale"},"content":{"rendered":"<p>Nous vous offrons des lignes personnalis\u00e9es de remise commerciale avec lesquelles vous b\u00e9n\u00e9ficierez de plusieurs avantages\u00a0:<\/p>\n<ol>\n<li><strong>\u00c9conomisez les d\u00e9marches administratives<\/strong> et les co\u00fbts, car vous pouvez effectuer vos d\u00e9marches sur support magn\u00e9tique.<\/li>\n<li><strong>Commodit\u00e9<\/strong>, car vous pouvez envoyer les donn\u00e9es depuis votre entreprise, sans n\u00e9cessit\u00e9 de d\u00e9placements<\/li>\n<\/ol>\n","protected":false},"excerpt":{"rendered":"<p>Si vous voulez obtenir un financement \u00e0 court terme, anticipez le montant des droits de recouvrement d\u00e9riv\u00e9s des propres op\u00e9rations de votre activit\u00e9 commerciale.<\/p>\n","protected":false},"author":1,"featured_media":1770,"parent":2450,"menu_order":69,"comment_status":"closed","ping_status":"closed","template":"template-detail.php","meta":{"footnotes":""},"yst_prominent_words":[5364,5362,5361,5363,5365,761,4741],"class_list":["post-2452","page","type-page","status-publish","has-post-thumbnail","hentry"],"acf":[],"_links":{"self":[{"href":"https:\/\/pre.andbank.com\/andorra\/fr\/wp-json\/wp\/v2\/pages\/2452"}],"collection":[{"href":"https:\/\/pre.andbank.com\/andorra\/fr\/wp-json\/wp\/v2\/pages"}],"about":[{"href":"https:\/\/pre.andbank.com\/andorra\/fr\/wp-json\/wp\/v2\/types\/page"}],"author":[{"embeddable":true,"href":"https:\/\/pre.andbank.com\/andorra\/fr\/wp-json\/wp\/v2\/users\/1"}],"replies":[{"embeddable":true,"href":"https:\/\/pre.andbank.com\/andorra\/fr\/wp-json\/wp\/v2\/comments?post=2452"}],"version-history":[{"count":0,"href":"https:\/\/pre.andbank.com\/andorra\/fr\/wp-json\/wp\/v2\/pages\/2452\/revisions"}],"up":[{"embeddable":true,"href":"https:\/\/pre.andbank.com\/andorra\/fr\/wp-json\/wp\/v2\/pages\/2450"}],"wp:featuredmedia":[{"embeddable":true,"href":"https:\/\/pre.andbank.com\/andorra\/fr\/wp-json\/wp\/v2\/media\/1770"}],"wp:attachment":[{"href":"https:\/\/pre.andbank.com\/andorra\/fr\/wp-json\/wp\/v2\/media?parent=2452"}],"wp:term":[{"taxonomy":"yst_prominent_words","embeddable":true,"href":"https:\/\/pre.andbank.com\/andorra\/fr\/wp-json\/wp\/v2\/yst_prominent_words?post=2452"}],"curies":[{"name":"wp","href":"https:\/\/api.w.org\/{rel}","templated":true}]}}