{"id":2449,"date":"2017-04-19T17:54:43","date_gmt":"2017-04-19T15:54:43","guid":{"rendered":"https:\/\/www.andbank.com\/andorra\/entreprises\/encaissements-et-paiements\/confirmez\/"},"modified":"2019-10-23T15:29:06","modified_gmt":"2019-10-23T13:29:06","slug":"confirmez","status":"publish","type":"page","link":"https:\/\/pre.andbank.com\/andorra\/fr\/entreprises\/encaissements-et-paiements\/confirmez\/","title":{"rendered":"Confirmez"},"content":{"rendered":"<p>Nous vous offrons les meilleurs avantages pour vous aider dans vos d\u00e9marches :<\/p>\n<h2>Plus de confort<\/h2>\n<ul>\n<li>\u00c9liminez les t\u00e2ches de gestion qui sont transf\u00e9r\u00e9es \u00e0 Andbank.<\/li>\n<li>Vous aurez une information d\u00e9taill\u00e9e de votre portefeuille confirm\u00e9e et la partie anticip\u00e9e pour vos fournisseurs.<\/li>\n<\/ul>\n<h2>Plus de facilit\u00e9<\/h2>\n<ul>\n<li>Vous pouvez choisir comment vous voulez payer vos fournisseurs.<\/li>\n<li>Vous pourrez effectuer le paiement \u00e0 des fournisseurs en bloc et recevoir un seul d\u00e9bit par \u00e9ch\u00e9ance.<\/li>\n<\/ul>\n<h2>Plus de s\u00e9curit\u00e9<\/h2>\n<ul>\n<li>Offrez \u00e0 vos fournisseurs la garantie absolue d&rsquo;encaisser leurs cr\u00e9ances.<\/li>\n<li>Vous \u00e9liminerez les \u00e9ventuels incidents dans les pr\u00e9l\u00e8vements domicili\u00e9s.<\/li>\n<li>Vous b\u00e9n\u00e9ficierez d&rsquo;un contr\u00f4le effectif des paiements aux fournisseurs.<\/li>\n<\/ul>\n<p><strong>Andbank vous offre un ensemble de produits et de services pour les op\u00e9rations de l&rsquo;entreprise afin de faciliter la gestion des paiements de la fa\u00e7on la plus facile et efficace.<\/strong><\/p>\n<p><strong>Payez dans le monde entier avec la solidit\u00e9 d&rsquo;une des banques les plus solvables au niveau international.<\/strong><\/p>\n<ol>\n<li>Service de gestion de cr\u00e9dits documentaires pour vos transactions internationales.<\/li>\n<li>Assurances de change et de taux si vous effectuez des op\u00e9rations en plusieurs devises.<\/li>\n<li>Garanties et cautions couvrant tout paiement.<\/li>\n<li>Ch\u00e8ques, billets \u00e0 ordre et effets pour les op\u00e9rations \u00e0 court terme, virements.<\/li>\n<li>Confirma, la gestion int\u00e9grale des paiements d\u2019Andbank.<\/li>\n<\/ol>\n","protected":false},"excerpt":{"rendered":"<p>Confirma est un service financier et administratif qui incorpore tous les aspects relatifs \u00e0 la gestion des paiements et recouvrements entre clients et fournisseurs, tout en apportant une r\u00e9elle valeur ajout\u00e9e pour tous les deux.<\/p>\n","protected":false},"author":1,"featured_media":1746,"parent":2446,"menu_order":85,"comment_status":"closed","ping_status":"closed","template":"template-detail.php","meta":{"footnotes":""},"yst_prominent_words":[107,1742,756,5195,631,5229,378,361,5230,4902,5203,632,753,5223,3253,5221,761],"class_list":["post-2449","page","type-page","status-publish","has-post-thumbnail","hentry"],"acf":[],"_links":{"self":[{"href":"https:\/\/pre.andbank.com\/andorra\/fr\/wp-json\/wp\/v2\/pages\/2449"}],"collection":[{"href":"https:\/\/pre.andbank.com\/andorra\/fr\/wp-json\/wp\/v2\/pages"}],"about":[{"href":"https:\/\/pre.andbank.com\/andorra\/fr\/wp-json\/wp\/v2\/types\/page"}],"author":[{"embeddable":true,"href":"https:\/\/pre.andbank.com\/andorra\/fr\/wp-json\/wp\/v2\/users\/1"}],"replies":[{"embeddable":true,"href":"https:\/\/pre.andbank.com\/andorra\/fr\/wp-json\/wp\/v2\/comments?post=2449"}],"version-history":[{"count":0,"href":"https:\/\/pre.andbank.com\/andorra\/fr\/wp-json\/wp\/v2\/pages\/2449\/revisions"}],"up":[{"embeddable":true,"href":"https:\/\/pre.andbank.com\/andorra\/fr\/wp-json\/wp\/v2\/pages\/2446"}],"wp:featuredmedia":[{"embeddable":true,"href":"https:\/\/pre.andbank.com\/andorra\/fr\/wp-json\/wp\/v2\/media\/1746"}],"wp:attachment":[{"href":"https:\/\/pre.andbank.com\/andorra\/fr\/wp-json\/wp\/v2\/media?parent=2449"}],"wp:term":[{"taxonomy":"yst_prominent_words","embeddable":true,"href":"https:\/\/pre.andbank.com\/andorra\/fr\/wp-json\/wp\/v2\/yst_prominent_words?post=2449"}],"curies":[{"name":"wp","href":"https:\/\/api.w.org\/{rel}","templated":true}]}}