{"id":2448,"date":"2017-04-19T17:54:38","date_gmt":"2017-04-19T15:54:38","guid":{"rendered":"https:\/\/www.andbank.com\/andorra\/entreprises\/encaissements-et-paiements\/prelevements-domicilies\/"},"modified":"2019-10-23T15:13:41","modified_gmt":"2019-10-23T13:13:41","slug":"prelevements-domicilies","status":"publish","type":"page","link":"https:\/\/pre.andbank.com\/andorra\/fr\/entreprises\/encaissements-et-paiements\/prelevements-domicilies\/","title":{"rendered":"Pr\u00e9l\u00e8vements domicili\u00e9s"},"content":{"rendered":"<h2>Quels sont ses avantages\u00a0?<\/h2>\n<ul>\n<li>R\u00e9duisez les co\u00fbts et les frais administratifs en transf\u00e9rant toute la gestion des paiements \u00e0 la banque, en simplifiant vos op\u00e9rations et en diminuant la bureaucratie.<\/li>\n<li>\u00c9vitez les erreurs en permettant la gestion int\u00e9grale des paiements.<\/li>\n<li>Vous pouvez r\u00e9voquer les ordres de paiement avant leur \u00e9ch\u00e9ance.<\/li>\n<\/ul>\n<p><strong>Profitez \u00e9galement des avantages que vous offre notre service de domiciliation de salaires par e-andbank entreprises.<\/strong><\/p>\n<ol>\n<li>Simplicit\u00e9 d&rsquo;utilisation de l&rsquo;application.<\/li>\n<li>La S\u00e9curit\u00e9 d&rsquo;utiliser nos syst\u00e8mes informatiques.<\/li>\n<li>Agilit\u00e9 et rapidit\u00e9 dans le recouvrement des salaires.<\/li>\n<li>\u00c9conomie de frais de d\u00e9placement en pouvant utiliser notre service o\u00f9 que vous vous trouviez.<\/li>\n<\/ol>\n","protected":false},"excerpt":{"rendered":"<p>Chez Andbank, nous vous offrons une gestion p\u00e9riodique gr\u00e2ce \u00e0 notre service de pr\u00e9l\u00e8vements domicili\u00e9s. Nous vous offrons un service facile et rapide pour traiter tous les paiements de votre entreprise,<\/p>\n","protected":false},"author":1,"featured_media":1740,"parent":2446,"menu_order":81,"comment_status":"closed","ping_status":"closed","template":"template-detail.php","meta":{"footnotes":""},"yst_prominent_words":[764,756,5195,631,4201,378,635,5199,5203,5206,4731,761],"class_list":["post-2448","page","type-page","status-publish","has-post-thumbnail","hentry"],"acf":[],"_links":{"self":[{"href":"https:\/\/pre.andbank.com\/andorra\/fr\/wp-json\/wp\/v2\/pages\/2448"}],"collection":[{"href":"https:\/\/pre.andbank.com\/andorra\/fr\/wp-json\/wp\/v2\/pages"}],"about":[{"href":"https:\/\/pre.andbank.com\/andorra\/fr\/wp-json\/wp\/v2\/types\/page"}],"author":[{"embeddable":true,"href":"https:\/\/pre.andbank.com\/andorra\/fr\/wp-json\/wp\/v2\/users\/1"}],"replies":[{"embeddable":true,"href":"https:\/\/pre.andbank.com\/andorra\/fr\/wp-json\/wp\/v2\/comments?post=2448"}],"version-history":[{"count":0,"href":"https:\/\/pre.andbank.com\/andorra\/fr\/wp-json\/wp\/v2\/pages\/2448\/revisions"}],"up":[{"embeddable":true,"href":"https:\/\/pre.andbank.com\/andorra\/fr\/wp-json\/wp\/v2\/pages\/2446"}],"wp:featuredmedia":[{"embeddable":true,"href":"https:\/\/pre.andbank.com\/andorra\/fr\/wp-json\/wp\/v2\/media\/1740"}],"wp:attachment":[{"href":"https:\/\/pre.andbank.com\/andorra\/fr\/wp-json\/wp\/v2\/media?parent=2448"}],"wp:term":[{"taxonomy":"yst_prominent_words","embeddable":true,"href":"https:\/\/pre.andbank.com\/andorra\/fr\/wp-json\/wp\/v2\/yst_prominent_words?post=2448"}],"curies":[{"name":"wp","href":"https:\/\/api.w.org\/{rel}","templated":true}]}}