{"id":2447,"date":"2017-04-19T17:54:32","date_gmt":"2017-04-19T15:54:32","guid":{"rendered":"https:\/\/www.andbank.com\/andorra\/entreprises\/encaissements-et-paiements\/achats-securises-tpv-virtuel\/"},"modified":"2019-10-23T13:10:52","modified_gmt":"2019-10-23T11:10:52","slug":"achats-securises-tpv-virtuel","status":"publish","type":"page","link":"https:\/\/pre.andbank.com\/andorra\/fr\/entreprises\/encaissements-et-paiements\/achats-securises-tpv-virtuel\/","title":{"rendered":"Achats s\u00e9curis\u00e9s &#8211; TPV virtuel"},"content":{"rendered":"<p>Pour nous adapter aux recommandations des organismes de paiement internationaux Visa, nous vous offrons le mod\u00e8le d\u2019achats s\u00e9curis\u00e9s par Internet Verified by Visa.<\/p>\n<ol>\n<li>Vous pouvez d\u00e9sormais adapter le nouveau syst\u00e8me de paiement s\u00e9curis\u00e9 par Internet \u00e0 votre TPV virtuel. Un nouveau mod\u00e8le de commerce \u00e9lectronique gratuit qui permet d&rsquo;effectuer des transactions de paiement s\u00e9curis\u00e9es.<\/li>\n<li>La s\u00e9curit\u00e9 et l&rsquo;int\u00e9grit\u00e9 du processus de paiement au moyen du serveur du TPV virtuel d&rsquo;Andbank sont assur\u00e9es par l&rsquo;authentification de toutes les parties qui interviennent.<\/li>\n<li>Souscrire au syst\u00e8me Verified by Visa est tr\u00e8s simple\u00a0: il suffit de passer par votre agence habituelle, o\u00f9 votre gestionnaire vous donnera les instructions n\u00e9cessaires, ainsi que le formulaire de souscription au service, que vous pouvez \u00e9galement remplir depuis cette page.<\/li>\n<\/ol>\n<p>Vous voulez en savoir plus sur le service le plus s\u00fbr pour vos achats en ligne\u00a0?\u00a0<a href=\"https:\/\/www.visaeurope.es\/confianza-visa\/compras-verified-by-visa\" target=\"_blank\" rel=\"noopener\">Visiter Verified By Visa<\/a><\/p>\n","protected":false},"excerpt":{"rendered":"<p>S\u00e9curit\u00e9 maximale lors des paiements<\/p>\n","protected":false},"author":1,"featured_media":1734,"parent":2446,"menu_order":73,"comment_status":"closed","ping_status":"closed","template":"template-detail.php","meta":{"footnotes":""},"yst_prominent_words":[5185,771,5077,5171,756,757,4737,361,5187,760,4902,753,5180,5176,5170,5169,1602,754,761,4741],"class_list":["post-2447","page","type-page","status-publish","has-post-thumbnail","hentry"],"acf":[],"_links":{"self":[{"href":"https:\/\/pre.andbank.com\/andorra\/fr\/wp-json\/wp\/v2\/pages\/2447"}],"collection":[{"href":"https:\/\/pre.andbank.com\/andorra\/fr\/wp-json\/wp\/v2\/pages"}],"about":[{"href":"https:\/\/pre.andbank.com\/andorra\/fr\/wp-json\/wp\/v2\/types\/page"}],"author":[{"embeddable":true,"href":"https:\/\/pre.andbank.com\/andorra\/fr\/wp-json\/wp\/v2\/users\/1"}],"replies":[{"embeddable":true,"href":"https:\/\/pre.andbank.com\/andorra\/fr\/wp-json\/wp\/v2\/comments?post=2447"}],"version-history":[{"count":0,"href":"https:\/\/pre.andbank.com\/andorra\/fr\/wp-json\/wp\/v2\/pages\/2447\/revisions"}],"up":[{"embeddable":true,"href":"https:\/\/pre.andbank.com\/andorra\/fr\/wp-json\/wp\/v2\/pages\/2446"}],"wp:featuredmedia":[{"embeddable":true,"href":"https:\/\/pre.andbank.com\/andorra\/fr\/wp-json\/wp\/v2\/media\/1734"}],"wp:attachment":[{"href":"https:\/\/pre.andbank.com\/andorra\/fr\/wp-json\/wp\/v2\/media?parent=2447"}],"wp:term":[{"taxonomy":"yst_prominent_words","embeddable":true,"href":"https:\/\/pre.andbank.com\/andorra\/fr\/wp-json\/wp\/v2\/yst_prominent_words?post=2447"}],"curies":[{"name":"wp","href":"https:\/\/api.w.org\/{rel}","templated":true}]}}