{"id":2440,"date":"2017-04-19T17:46:42","date_gmt":"2017-04-19T15:46:42","guid":{"rendered":"https:\/\/www.andbank.com\/andorra\/particuliers\/financement\/prets\/"},"modified":"2019-10-23T10:33:54","modified_gmt":"2019-10-23T08:33:54","slug":"prets","status":"publish","type":"page","link":"https:\/\/pre.andbank.com\/andorra\/fr\/particuliers\/financement\/prets\/","title":{"rendered":"Pr\u00eats"},"content":{"rendered":"<p>Chez Andbank, nous voulons vous aider \u00e0 r\u00e9aliser les projets de vos r\u00eaves. Pour cette raison, nous vous offrons les pr\u00eats les plus personnalis\u00e9s et flexibles.<\/p>\n<p><strong>Dites-nous combien vous voulez payer chaque mois et nous trouverons la formule qui s&rsquo;adapte le mieux \u00e0 vos besoins.<\/strong><\/p>\n","protected":false},"excerpt":{"rendered":"<p>Un r\u00eave, un projet, une voiture ? Chez Andbank, vous trouverez la solution du pr\u00eat qui s&rsquo;adapte le mieux \u00e0 votre situation.<\/p>\n","protected":false},"author":1,"featured_media":1698,"parent":2439,"menu_order":93,"comment_status":"closed","ping_status":"closed","template":"template-detail.php","meta":{"footnotes":""},"yst_prominent_words":[631,760,3253,761],"class_list":["post-2440","page","type-page","status-publish","has-post-thumbnail","hentry"],"acf":[],"_links":{"self":[{"href":"https:\/\/pre.andbank.com\/andorra\/fr\/wp-json\/wp\/v2\/pages\/2440"}],"collection":[{"href":"https:\/\/pre.andbank.com\/andorra\/fr\/wp-json\/wp\/v2\/pages"}],"about":[{"href":"https:\/\/pre.andbank.com\/andorra\/fr\/wp-json\/wp\/v2\/types\/page"}],"author":[{"embeddable":true,"href":"https:\/\/pre.andbank.com\/andorra\/fr\/wp-json\/wp\/v2\/users\/1"}],"replies":[{"embeddable":true,"href":"https:\/\/pre.andbank.com\/andorra\/fr\/wp-json\/wp\/v2\/comments?post=2440"}],"version-history":[{"count":0,"href":"https:\/\/pre.andbank.com\/andorra\/fr\/wp-json\/wp\/v2\/pages\/2440\/revisions"}],"up":[{"embeddable":true,"href":"https:\/\/pre.andbank.com\/andorra\/fr\/wp-json\/wp\/v2\/pages\/2439"}],"wp:featuredmedia":[{"embeddable":true,"href":"https:\/\/pre.andbank.com\/andorra\/fr\/wp-json\/wp\/v2\/media\/1698"}],"wp:attachment":[{"href":"https:\/\/pre.andbank.com\/andorra\/fr\/wp-json\/wp\/v2\/media?parent=2440"}],"wp:term":[{"taxonomy":"yst_prominent_words","embeddable":true,"href":"https:\/\/pre.andbank.com\/andorra\/fr\/wp-json\/wp\/v2\/yst_prominent_words?post=2440"}],"curies":[{"name":"wp","href":"https:\/\/api.w.org\/{rel}","templated":true}]}}