{"id":2438,"date":"2017-04-19T17:13:19","date_gmt":"2017-04-19T15:13:19","guid":{"rendered":"https:\/\/www.andbank.com\/andorra\/particuliers\/epargne-et-investissement\/placement\/"},"modified":"2023-06-21T19:57:50","modified_gmt":"2023-06-21T17:57:50","slug":"placement","status":"publish","type":"page","link":"https:\/\/pre.andbank.com\/andorra\/fr\/particuliers\/epargne-et-investissement\/placement\/","title":{"rendered":"Placement"},"content":{"rendered":"<h2>D\u00e9couvrez nos services d&rsquo;investissement<\/h2>\n<ul>\n<li>\u00a0Fonds de placement. Nous vous offrons un large \u00e9ventail de <a href=\"https:\/\/www.andbank.com\/andorra\/fr\/banque-privee\/nos-services\/instruments-de-placement\/nos-fonds\/\">fonds de placement<\/a> parmi lesquels choisir.<\/li>\n<li>Mandats de gestion.<\/li>\n<\/ul>\n<p>&nbsp;<\/p>\n<p>&nbsp;<\/p>\n<p>Pour plus d&rsquo;informations, veuillez consulter votre gestionnaire ou composer le num\u00e9ro de t\u00e9l\u00e9phone. <strong>+376 873 300<\/strong>, et nous r\u00e9pondrons \u00e0 toutes vos questions.<\/p>\n","protected":false},"excerpt":{"rendered":"<p>Andbank vous offre des solutions de placement adapt\u00e9es au profil de chacun de nos investisseurs.<\/p>\n","protected":false},"author":18,"featured_media":1677,"parent":2434,"menu_order":130,"comment_status":"closed","ping_status":"closed","template":"template-detail.php","meta":{"footnotes":""},"yst_prominent_words":[5100,5098,760,5102],"class_list":["post-2438","page","type-page","status-publish","has-post-thumbnail","hentry"],"acf":[],"_links":{"self":[{"href":"https:\/\/pre.andbank.com\/andorra\/fr\/wp-json\/wp\/v2\/pages\/2438"}],"collection":[{"href":"https:\/\/pre.andbank.com\/andorra\/fr\/wp-json\/wp\/v2\/pages"}],"about":[{"href":"https:\/\/pre.andbank.com\/andorra\/fr\/wp-json\/wp\/v2\/types\/page"}],"author":[{"embeddable":true,"href":"https:\/\/pre.andbank.com\/andorra\/fr\/wp-json\/wp\/v2\/users\/18"}],"replies":[{"embeddable":true,"href":"https:\/\/pre.andbank.com\/andorra\/fr\/wp-json\/wp\/v2\/comments?post=2438"}],"version-history":[{"count":1,"href":"https:\/\/pre.andbank.com\/andorra\/fr\/wp-json\/wp\/v2\/pages\/2438\/revisions"}],"predecessor-version":[{"id":25129,"href":"https:\/\/pre.andbank.com\/andorra\/fr\/wp-json\/wp\/v2\/pages\/2438\/revisions\/25129"}],"up":[{"embeddable":true,"href":"https:\/\/pre.andbank.com\/andorra\/fr\/wp-json\/wp\/v2\/pages\/2434"}],"wp:featuredmedia":[{"embeddable":true,"href":"https:\/\/pre.andbank.com\/andorra\/fr\/wp-json\/wp\/v2\/media\/1677"}],"wp:attachment":[{"href":"https:\/\/pre.andbank.com\/andorra\/fr\/wp-json\/wp\/v2\/media?parent=2438"}],"wp:term":[{"taxonomy":"yst_prominent_words","embeddable":true,"href":"https:\/\/pre.andbank.com\/andorra\/fr\/wp-json\/wp\/v2\/yst_prominent_words?post=2438"}],"curies":[{"name":"wp","href":"https:\/\/api.w.org\/{rel}","templated":true}]}}