{"id":2437,"date":"2017-04-19T17:13:13","date_gmt":"2017-04-19T15:13:13","guid":{"rendered":"https:\/\/www.andbank.com\/andorra\/particuliers\/epargne-et-investissement\/plans-de-pensions\/"},"modified":"2022-09-26T18:26:09","modified_gmt":"2022-09-26T16:26:09","slug":"plans-de-pensions","status":"publish","type":"page","link":"https:\/\/pre.andbank.com\/andorra\/fr\/particuliers\/epargne-et-investissement\/plans-de-pensions\/","title":{"rendered":"Plans d&rsquo;\u00c9pargne Retraite"},"content":{"rendered":"<h2>Avec notre Plan d&rsquo;\u00c9pargne Retraite, jamais le passage du temps ne sera si rentable<\/h2>\n<p>Andbank pr\u00e9sente le Plan de Retraites comme la meilleure alternative d\u2019\u00e9pargne \u00e0 long terme, au service du petit \u00e9pargnant.<\/p>\n<p>Nous mettons \u00e0 votre disposition la qualit\u00e9 de gestion maximale avec une rentabilit\u00e9 excellente.<\/p>\n<p>ANDBANK Moderate Allocation, avec un rendement annualis\u00e9 de 0,36 % \u00e0 3 ans.<\/p>\n<p>ANDBANK Balanced, avec un rendement annualis\u00e9 de 4,80 % \u00e0 3 ans.<\/p>\n<p>Rendements nets annualis\u00e9s (p\u00e9riode du 29\/03\/2016 au 29\/03\/2019). Source\u00a0: Andbank Asset Management Luxembourg<\/p>\n<p>Pour plus d&rsquo;informations,<a href=\"https:\/\/www.andbank.com\/andorra\/wp-content\/uploads\/sites\/10\/2022\/09\/DIPTIC-PLA-PENSIONS-2022-FR.pdf\" target=\"_blank\" rel=\"noopener\"> cliquez ici<\/a><\/p>\n<h6>La banque charg\u00e9e de la gestion ne donne aucune garantie quant \u00e0 la r\u00e9alisation des pr\u00e9dictions ou des faits contenus dans le pr\u00e9sent document, et avertit que les rendements obtenus dans le pass\u00e9 n\u2019impliquent nullement des rendements futurs. Ce document ne peut \u00eatre consid\u00e9r\u00e9, en aucun cas, comme une offre ou comme une proposition d\u2019achat et de vente des produits susceptibles d\u2019\u00eatre mentionn\u00e9s. Toute l\u2019information ici contenue, l\u2019est \u00e0 titre indicatif et ne saurait \u00eatre consid\u00e9r\u00e9e comme le seul facteur important de d\u00e9cision pour r\u00e9aliser un investissement d\u00e9termin\u00e9.<br \/>\nEn cons\u00e9quence, l\u2019investisseur est responsable de rechercher et d\u2019obtenir le conseil financier opportun dans le but d\u2019\u00e9valuer les risques, les co\u00fbts et autres caract\u00e9ristiques des investissements qu\u2019il souhaite mener \u00e0 terme. La banque d\u00e9cline express\u00e9ment toute responsabilit\u00e9 quant \u00e0 l\u2019exactitude ou \u00e0 la pertinence des \u00e9valuations ou des estimations des mod\u00e8les utilis\u00e9s pour les \u00e9valuations que contient ce document, ainsi qu\u2019\u00e0 d\u2019\u00e9ventuelles erreurs ou omissions susceptibles d\u2019\u00eatre commises dans leur \u00e9laboration. La banque se r\u00e9serve le droit de modifier, \u00e0 tout moment, totalement ou en partie, le contenu du pr\u00e9sent document.<br \/>\nAndbank est une marque d\u00e9pos\u00e9e d\u2019Andorra Banc Agr\u00edcol Reig,\u00a0SA.<\/h6>\n","protected":false},"excerpt":{"rendered":"<p>Nos bons r\u00e9sultats d\u2019aujourd&rsquo;hui, votre tranquillit\u00e9 de demain.<\/p>\n","protected":false},"author":18,"featured_media":11265,"parent":2434,"menu_order":126,"comment_status":"closed","ping_status":"closed","template":"template-detail.php","meta":{"footnotes":""},"yst_prominent_words":[4594,4593,4588,107,769,4589,4584,3256,777,727,756,757,631,2534,724,775,776,774,4591,778],"class_list":["post-2437","page","type-page","status-publish","has-post-thumbnail","hentry"],"acf":[],"_links":{"self":[{"href":"https:\/\/pre.andbank.com\/andorra\/fr\/wp-json\/wp\/v2\/pages\/2437"}],"collection":[{"href":"https:\/\/pre.andbank.com\/andorra\/fr\/wp-json\/wp\/v2\/pages"}],"about":[{"href":"https:\/\/pre.andbank.com\/andorra\/fr\/wp-json\/wp\/v2\/types\/page"}],"author":[{"embeddable":true,"href":"https:\/\/pre.andbank.com\/andorra\/fr\/wp-json\/wp\/v2\/users\/18"}],"replies":[{"embeddable":true,"href":"https:\/\/pre.andbank.com\/andorra\/fr\/wp-json\/wp\/v2\/comments?post=2437"}],"version-history":[{"count":1,"href":"https:\/\/pre.andbank.com\/andorra\/fr\/wp-json\/wp\/v2\/pages\/2437\/revisions"}],"predecessor-version":[{"id":24566,"href":"https:\/\/pre.andbank.com\/andorra\/fr\/wp-json\/wp\/v2\/pages\/2437\/revisions\/24566"}],"up":[{"embeddable":true,"href":"https:\/\/pre.andbank.com\/andorra\/fr\/wp-json\/wp\/v2\/pages\/2434"}],"wp:featuredmedia":[{"embeddable":true,"href":"https:\/\/pre.andbank.com\/andorra\/fr\/wp-json\/wp\/v2\/media\/11265"}],"wp:attachment":[{"href":"https:\/\/pre.andbank.com\/andorra\/fr\/wp-json\/wp\/v2\/media?parent=2437"}],"wp:term":[{"taxonomy":"yst_prominent_words","embeddable":true,"href":"https:\/\/pre.andbank.com\/andorra\/fr\/wp-json\/wp\/v2\/yst_prominent_words?post=2437"}],"curies":[{"name":"wp","href":"https:\/\/api.w.org\/{rel}","templated":true}]}}