{"id":2435,"date":"2017-04-19T17:13:01","date_gmt":"2017-04-19T15:13:01","guid":{"rendered":"https:\/\/www.andbank.com\/andorra\/particuliers\/epargne-et-investissement\/plan-depargne\/"},"modified":"2023-06-21T19:55:03","modified_gmt":"2023-06-21T17:55:03","slug":"plan-depargne","status":"publish","type":"page","link":"https:\/\/pre.andbank.com\/andorra\/fr\/particuliers\/epargne-et-investissement\/plan-depargne\/","title":{"rendered":"Plan d&rsquo;\u00e9pargne"},"content":{"rendered":"<ul>\n<li>Le plan d\u2019\u00e9pargne est sp\u00e9cialement con\u00e7u dans le but de cr\u00e9er un compl\u00e9ment \u00e0 la pension de retraite et\/ou d\u2019appuyer n\u2019importe quel autre projet de pr\u00e9voyance particuli\u00e8re.<\/li>\n<li>Le Plan Estalvi Garantit d\u2019Andbank a \u00e9t\u00e9 con\u00e7u comme l\u2019une des formules pour compl\u00e9ter la pension publique de retraite, ou comme moyen pour soutenir un projet personnel de votre avenir ou de celui de vos enfants.<\/li>\n<\/ul>\n<p><strong>Vous pouvez choisir le montant de vos versements et la p\u00e9riodicit\u00e9.<\/strong><\/p>\n<p>&nbsp;<\/p>\n<p>Pour plus d&rsquo;informations, veuillez consulter votre gestionnaire ou composer le num\u00e9ro de t\u00e9l\u00e9phone. <strong>+376 873 300<\/strong>, et nous r\u00e9pondrons \u00e0 toutes vos questions.<\/p>\n","protected":false},"excerpt":{"rendered":"<p>Le Plan futuro est un plan d&rsquo;\u00e9pargne flexible \u00e0 la port\u00e9e de toutes les bourses.<\/p>\n","protected":false},"author":18,"featured_media":1659,"parent":2434,"menu_order":101,"comment_status":"closed","ping_status":"closed","template":"template-detail.php","meta":{"footnotes":""},"yst_prominent_words":[3256,3254,631,361,3252,724,3031,377,753,3255,752,3253,754],"class_list":["post-2435","page","type-page","status-publish","has-post-thumbnail","hentry"],"acf":[],"_links":{"self":[{"href":"https:\/\/pre.andbank.com\/andorra\/fr\/wp-json\/wp\/v2\/pages\/2435"}],"collection":[{"href":"https:\/\/pre.andbank.com\/andorra\/fr\/wp-json\/wp\/v2\/pages"}],"about":[{"href":"https:\/\/pre.andbank.com\/andorra\/fr\/wp-json\/wp\/v2\/types\/page"}],"author":[{"embeddable":true,"href":"https:\/\/pre.andbank.com\/andorra\/fr\/wp-json\/wp\/v2\/users\/18"}],"replies":[{"embeddable":true,"href":"https:\/\/pre.andbank.com\/andorra\/fr\/wp-json\/wp\/v2\/comments?post=2435"}],"version-history":[{"count":1,"href":"https:\/\/pre.andbank.com\/andorra\/fr\/wp-json\/wp\/v2\/pages\/2435\/revisions"}],"predecessor-version":[{"id":25124,"href":"https:\/\/pre.andbank.com\/andorra\/fr\/wp-json\/wp\/v2\/pages\/2435\/revisions\/25124"}],"up":[{"embeddable":true,"href":"https:\/\/pre.andbank.com\/andorra\/fr\/wp-json\/wp\/v2\/pages\/2434"}],"wp:featuredmedia":[{"embeddable":true,"href":"https:\/\/pre.andbank.com\/andorra\/fr\/wp-json\/wp\/v2\/media\/1659"}],"wp:attachment":[{"href":"https:\/\/pre.andbank.com\/andorra\/fr\/wp-json\/wp\/v2\/media?parent=2435"}],"wp:term":[{"taxonomy":"yst_prominent_words","embeddable":true,"href":"https:\/\/pre.andbank.com\/andorra\/fr\/wp-json\/wp\/v2\/yst_prominent_words?post=2435"}],"curies":[{"name":"wp","href":"https:\/\/api.w.org\/{rel}","templated":true}]}}