{"id":2432,"date":"2017-04-19T17:03:28","date_gmt":"2017-04-19T15:03:28","guid":{"rendered":"https:\/\/www.andbank.com\/andorra\/particuliers\/comptes-et-cartes\/cartes\/cartes-de-credit\/"},"modified":"2019-09-26T17:03:23","modified_gmt":"2019-09-26T15:03:23","slug":"cartes-de-credit","status":"publish","type":"page","link":"https:\/\/pre.andbank.com\/andorra\/fr\/particuliers\/comptes-et-cartes\/cartes\/cartes-de-credit\/","title":{"rendered":"Cartes de cr\u00e9dit"},"content":{"rendered":"","protected":false},"excerpt":{"rendered":"<p>Avec les cartes Andbank, vous b\u00e9n\u00e9ficierez de remises sur vos d\u00e9penses habituelles lors de vos voyages ou s\u00e9jours en dehors d&rsquo;Andorre, vous payerez vos achats et services et disposerez d&rsquo;argent liquide de la mani\u00e8re la plus pratique et la plus s\u00fbre.<\/p>\n","protected":false},"author":1,"featured_media":22112,"parent":2430,"menu_order":113,"comment_status":"closed","ping_status":"closed","template":"template-distributor.php","meta":{"footnotes":""},"yst_prominent_words":[],"class_list":["post-2432","page","type-page","status-publish","has-post-thumbnail","hentry"],"acf":[],"_links":{"self":[{"href":"https:\/\/pre.andbank.com\/andorra\/fr\/wp-json\/wp\/v2\/pages\/2432"}],"collection":[{"href":"https:\/\/pre.andbank.com\/andorra\/fr\/wp-json\/wp\/v2\/pages"}],"about":[{"href":"https:\/\/pre.andbank.com\/andorra\/fr\/wp-json\/wp\/v2\/types\/page"}],"author":[{"embeddable":true,"href":"https:\/\/pre.andbank.com\/andorra\/fr\/wp-json\/wp\/v2\/users\/1"}],"replies":[{"embeddable":true,"href":"https:\/\/pre.andbank.com\/andorra\/fr\/wp-json\/wp\/v2\/comments?post=2432"}],"version-history":[{"count":0,"href":"https:\/\/pre.andbank.com\/andorra\/fr\/wp-json\/wp\/v2\/pages\/2432\/revisions"}],"up":[{"embeddable":true,"href":"https:\/\/pre.andbank.com\/andorra\/fr\/wp-json\/wp\/v2\/pages\/2430"}],"wp:featuredmedia":[{"embeddable":true,"href":"https:\/\/pre.andbank.com\/andorra\/fr\/wp-json\/wp\/v2\/media\/22112"}],"wp:attachment":[{"href":"https:\/\/pre.andbank.com\/andorra\/fr\/wp-json\/wp\/v2\/media?parent=2432"}],"wp:term":[{"taxonomy":"yst_prominent_words","embeddable":true,"href":"https:\/\/pre.andbank.com\/andorra\/fr\/wp-json\/wp\/v2\/yst_prominent_words?post=2432"}],"curies":[{"name":"wp","href":"https:\/\/api.w.org\/{rel}","templated":true}]}}