{"id":2431,"date":"2017-04-19T17:03:22","date_gmt":"2017-04-19T15:03:22","guid":{"rendered":"https:\/\/www.andbank.com\/andorra\/particuliers\/comptes-et-cartes\/cartes\/carte-de-debit\/"},"modified":"2023-11-10T14:16:21","modified_gmt":"2023-11-10T12:16:21","slug":"carte-de-debit","status":"publish","type":"page","link":"https:\/\/pre.andbank.com\/andorra\/fr\/particuliers\/comptes-et-cartes\/cartes\/carte-de-debit\/","title":{"rendered":"Carte de d\u00e9bit"},"content":{"rendered":"<p>La meilleure solution pour contr\u00f4ler votre compte, \u00e0 toute heure et en tout lieu<\/p>\n<h2>Avantages de la Visa D\u00e9bit<\/h2>\n<ul>\n<li><b>Tranquillit\u00e9 d&rsquo;esprit totale<\/b>. Vous pouvez contr\u00f4ler la facturation de votre achat \u00e0 tout moment car elle est instantan\u00e9e, l&rsquo;achat que vous effectuez sera port\u00e9 \u00e0 votre compte au moment o\u00f9 vous le faites.<\/li>\n<li><strong>S\u00e9curit\u00e9<\/strong>.<b> <\/b>S\u00e9curit\u00e9 maximale contre les utilisations frauduleuses gr\u00e2ce \u00e0 la technologie EMV (puce) et au contr\u00f4le m\u00e9thodique pour d\u00e9tecter les op\u00e9rations frauduleuses.<\/li>\n<li><strong>Assurance antifraude facultative. <\/strong>Vous pouvez b\u00e9n\u00e9ficier d&rsquo;une assurance antifraude de 9,75 \u20ac par an pour vous couvrir en cas de perte ou de vol de votre carte.<\/li>\n<li><b>Remises<\/b> dans les stations-service d&rsquo;Andorre du Groupe Artal, Cepsa et Elf, et leurs filiales.<\/li>\n<\/ul>\n<h2>Caract\u00e9ristiques<\/h2>\n<ul>\n<li>Syst\u00e8me de paiement <b><i>Sans contact<\/i><\/b> qui vous permet de payer de mani\u00e8re rapide, confortable et en toute s\u00e9curit\u00e9 en approchant simplement votre carte du terminal de paiement TPE.<\/li>\n<li><b>Achats en ligne s\u00e9curis\u00e9s <\/b> <i>Visa Secure<\/i>. Prot\u00e9gez votre carte Visa avec un code personnel pour vos achats sur internet. Le seul service qui garantit l&rsquo;authentification et l&rsquo;identification des utilisateurs des cartes et des commerces \u00e9lectroniques affili\u00e9s.<\/li>\n<li><b>Service d\u2019alerte par SMS<\/b>. Nous vous informerons par SMS des achats que vous effectuez avec votre carte chaque fois que vous effectuez une transaction sup\u00e9rieure \u00e0 50 \u20ac. Vous recevrez un sms sur votre t\u00e9l\u00e9phone portable qui vous informera du montant effectu\u00e9 et de l&rsquo;entreprise ou commerce o\u00f9 vous l&rsquo;avez effectu\u00e9.<\/li>\n<\/ul>\n<p>&nbsp;<\/p>\n<h6>Co\u00fbt de la prestation: 1,00 \u20ac par mois<\/h6>\n<h4>T\u00e9l. d\u2019urgence en cas de perte ou de vol :<\/h4>\n<p><a href=\"tel:+376739039\">+376 739 039<\/a><br \/>\n<a href=\"tel:+34913626200\">+34 913 62 62 00<\/a><br \/>\n<a href=\"tel:+18008472911\">+1 800 847 29 11 (EEUU)<\/a><\/p>\n<h6><strong>*Couvertures de l\u2019assurance antifraude.<\/strong><\/p>\n<p>&#8211; L\u2019assurance antifraude couvre la perte, le vol ou le cambriolage. Sont compris les achats r\u00e9gl\u00e9s avec la carte, les pr\u00e9l\u00e8vements en esp\u00e8ces dans des distributeurs automatiques, ainsi que les transactions effectu\u00e9es par Internet et par t\u00e9l\u00e9phone.<\/h6>\n<p>&#8211; La couverture de sinistres occasionn\u00e9s par ces cas garantit le versement d\u2019indemnisations allant jusqu\u2019aux montants suivants\u00a0:<\/p>\n<ul>\n<li>Carte Electron: 1500 euros par sinistre<\/li>\n<li>Carte Classic: 3000 euros par sinistre<\/li>\n<li>Carte Or: 6000 euros par sinistre<\/li>\n<li>Carte Platinum: 12\u00a0000 euros par sinistre<\/li>\n<\/ul>\n<p>&#8211; Jusqu\u2019\u00e0 72 heures avant le d\u00e9p\u00f4t de la plainte, qui doit avoir \u00e9t\u00e9 d\u00e9pos\u00e9e au cours des 45 derniers jours.<br \/>\n&#8211; L\u2019assurance est limit\u00e9e \u00e0 35 op\u00e9rations.<\/p>\n","protected":false},"excerpt":{"rendered":"<p>Disposez de votre compte \u00e0 tout moment. <\/p>\n","protected":false},"author":32,"featured_media":25362,"parent":2430,"menu_order":109,"comment_status":"closed","ping_status":"closed","template":"template-detail.php","meta":{"footnotes":""},"yst_prominent_words":[3427,1932,3456,1878,1872,756,631,5715,361,1879,4742,3453,1873,753,3454,754,1875,4720,3455,4741],"class_list":["post-2431","page","type-page","status-publish","has-post-thumbnail","hentry"],"acf":[],"_links":{"self":[{"href":"https:\/\/pre.andbank.com\/andorra\/fr\/wp-json\/wp\/v2\/pages\/2431"}],"collection":[{"href":"https:\/\/pre.andbank.com\/andorra\/fr\/wp-json\/wp\/v2\/pages"}],"about":[{"href":"https:\/\/pre.andbank.com\/andorra\/fr\/wp-json\/wp\/v2\/types\/page"}],"author":[{"embeddable":true,"href":"https:\/\/pre.andbank.com\/andorra\/fr\/wp-json\/wp\/v2\/users\/32"}],"replies":[{"embeddable":true,"href":"https:\/\/pre.andbank.com\/andorra\/fr\/wp-json\/wp\/v2\/comments?post=2431"}],"version-history":[{"count":2,"href":"https:\/\/pre.andbank.com\/andorra\/fr\/wp-json\/wp\/v2\/pages\/2431\/revisions"}],"predecessor-version":[{"id":25422,"href":"https:\/\/pre.andbank.com\/andorra\/fr\/wp-json\/wp\/v2\/pages\/2431\/revisions\/25422"}],"up":[{"embeddable":true,"href":"https:\/\/pre.andbank.com\/andorra\/fr\/wp-json\/wp\/v2\/pages\/2430"}],"wp:featuredmedia":[{"embeddable":true,"href":"https:\/\/pre.andbank.com\/andorra\/fr\/wp-json\/wp\/v2\/media\/25362"}],"wp:attachment":[{"href":"https:\/\/pre.andbank.com\/andorra\/fr\/wp-json\/wp\/v2\/media?parent=2431"}],"wp:term":[{"taxonomy":"yst_prominent_words","embeddable":true,"href":"https:\/\/pre.andbank.com\/andorra\/fr\/wp-json\/wp\/v2\/yst_prominent_words?post=2431"}],"curies":[{"name":"wp","href":"https:\/\/api.w.org\/{rel}","templated":true}]}}