{"id":2427,"date":"2017-04-19T16:57:27","date_gmt":"2017-04-19T14:57:27","guid":{"rendered":"https:\/\/www.andbank.com\/andorra\/particuliers\/comptes-et-cartes\/compte-courant\/"},"modified":"2023-06-21T19:51:19","modified_gmt":"2023-06-21T17:51:19","slug":"compte-courant","status":"publish","type":"page","link":"https:\/\/pre.andbank.com\/andorra\/fr\/particuliers\/comptes-et-cartes\/compte-courant\/","title":{"rendered":"Compte courant"},"content":{"rendered":"<h2>Votre compte bancaire quotidien<\/h2>\n<ul>\n<li>Nous vous simplifions les d\u00e9marches quotidiennes.<\/li>\n<li>G\u00e9rez votre compte en toute commodit\u00e9 et s\u00e9curit\u00e9 pour r\u00e9aliser et contr\u00f4ler vos transactions.<\/li>\n<\/ul>\n<p><strong>Nous vous offrons tous les services associ\u00e9s \u00e0 votre compte\u00a0:<\/strong><\/p>\n<ol>\n<li>Acc\u00e8s gratuit au service e-Andbank (Accessible 24 heures sur 24, en toute s\u00e9curit\u00e9 depuis n\u2019importe quel ordinateur ou dispositif mobile).<\/li>\n<li>Gr\u00e2ce \u00e0 notre service exclusif BancMail, vous recevrez les relev\u00e9s et les mouvements num\u00e9ris\u00e9s sur votre courriel.<\/li>\n<li>Une large gamme de cartes pour faire des achats partout dans le monde et une disponibilit\u00e9 d\u2019argent n\u2019importe quand et n\u2019importe o\u00f9.<\/li>\n<\/ol>\n<p>&nbsp;<\/p>\n<h5>Si vous souhaitez plus d&rsquo;informations, vous pouvez contacter l&rsquo;un de nos bureaux Andbank ou nous appeler au +376 873 300, et nous r\u00e9pondrons \u00e0 toutes vos questions.<\/h5>\n","protected":false},"excerpt":{"rendered":"<p>Tous les services sur votre compte courant.<\/p>\n","protected":false},"author":18,"featured_media":1599,"parent":2426,"menu_order":122,"comment_status":"closed","ping_status":"closed","template":"template-detail.php","meta":{"footnotes":""},"yst_prominent_words":[],"class_list":["post-2427","page","type-page","status-publish","has-post-thumbnail","hentry"],"acf":[],"_links":{"self":[{"href":"https:\/\/pre.andbank.com\/andorra\/fr\/wp-json\/wp\/v2\/pages\/2427"}],"collection":[{"href":"https:\/\/pre.andbank.com\/andorra\/fr\/wp-json\/wp\/v2\/pages"}],"about":[{"href":"https:\/\/pre.andbank.com\/andorra\/fr\/wp-json\/wp\/v2\/types\/page"}],"author":[{"embeddable":true,"href":"https:\/\/pre.andbank.com\/andorra\/fr\/wp-json\/wp\/v2\/users\/18"}],"replies":[{"embeddable":true,"href":"https:\/\/pre.andbank.com\/andorra\/fr\/wp-json\/wp\/v2\/comments?post=2427"}],"version-history":[{"count":1,"href":"https:\/\/pre.andbank.com\/andorra\/fr\/wp-json\/wp\/v2\/pages\/2427\/revisions"}],"predecessor-version":[{"id":25116,"href":"https:\/\/pre.andbank.com\/andorra\/fr\/wp-json\/wp\/v2\/pages\/2427\/revisions\/25116"}],"up":[{"embeddable":true,"href":"https:\/\/pre.andbank.com\/andorra\/fr\/wp-json\/wp\/v2\/pages\/2426"}],"wp:featuredmedia":[{"embeddable":true,"href":"https:\/\/pre.andbank.com\/andorra\/fr\/wp-json\/wp\/v2\/media\/1599"}],"wp:attachment":[{"href":"https:\/\/pre.andbank.com\/andorra\/fr\/wp-json\/wp\/v2\/media?parent=2427"}],"wp:term":[{"taxonomy":"yst_prominent_words","embeddable":true,"href":"https:\/\/pre.andbank.com\/andorra\/fr\/wp-json\/wp\/v2\/yst_prominent_words?post=2427"}],"curies":[{"name":"wp","href":"https:\/\/api.w.org\/{rel}","templated":true}]}}